{"id":1741,"date":"2016-10-12T16:52:54","date_gmt":"2016-10-12T16:52:54","guid":{"rendered":"https:\/\/coastalinns.com\/wordpress2\/?page_id=1741&#038;lang=fr"},"modified":"2025-03-07T12:40:48","modified_gmt":"2025-03-07T12:40:48","slug":"reservations","status":"publish","type":"page","link":"https:\/\/coastalinns.com\/fr\/reservations\/","title":{"rendered":"R\u00e9servations"},"content":{"rendered":"<div class=\"wpb-content-wrapper\"><p>[vc_row][vc_column][vc_column_text css=&#8221;&#8221;]<b><span style=\"color: #0060aa;\">La plupart des emplacements Coastal Inns offrent des r\u00e9servations en ligne en temps r\u00e9el *<span style=\"color: #000000;\"><i>Une fois votre r\u00e9servation compl\u00e9t\u00e9e, vous recevrez une confirmation par courriel. <\/i><\/span><\/span><\/b><span style=\"color: #0060aa;\"><span style=\"color: #000000;\"><i>Veuillez v\u00e9rifier les d\u00e9tails de la r\u00e9servation pour vous assurer qu&#8217;ils sont corrects. (Nous vous recommandons d&#8217;imprimer et de conserver le courriel de confirmation et de le pr\u00e9senter lors de votre arriv\u00e9e)<\/i><\/span><\/span><\/p>\n<ul>\n<li><a href=\"https:\/\/coastalinns.com\/coastal_booking\/coastalinns_mobile\/fr_step1.php\">R\u00e9servations pour Coastal Inn Moncton \/ Dieppe<\/a><\/li>\n<li><a href=\"https:\/\/reservation.asiwebres.com\/v5\/RoomAvailability.aspx?id=238f522180414afcb8043dee674662a4&amp;lang=en&amp;Curr=4\">R\u00e9servations pour Coastal Inn Sackville<\/a><\/li>\n<li><a title=\"\" href=\"https:\/\/reservation.asiwebres.com\/SearchAvailability.aspx?id=8a7c880e16494a6583c26779bb4517cb\"><span style=\"color: #3333ff;\">R\u00e9servations pour Coastal Inn Halifax<\/span><\/a><\/li>\n<li><a title=\"\" href=\"https:\/\/reservation.asiwebres.com\/v5\/RoomAvailability.aspx?id=25f838000b8c4edb92cc38603421b34d&amp;lang=en&amp;Curr=4\">R\u00e9servations pour Coastal Inn Digby<\/a><\/li>\n<li><a title=\"\" href=\"https:\/\/coastalinns.com\/wordpress2\/fr\/reservation-antigonish\/\">R\u00e9servations pour Coastal Inn Antigonish<\/a><\/li>\n<\/ul>\n<div><\/div>\n<p>[\/vc_column_text][\/vc_column][\/vc_row]<\/p>\n<\/div>","protected":false},"excerpt":{"rendered":"<p>[vc_row][vc_column][vc_column_text css=&#8221;&#8221;]La plupart des emplacements Coastal Inns offrent des r\u00e9servations en ligne en temps r\u00e9el *Une fois votre r\u00e9servation compl\u00e9t\u00e9e, vous recevrez une confirmation par courriel. Veuillez v\u00e9rifier les d\u00e9tails de la r\u00e9servation pour vous assurer qu&#8217;ils sont corrects. (Nous vous recommandons d&#8217;imprimer et de conserver le courriel de confirmation et de le pr\u00e9senter lors&hellip;<\/p>\n","protected":false},"author":1,"featured_media":0,"parent":0,"menu_order":0,"comment_status":"closed","ping_status":"closed","template":"","meta":{"_exactmetrics_skip_tracking":false,"_exactmetrics_sitenote_active":false,"_exactmetrics_sitenote_note":"","_exactmetrics_sitenote_category":0,"footnotes":""},"class_list":["post-1741","page","type-page","status-publish","hentry","description-off"],"yoast_head":"<!-- This site is optimized with the Yoast SEO plugin v27.0 - https:\/\/yoast.com\/product\/yoast-seo-wordpress\/ -->\n<title>R\u00e9servations - Coastal Inns Hotels and Motels<\/title>\n<meta name=\"robots\" content=\"index, follow, max-snippet:-1, max-image-preview:large, max-video-preview:-1\" \/>\n<link rel=\"canonical\" href=\"https:\/\/coastalinns.com\/fr\/reservations\/\" \/>\n<meta property=\"og:locale\" content=\"fr_FR\" \/>\n<meta property=\"og:type\" content=\"article\" \/>\n<meta property=\"og:title\" content=\"R\u00e9servations - Coastal Inns Hotels and Motels\" \/>\n<meta property=\"og:description\" content=\"[vc_row][vc_column][vc_column_text css=&#8221;&#8221;]La plupart des emplacements Coastal Inns offrent des r\u00e9servations en ligne en temps r\u00e9el *Une fois votre r\u00e9servation compl\u00e9t\u00e9e, vous recevrez une confirmation par courriel. Veuillez v\u00e9rifier les d\u00e9tails de la r\u00e9servation pour vous assurer qu&#8217;ils sont corrects. (Nous vous recommandons d&#8217;imprimer et de conserver le courriel de confirmation et de le pr\u00e9senter lors&hellip;\" \/>\n<meta property=\"og:url\" content=\"https:\/\/coastalinns.com\/fr\/reservations\/\" \/>\n<meta property=\"og:site_name\" content=\"Coastal Inns Hotels and Motels\" \/>\n<meta property=\"article:modified_time\" content=\"2025-03-07T12:40:48+00:00\" \/>\n<meta name=\"twitter:card\" content=\"summary_large_image\" \/>\n<meta name=\"twitter:label1\" content=\"Dur\u00e9e de lecture estim\u00e9e\" \/>\n\t<meta name=\"twitter:data1\" content=\"1 minute\" \/>\n<!-- \/ Yoast SEO plugin. -->","yoast_head_json":{"title":"R\u00e9servations - Coastal Inns Hotels and Motels","robots":{"index":"index","follow":"follow","max-snippet":"max-snippet:-1","max-image-preview":"max-image-preview:large","max-video-preview":"max-video-preview:-1"},"canonical":"https:\/\/coastalinns.com\/fr\/reservations\/","og_locale":"fr_FR","og_type":"article","og_title":"R\u00e9servations - Coastal Inns Hotels and Motels","og_description":"[vc_row][vc_column][vc_column_text css=&#8221;&#8221;]La plupart des emplacements Coastal Inns offrent des r\u00e9servations en ligne en temps r\u00e9el *Une fois votre r\u00e9servation compl\u00e9t\u00e9e, vous recevrez une confirmation par courriel. Veuillez v\u00e9rifier les d\u00e9tails de la r\u00e9servation pour vous assurer qu&#8217;ils sont corrects. (Nous vous recommandons d&#8217;imprimer et de conserver le courriel de confirmation et de le pr\u00e9senter lors&hellip;","og_url":"https:\/\/coastalinns.com\/fr\/reservations\/","og_site_name":"Coastal Inns Hotels and Motels","article_modified_time":"2025-03-07T12:40:48+00:00","twitter_card":"summary_large_image","twitter_misc":{"Dur\u00e9e de lecture estim\u00e9e":"1 minute"},"schema":{"@context":"https:\/\/schema.org","@graph":[{"@type":"WebPage","@id":"https:\/\/coastalinns.com\/fr\/reservations\/","url":"https:\/\/coastalinns.com\/fr\/reservations\/","name":"R\u00e9servations - Coastal Inns Hotels and Motels","isPartOf":{"@id":"https:\/\/coastalinns.com\/#website"},"datePublished":"2016-10-12T16:52:54+00:00","dateModified":"2025-03-07T12:40:48+00:00","breadcrumb":{"@id":"https:\/\/coastalinns.com\/fr\/reservations\/#breadcrumb"},"inLanguage":"fr-FR","potentialAction":[{"@type":"ReadAction","target":["https:\/\/coastalinns.com\/fr\/reservations\/"]}]},{"@type":"BreadcrumbList","@id":"https:\/\/coastalinns.com\/fr\/reservations\/#breadcrumb","itemListElement":[{"@type":"ListItem","position":1,"name":"Home","item":"https:\/\/coastalinns.com\/fr\/"},{"@type":"ListItem","position":2,"name":"R\u00e9servations"}]},{"@type":"WebSite","@id":"https:\/\/coastalinns.com\/#website","url":"https:\/\/coastalinns.com\/","name":"Coastal Inns Hotels and Motels","description":"Independent, locally owned hotel chain in Atlantic Canada","potentialAction":[{"@type":"SearchAction","target":{"@type":"EntryPoint","urlTemplate":"https:\/\/coastalinns.com\/?s={search_term_string}"},"query-input":{"@type":"PropertyValueSpecification","valueRequired":true,"valueName":"search_term_string"}}],"inLanguage":"fr-FR"}]}},"_links":{"self":[{"href":"https:\/\/coastalinns.com\/fr\/wp-json\/wp\/v2\/pages\/1741","targetHints":{"allow":["GET"]}}],"collection":[{"href":"https:\/\/coastalinns.com\/fr\/wp-json\/wp\/v2\/pages"}],"about":[{"href":"https:\/\/coastalinns.com\/fr\/wp-json\/wp\/v2\/types\/page"}],"author":[{"embeddable":true,"href":"https:\/\/coastalinns.com\/fr\/wp-json\/wp\/v2\/users\/1"}],"replies":[{"embeddable":true,"href":"https:\/\/coastalinns.com\/fr\/wp-json\/wp\/v2\/comments?post=1741"}],"version-history":[{"count":9,"href":"https:\/\/coastalinns.com\/fr\/wp-json\/wp\/v2\/pages\/1741\/revisions"}],"predecessor-version":[{"id":5225,"href":"https:\/\/coastalinns.com\/fr\/wp-json\/wp\/v2\/pages\/1741\/revisions\/5225"}],"wp:attachment":[{"href":"https:\/\/coastalinns.com\/fr\/wp-json\/wp\/v2\/media?parent=1741"}],"curies":[{"name":"wp","href":"https:\/\/api.w.org\/{rel}","templated":true}]}}