{"id":1721,"date":"2016-10-12T16:27:32","date_gmt":"2016-10-12T16:27:32","guid":{"rendered":"https:\/\/coastalinns.com\/wordpress2\/?page_id=1721&#038;lang=fr"},"modified":"2018-11-22T17:07:12","modified_gmt":"2018-11-22T17:07:12","slug":"accueil","status":"publish","type":"page","link":"https:\/\/coastalinns.com\/fr\/","title":{"rendered":"Accueil"},"content":{"rendered":"<div class=\"wpb-content-wrapper\"><p>[vc_row el_class=&#8221;mobile-content&#8221;][vc_column width=&#8221;1\/2&#8243;][vc_column_text]<\/p>\n<h2>Bienvenue aux Coastal Inns!<\/h2>\n<h3>Un s\u00e9jour comme &#8220;chez vous&#8221; quand vous \u00eates &#8220;chez nous&#8221;.<\/h3>\n<p>Les h\u00f4tels et motels &#8220;Coastal Inns&#8221; sont fiers d&#8217;offrir cette tradition dans la satisfaction des besoins des voyageurs et vacanciers. Nos emplacements pratiques, notre personnel serviable et notre service de qualit\u00e9 vous permettront de profiter de l&#8217;ensemble des Maritimes, que ce soit pour affaires ou pour le plaisir. En savoir plus des\u00a0&#8220;Coastal Inns&#8221;<\/p>\n<p><a href=\"https:\/\/coastalinns.com\/wordpress2\/fr\/recompenses-coastal-tresorerie\/\"><br \/>\n<img loading=\"lazy\" decoding=\"async\" class=\"alignleft wp-image-982\" src=\"http:\/\/coastalinns.com\/wordpress\/wp-content\/uploads\/2015\/10\/cclogo.jpg\" alt=\"cclogo\" width=\"209\" height=\"110\" srcset=\"https:\/\/coastalinns.com\/wordpress2\/wp-content\/uploads\/2015\/10\/cclogo.jpg 342w, https:\/\/coastalinns.com\/wordpress2\/wp-content\/uploads\/2015\/10\/cclogo-300x158.jpg 300w\" sizes=\"auto, (max-width: 209px) 100vw, 209px\" \/><\/a><\/p>\n<p>[\/vc_column_text][\/vc_column][vc_column width=&#8221;1\/2&#8243;][vc_column_text]<\/p>\n<p style=\"text-align: center;\"><iframe loading=\"lazy\" src=\"https:\/\/www.youtube.com\/embed\/Or_dYxs5WAw\" width=\"560\" height=\"315\" frameborder=\"0\" allowfullscreen=\"allowfullscreen\"><\/iframe><\/p>\n<p>[\/vc_column_text][\/vc_column][\/vc_row][vc_row][vc_column][vc_empty_space height=&#8221;20&#8243;]<style type=\"text\/css\" data-type=\"the7_shortcodes-inline-css\">.dt-shortcode-soc-icons.soc-icons-6d3d70cdad80c3022dac88b2b035272f a {\n  margin-right: 4px;\n}\n.dt-shortcode-soc-icons a.soc-icons-6d3d70cdad80c3022dac88b2b035272f {\n  margin-right: 4px;\n}\n.dt-shortcode-soc-icons a.soc-icons-6d3d70cdad80c3022dac88b2b035272f:last-child {\n  margin-right: 0;\n}\n.dt-shortcode-soc-icons a.soc-icons-6d3d70cdad80c3022dac88b2b035272f:before,\n.dt-shortcode-soc-icons a.soc-icons-6d3d70cdad80c3022dac88b2b035272f:after {\n  padding: inherit;\n}\n.dt-shortcode-soc-icons a.soc-icons-6d3d70cdad80c3022dac88b2b035272f.dt-icon-border-on:before {\n  border:  solid ;\n}\n.dt-shortcode-soc-icons a.soc-icons-6d3d70cdad80c3022dac88b2b035272f.dt-icon-hover-border-on:after {\n  border:  solid ;\n}<\/style><div class=\"dt-shortcode-soc-icons  soc-icons-6d3d70cdad80c3022dac88b2b035272f soc-icons-center \" ><style type=\"text\/css\" data-type=\"the7_shortcodes-inline-css\">.dt-shortcode-soc-icons a.single-soc-icon-568c8a797290b1f4779cb022f3e17c73 {\n  min-width: 52px;\n  min-height: 52px;\n  font-size: 32px;\n  border-radius: 100px;\n}\n.dt-shortcode-soc-icons a.single-soc-icon-568c8a797290b1f4779cb022f3e17c73:last-child {\n  margin-right: 0;\n}\n.dt-shortcode-soc-icons a.single-soc-icon-568c8a797290b1f4779cb022f3e17c73:before,\n.dt-shortcode-soc-icons a.single-soc-icon-568c8a797290b1f4779cb022f3e17c73:after {\n  min-width: 52px;\n  min-height: 52px;\n  padding: inherit;\n}\n#page .dt-shortcode-soc-icons a.single-soc-icon-568c8a797290b1f4779cb022f3e17c73.dt-icon-bg-on:before,\n#phantom .dt-shortcode-soc-icons a.single-soc-icon-568c8a797290b1f4779cb022f3e17c73.dt-icon-bg-on:before {\n  background: #011c6e;\n}\n.dt-shortcode-soc-icons a.single-soc-icon-568c8a797290b1f4779cb022f3e17c73.dt-icon-border-on:before {\n  border: 0px solid #ffffff;\n}\n.dt-shortcode-soc-icons a.single-soc-icon-568c8a797290b1f4779cb022f3e17c73.dt-icon-hover-border-on:after {\n  border: 0px solid ;\n}\n.dt-shortcode-soc-icons a.single-soc-icon-568c8a797290b1f4779cb022f3e17c73:hover {\n  font-size: 32px;\n}\n#page .dt-shortcode-soc-icons a.single-soc-icon-568c8a797290b1f4779cb022f3e17c73:hover .soc-font-icon,\n#phantom .dt-shortcode-soc-icons a.single-soc-icon-568c8a797290b1f4779cb022f3e17c73:hover .soc-font-icon,\n#page .dt-shortcode-soc-icons a.single-soc-icon-568c8a797290b1f4779cb022f3e17c73:hover .soc-icon,\n#phantom .dt-shortcode-soc-icons a.single-soc-icon-568c8a797290b1f4779cb022f3e17c73:hover .soc-icon {\n  color: #ffffff;\n  background: none;\n}\n#page .dt-shortcode-soc-icons a.single-soc-icon-568c8a797290b1f4779cb022f3e17c73:not(:hover) .soc-font-icon,\n#phantom .dt-shortcode-soc-icons a.single-soc-icon-568c8a797290b1f4779cb022f3e17c73:not(:hover) .soc-font-icon,\n#page .dt-shortcode-soc-icons a.single-soc-icon-568c8a797290b1f4779cb022f3e17c73:not(:hover) .soc-icon,\n#phantom .dt-shortcode-soc-icons a.single-soc-icon-568c8a797290b1f4779cb022f3e17c73:not(:hover) .soc-icon {\n  color: #ffffff;\n  background: none;\n}\n.dt-shortcode-soc-icons a.single-soc-icon-568c8a797290b1f4779cb022f3e17c73 .soc-font-icon,\n.dt-shortcode-soc-icons a.single-soc-icon-568c8a797290b1f4779cb022f3e17c73 .soc-icon {\n  font-size: 32px;\n}<\/style><a title=\"Email Us\" href=\"mailto:marketing@coastalinns.com _blank\" target=\"_blank\" class=\"mail single-soc-icon-568c8a797290b1f4779cb022f3e17c73 dt-icon-bg-on dt-icon-border-on dt-icon-hover-border-on dt-icon-hover-bg-on\"><i class=\"soc-icon soc-font-icon dt-icon-mail\"><\/i><span class=\"screen-reader-text\">Email Us<\/span><\/a><style type=\"text\/css\" data-type=\"the7_shortcodes-inline-css\">.dt-shortcode-soc-icons a.single-soc-icon-8f494eb73deff7d0a9038c3c544a881a {\n  min-width: 52px;\n  min-height: 52px;\n  font-size: 32px;\n  border-radius: 100px;\n}\n.dt-shortcode-soc-icons a.single-soc-icon-8f494eb73deff7d0a9038c3c544a881a:last-child {\n  margin-right: 0;\n}\n.dt-shortcode-soc-icons a.single-soc-icon-8f494eb73deff7d0a9038c3c544a881a:before,\n.dt-shortcode-soc-icons a.single-soc-icon-8f494eb73deff7d0a9038c3c544a881a:after {\n  min-width: 52px;\n  min-height: 52px;\n  padding: inherit;\n}\n#page .dt-shortcode-soc-icons a.single-soc-icon-8f494eb73deff7d0a9038c3c544a881a.dt-icon-bg-on:before,\n#phantom .dt-shortcode-soc-icons a.single-soc-icon-8f494eb73deff7d0a9038c3c544a881a.dt-icon-bg-on:before {\n  background: #011c6e;\n}\n.dt-shortcode-soc-icons a.single-soc-icon-8f494eb73deff7d0a9038c3c544a881a.dt-icon-border-on:before {\n  border: 0px solid #ffffff;\n}\n.dt-shortcode-soc-icons a.single-soc-icon-8f494eb73deff7d0a9038c3c544a881a.dt-icon-hover-border-on:after {\n  border: 0px solid ;\n}\n.dt-shortcode-soc-icons a.single-soc-icon-8f494eb73deff7d0a9038c3c544a881a:hover {\n  font-size: 32px;\n}\n#page .dt-shortcode-soc-icons a.single-soc-icon-8f494eb73deff7d0a9038c3c544a881a:hover .soc-font-icon,\n#phantom .dt-shortcode-soc-icons a.single-soc-icon-8f494eb73deff7d0a9038c3c544a881a:hover .soc-font-icon,\n#page .dt-shortcode-soc-icons a.single-soc-icon-8f494eb73deff7d0a9038c3c544a881a:hover .soc-icon,\n#phantom .dt-shortcode-soc-icons a.single-soc-icon-8f494eb73deff7d0a9038c3c544a881a:hover .soc-icon {\n  color: #ffffff;\n  background: none;\n}\n#page .dt-shortcode-soc-icons a.single-soc-icon-8f494eb73deff7d0a9038c3c544a881a:not(:hover) .soc-font-icon,\n#phantom .dt-shortcode-soc-icons a.single-soc-icon-8f494eb73deff7d0a9038c3c544a881a:not(:hover) .soc-font-icon,\n#page .dt-shortcode-soc-icons a.single-soc-icon-8f494eb73deff7d0a9038c3c544a881a:not(:hover) .soc-icon,\n#phantom .dt-shortcode-soc-icons a.single-soc-icon-8f494eb73deff7d0a9038c3c544a881a:not(:hover) .soc-icon {\n  color: #ffffff;\n  background: none;\n}\n.dt-shortcode-soc-icons a.single-soc-icon-8f494eb73deff7d0a9038c3c544a881a .soc-font-icon,\n.dt-shortcode-soc-icons a.single-soc-icon-8f494eb73deff7d0a9038c3c544a881a .soc-icon {\n  font-size: 32px;\n}<\/style><a title=\"Follow Us on Twitter\" href=\"https:\/\/twitter.com\/CoastalInns _blank\" target=\"_blank\" class=\"twitter single-soc-icon-8f494eb73deff7d0a9038c3c544a881a dt-icon-bg-on dt-icon-border-on dt-icon-hover-border-on dt-icon-hover-bg-on\"><i class=\"soc-icon soc-font-icon dt-icon-twitter\"><\/i><span class=\"screen-reader-text\">Follow Us on Twitter<\/span><\/a><style type=\"text\/css\" data-type=\"the7_shortcodes-inline-css\">.dt-shortcode-soc-icons a.single-soc-icon-92194edda406520cb611589401065aa1 {\n  min-width: 52px;\n  min-height: 52px;\n  font-size: 32px;\n  border-radius: 100px;\n}\n.dt-shortcode-soc-icons a.single-soc-icon-92194edda406520cb611589401065aa1:last-child {\n  margin-right: 0;\n}\n.dt-shortcode-soc-icons a.single-soc-icon-92194edda406520cb611589401065aa1:before,\n.dt-shortcode-soc-icons a.single-soc-icon-92194edda406520cb611589401065aa1:after {\n  min-width: 52px;\n  min-height: 52px;\n  padding: inherit;\n}\n#page .dt-shortcode-soc-icons a.single-soc-icon-92194edda406520cb611589401065aa1.dt-icon-bg-on:before,\n#phantom .dt-shortcode-soc-icons a.single-soc-icon-92194edda406520cb611589401065aa1.dt-icon-bg-on:before {\n  background: #011c6e;\n}\n.dt-shortcode-soc-icons a.single-soc-icon-92194edda406520cb611589401065aa1.dt-icon-border-on:before {\n  border: 0px solid #ffffff;\n}\n.dt-shortcode-soc-icons a.single-soc-icon-92194edda406520cb611589401065aa1.dt-icon-hover-border-on:after {\n  border: 0px solid ;\n}\n.dt-shortcode-soc-icons a.single-soc-icon-92194edda406520cb611589401065aa1:hover {\n  font-size: 32px;\n}\n#page .dt-shortcode-soc-icons a.single-soc-icon-92194edda406520cb611589401065aa1:hover .soc-font-icon,\n#phantom .dt-shortcode-soc-icons a.single-soc-icon-92194edda406520cb611589401065aa1:hover .soc-font-icon,\n#page .dt-shortcode-soc-icons a.single-soc-icon-92194edda406520cb611589401065aa1:hover .soc-icon,\n#phantom .dt-shortcode-soc-icons a.single-soc-icon-92194edda406520cb611589401065aa1:hover .soc-icon {\n  color: #ffffff;\n  background: none;\n}\n#page .dt-shortcode-soc-icons a.single-soc-icon-92194edda406520cb611589401065aa1:not(:hover) .soc-font-icon,\n#phantom .dt-shortcode-soc-icons a.single-soc-icon-92194edda406520cb611589401065aa1:not(:hover) .soc-font-icon,\n#page .dt-shortcode-soc-icons a.single-soc-icon-92194edda406520cb611589401065aa1:not(:hover) .soc-icon,\n#phantom .dt-shortcode-soc-icons a.single-soc-icon-92194edda406520cb611589401065aa1:not(:hover) .soc-icon {\n  color: #ffffff;\n  background: none;\n}\n.dt-shortcode-soc-icons a.single-soc-icon-92194edda406520cb611589401065aa1 .soc-font-icon,\n.dt-shortcode-soc-icons a.single-soc-icon-92194edda406520cb611589401065aa1 .soc-icon {\n  font-size: 32px;\n}<\/style><a title=\"Facebook\" href=\"https:\/\/www.facebook.com\/Coastalinns\/ _blank\" target=\"_blank\" class=\"twitter single-soc-icon-92194edda406520cb611589401065aa1 dt-icon-bg-on dt-icon-border-on dt-icon-hover-border-on dt-icon-hover-bg-on\"><i class=\"soc-icon soc-font-icon dt-icon-twitter\"><\/i><span class=\"screen-reader-text\">Facebook<\/span><\/a><\/div>[\/vc_column][\/vc_row]<\/p>\n<\/div>","protected":false},"excerpt":{"rendered":"<p>[vc_row el_class=&#8221;mobile-content&#8221;][vc_column width=&#8221;1\/2&#8243;][vc_column_text] Bienvenue aux Coastal Inns! Un s\u00e9jour comme &#8220;chez vous&#8221; quand vous \u00eates &#8220;chez nous&#8221;. Les h\u00f4tels et motels &#8220;Coastal Inns&#8221; sont fiers d&#8217;offrir cette tradition dans la satisfaction des besoins des voyageurs et vacanciers. Nos emplacements pratiques, notre personnel serviable et notre service de qualit\u00e9 vous permettront de profiter de l&#8217;ensemble des&hellip;<\/p>\n","protected":false},"author":1,"featured_media":0,"parent":0,"menu_order":0,"comment_status":"closed","ping_status":"open","template":"","meta":{"_exactmetrics_skip_tracking":false,"_exactmetrics_sitenote_active":false,"_exactmetrics_sitenote_note":"","_exactmetrics_sitenote_category":0,"footnotes":""},"class_list":["post-1721","page","type-page","status-publish","hentry","description-off"],"yoast_head":"<!-- This site is optimized with the Yoast SEO plugin v27.0 - https:\/\/yoast.com\/product\/yoast-seo-wordpress\/ -->\n<title>Accueil - Coastal Inns Hotels and Motels<\/title>\n<meta name=\"robots\" content=\"index, follow, max-snippet:-1, max-image-preview:large, max-video-preview:-1\" \/>\n<link rel=\"canonical\" href=\"https:\/\/coastalinns.com\/fr\/\" \/>\n<meta property=\"og:locale\" content=\"fr_FR\" \/>\n<meta property=\"og:type\" content=\"article\" \/>\n<meta property=\"og:title\" content=\"Accueil - Coastal Inns Hotels and Motels\" \/>\n<meta property=\"og:description\" content=\"[vc_row el_class=&#8221;mobile-content&#8221;][vc_column width=&#8221;1\/2&#8243;][vc_column_text] Bienvenue aux Coastal Inns! Un s\u00e9jour comme &#8220;chez vous&#8221; quand vous \u00eates &#8220;chez nous&#8221;. Les h\u00f4tels et motels &#8220;Coastal Inns&#8221; sont fiers d&#8217;offrir cette tradition dans la satisfaction des besoins des voyageurs et vacanciers. Nos emplacements pratiques, notre personnel serviable et notre service de qualit\u00e9 vous permettront de profiter de l&#8217;ensemble des&hellip;\" \/>\n<meta property=\"og:url\" content=\"https:\/\/coastalinns.com\/fr\/\" \/>\n<meta property=\"og:site_name\" content=\"Coastal Inns Hotels and Motels\" \/>\n<meta property=\"article:modified_time\" content=\"2018-11-22T17:07:12+00:00\" \/>\n<meta property=\"og:image\" content=\"http:\/\/coastalinns.com\/wordpress\/wp-content\/uploads\/2015\/10\/cclogo.jpg\" \/>\n<meta name=\"twitter:card\" content=\"summary_large_image\" \/>\n<meta name=\"twitter:label1\" content=\"Dur\u00e9e de lecture estim\u00e9e\" \/>\n\t<meta name=\"twitter:data1\" content=\"1 minute\" \/>\n<!-- \/ Yoast SEO plugin. -->","yoast_head_json":{"title":"Accueil - Coastal Inns Hotels and Motels","robots":{"index":"index","follow":"follow","max-snippet":"max-snippet:-1","max-image-preview":"max-image-preview:large","max-video-preview":"max-video-preview:-1"},"canonical":"https:\/\/coastalinns.com\/fr\/","og_locale":"fr_FR","og_type":"article","og_title":"Accueil - Coastal Inns Hotels and Motels","og_description":"[vc_row el_class=&#8221;mobile-content&#8221;][vc_column width=&#8221;1\/2&#8243;][vc_column_text] Bienvenue aux Coastal Inns! Un s\u00e9jour comme &#8220;chez vous&#8221; quand vous \u00eates &#8220;chez nous&#8221;. Les h\u00f4tels et motels &#8220;Coastal Inns&#8221; sont fiers d&#8217;offrir cette tradition dans la satisfaction des besoins des voyageurs et vacanciers. Nos emplacements pratiques, notre personnel serviable et notre service de qualit\u00e9 vous permettront de profiter de l&#8217;ensemble des&hellip;","og_url":"https:\/\/coastalinns.com\/fr\/","og_site_name":"Coastal Inns Hotels and Motels","article_modified_time":"2018-11-22T17:07:12+00:00","og_image":[{"url":"http:\/\/coastalinns.com\/wordpress\/wp-content\/uploads\/2015\/10\/cclogo.jpg","type":"","width":"","height":""}],"twitter_card":"summary_large_image","twitter_misc":{"Dur\u00e9e de lecture estim\u00e9e":"1 minute"},"schema":{"@context":"https:\/\/schema.org","@graph":[{"@type":"WebPage","@id":"https:\/\/coastalinns.com\/fr\/","url":"https:\/\/coastalinns.com\/fr\/","name":"Accueil - Coastal Inns Hotels and Motels","isPartOf":{"@id":"https:\/\/coastalinns.com\/#website"},"primaryImageOfPage":{"@id":"https:\/\/coastalinns.com\/fr\/#primaryimage"},"image":{"@id":"https:\/\/coastalinns.com\/fr\/#primaryimage"},"thumbnailUrl":"http:\/\/coastalinns.com\/wordpress\/wp-content\/uploads\/2015\/10\/cclogo.jpg","datePublished":"2016-10-12T16:27:32+00:00","dateModified":"2018-11-22T17:07:12+00:00","breadcrumb":{"@id":"https:\/\/coastalinns.com\/fr\/#breadcrumb"},"inLanguage":"fr-FR","potentialAction":[{"@type":"ReadAction","target":["https:\/\/coastalinns.com\/fr\/"]}]},{"@type":"ImageObject","inLanguage":"fr-FR","@id":"https:\/\/coastalinns.com\/fr\/#primaryimage","url":"http:\/\/coastalinns.com\/wordpress\/wp-content\/uploads\/2015\/10\/cclogo.jpg","contentUrl":"http:\/\/coastalinns.com\/wordpress\/wp-content\/uploads\/2015\/10\/cclogo.jpg"},{"@type":"BreadcrumbList","@id":"https:\/\/coastalinns.com\/fr\/#breadcrumb","itemListElement":[{"@type":"ListItem","position":1,"name":"Home","item":"https:\/\/coastalinns.com\/fr\/"},{"@type":"ListItem","position":2,"name":"Accueil"}]},{"@type":"WebSite","@id":"https:\/\/coastalinns.com\/#website","url":"https:\/\/coastalinns.com\/","name":"Coastal Inns Hotels and Motels","description":"Independent, locally owned hotel chain in Atlantic Canada","potentialAction":[{"@type":"SearchAction","target":{"@type":"EntryPoint","urlTemplate":"https:\/\/coastalinns.com\/?s={search_term_string}"},"query-input":{"@type":"PropertyValueSpecification","valueRequired":true,"valueName":"search_term_string"}}],"inLanguage":"fr-FR"}]}},"_links":{"self":[{"href":"https:\/\/coastalinns.com\/fr\/wp-json\/wp\/v2\/pages\/1721","targetHints":{"allow":["GET"]}}],"collection":[{"href":"https:\/\/coastalinns.com\/fr\/wp-json\/wp\/v2\/pages"}],"about":[{"href":"https:\/\/coastalinns.com\/fr\/wp-json\/wp\/v2\/types\/page"}],"author":[{"embeddable":true,"href":"https:\/\/coastalinns.com\/fr\/wp-json\/wp\/v2\/users\/1"}],"replies":[{"embeddable":true,"href":"https:\/\/coastalinns.com\/fr\/wp-json\/wp\/v2\/comments?post=1721"}],"version-history":[{"count":15,"href":"https:\/\/coastalinns.com\/fr\/wp-json\/wp\/v2\/pages\/1721\/revisions"}],"predecessor-version":[{"id":3155,"href":"https:\/\/coastalinns.com\/fr\/wp-json\/wp\/v2\/pages\/1721\/revisions\/3155"}],"wp:attachment":[{"href":"https:\/\/coastalinns.com\/fr\/wp-json\/wp\/v2\/media?parent=1721"}],"curies":[{"name":"wp","href":"https:\/\/api.w.org\/{rel}","templated":true}]}}