{"id":1719,"date":"2016-10-12T16:04:10","date_gmt":"2016-10-12T16:04:10","guid":{"rendered":"https:\/\/coastalinns.com\/wordpress2\/?page_id=1719&#038;lang=fr"},"modified":"2016-11-17T15:44:54","modified_gmt":"2016-11-17T15:44:54","slug":"merci-commentaire","status":"publish","type":"page","link":"https:\/\/coastalinns.com\/fr\/merci-commentaire\/","title":{"rendered":"Merci commentaire"},"content":{"rendered":"<h3>Merci d&#8217;avoir envoy\u00e9 votre fiche de commentaires<\/h3>\n<p>Nous, \u00e0 Coastal Inns, sommes toujours enthousiastes \u00e0 l&#8217;id\u00e9e de recevoir les commentaires de nos clients.<\/p>\n","protected":false},"excerpt":{"rendered":"<p>Merci d&#8217;avoir envoy\u00e9 votre fiche de commentaires Nous, \u00e0 Coastal Inns, sommes toujours enthousiastes \u00e0 l&#8217;id\u00e9e de recevoir les commentaires de nos clients.<\/p>\n","protected":false},"author":1,"featured_media":0,"parent":0,"menu_order":0,"comment_status":"closed","ping_status":"closed","template":"","meta":{"_exactmetrics_skip_tracking":false,"_exactmetrics_sitenote_active":false,"_exactmetrics_sitenote_note":"","_exactmetrics_sitenote_category":0,"footnotes":""},"class_list":["post-1719","page","type-page","status-publish","hentry","description-off"],"yoast_head":"<!-- This site is optimized with the Yoast SEO plugin v27.0 - https:\/\/yoast.com\/product\/yoast-seo-wordpress\/ -->\n<title>Merci commentaire - Coastal Inns Hotels and Motels<\/title>\n<meta name=\"robots\" content=\"index, follow, max-snippet:-1, max-image-preview:large, max-video-preview:-1\" \/>\n<link rel=\"canonical\" href=\"https:\/\/coastalinns.com\/fr\/merci-commentaire\/\" \/>\n<meta property=\"og:locale\" content=\"fr_FR\" \/>\n<meta property=\"og:type\" content=\"article\" \/>\n<meta property=\"og:title\" content=\"Merci commentaire - Coastal Inns Hotels and Motels\" \/>\n<meta property=\"og:description\" content=\"Merci d&#8217;avoir envoy\u00e9 votre fiche de commentaires Nous, \u00e0 Coastal Inns, sommes toujours enthousiastes \u00e0 l&#8217;id\u00e9e de recevoir les commentaires de nos clients.\" \/>\n<meta property=\"og:url\" content=\"https:\/\/coastalinns.com\/fr\/merci-commentaire\/\" \/>\n<meta property=\"og:site_name\" content=\"Coastal Inns Hotels and Motels\" \/>\n<meta property=\"article:modified_time\" content=\"2016-11-17T15:44:54+00:00\" \/>\n<meta name=\"twitter:card\" content=\"summary_large_image\" \/>\n<!-- \/ Yoast SEO plugin. -->","yoast_head_json":{"title":"Merci commentaire - Coastal Inns Hotels and Motels","robots":{"index":"index","follow":"follow","max-snippet":"max-snippet:-1","max-image-preview":"max-image-preview:large","max-video-preview":"max-video-preview:-1"},"canonical":"https:\/\/coastalinns.com\/fr\/merci-commentaire\/","og_locale":"fr_FR","og_type":"article","og_title":"Merci commentaire - Coastal Inns Hotels and Motels","og_description":"Merci d&#8217;avoir envoy\u00e9 votre fiche de commentaires Nous, \u00e0 Coastal Inns, sommes toujours enthousiastes \u00e0 l&#8217;id\u00e9e de recevoir les commentaires de nos clients.","og_url":"https:\/\/coastalinns.com\/fr\/merci-commentaire\/","og_site_name":"Coastal Inns Hotels and Motels","article_modified_time":"2016-11-17T15:44:54+00:00","twitter_card":"summary_large_image","schema":{"@context":"https:\/\/schema.org","@graph":[{"@type":"WebPage","@id":"https:\/\/coastalinns.com\/fr\/merci-commentaire\/","url":"https:\/\/coastalinns.com\/fr\/merci-commentaire\/","name":"Merci commentaire - Coastal Inns Hotels and Motels","isPartOf":{"@id":"https:\/\/coastalinns.com\/#website"},"datePublished":"2016-10-12T16:04:10+00:00","dateModified":"2016-11-17T15:44:54+00:00","breadcrumb":{"@id":"https:\/\/coastalinns.com\/fr\/merci-commentaire\/#breadcrumb"},"inLanguage":"fr-FR","potentialAction":[{"@type":"ReadAction","target":["https:\/\/coastalinns.com\/fr\/merci-commentaire\/"]}]},{"@type":"BreadcrumbList","@id":"https:\/\/coastalinns.com\/fr\/merci-commentaire\/#breadcrumb","itemListElement":[{"@type":"ListItem","position":1,"name":"Home","item":"https:\/\/coastalinns.com\/fr\/"},{"@type":"ListItem","position":2,"name":"Merci commentaire"}]},{"@type":"WebSite","@id":"https:\/\/coastalinns.com\/#website","url":"https:\/\/coastalinns.com\/","name":"Coastal Inns Hotels and Motels","description":"Independent, locally owned hotel chain in Atlantic Canada","potentialAction":[{"@type":"SearchAction","target":{"@type":"EntryPoint","urlTemplate":"https:\/\/coastalinns.com\/?s={search_term_string}"},"query-input":{"@type":"PropertyValueSpecification","valueRequired":true,"valueName":"search_term_string"}}],"inLanguage":"fr-FR"}]}},"_links":{"self":[{"href":"https:\/\/coastalinns.com\/fr\/wp-json\/wp\/v2\/pages\/1719","targetHints":{"allow":["GET"]}}],"collection":[{"href":"https:\/\/coastalinns.com\/fr\/wp-json\/wp\/v2\/pages"}],"about":[{"href":"https:\/\/coastalinns.com\/fr\/wp-json\/wp\/v2\/types\/page"}],"author":[{"embeddable":true,"href":"https:\/\/coastalinns.com\/fr\/wp-json\/wp\/v2\/users\/1"}],"replies":[{"embeddable":true,"href":"https:\/\/coastalinns.com\/fr\/wp-json\/wp\/v2\/comments?post=1719"}],"version-history":[{"count":2,"href":"https:\/\/coastalinns.com\/fr\/wp-json\/wp\/v2\/pages\/1719\/revisions"}],"predecessor-version":[{"id":2340,"href":"https:\/\/coastalinns.com\/fr\/wp-json\/wp\/v2\/pages\/1719\/revisions\/2340"}],"wp:attachment":[{"href":"https:\/\/coastalinns.com\/fr\/wp-json\/wp\/v2\/media?parent=1719"}],"curies":[{"name":"wp","href":"https:\/\/api.w.org\/{rel}","templated":true}]}}