{"id":1717,"date":"2016-10-12T13:08:23","date_gmt":"2016-10-12T13:08:23","guid":{"rendered":"https:\/\/coastalinns.com\/wordpress2\/?page_id=1717&#038;lang=fr"},"modified":"2024-07-29T11:07:21","modified_gmt":"2024-07-29T11:07:21","slug":"contacter-nous","status":"publish","type":"page","link":"https:\/\/coastalinns.com\/fr\/contacter-nous\/","title":{"rendered":"Contacter nous"},"content":{"rendered":"<div class=\"wpb-content-wrapper\"><p>[vc_row][vc_column width=&#8221;1\/2&#8243;][vc_column_text]<\/p>\n<h3>Contactez-nous Formulaire<\/h3>\n<p>S&#8217;il vous pla\u00eet remplir le formulaire ci-dessous compl\u00e8tement et nous vous contacterons dans les 24 heures.[\/vc_column_text]<script>\nvar gform;gform||(document.addEventListener(\"gform_main_scripts_loaded\",function(){gform.scriptsLoaded=!0}),document.addEventListener(\"gform\/theme\/scripts_loaded\",function(){gform.themeScriptsLoaded=!0}),window.addEventListener(\"DOMContentLoaded\",function(){gform.domLoaded=!0}),gform={domLoaded:!1,scriptsLoaded:!1,themeScriptsLoaded:!1,isFormEditor:()=>\"function\"==typeof InitializeEditor,callIfLoaded:function(o){return!(!gform.domLoaded||!gform.scriptsLoaded||!gform.themeScriptsLoaded&&!gform.isFormEditor()||(gform.isFormEditor()&&console.warn(\"The use of gform.initializeOnLoaded() is deprecated in the form editor context and will be removed in Gravity Forms 3.1.\"),o(),0))},initializeOnLoaded:function(o){gform.callIfLoaded(o)||(document.addEventListener(\"gform_main_scripts_loaded\",()=>{gform.scriptsLoaded=!0,gform.callIfLoaded(o)}),document.addEventListener(\"gform\/theme\/scripts_loaded\",()=>{gform.themeScriptsLoaded=!0,gform.callIfLoaded(o)}),window.addEventListener(\"DOMContentLoaded\",()=>{gform.domLoaded=!0,gform.callIfLoaded(o)}))},hooks:{action:{},filter:{}},addAction:function(o,r,e,t){gform.addHook(\"action\",o,r,e,t)},addFilter:function(o,r,e,t){gform.addHook(\"filter\",o,r,e,t)},doAction:function(o){gform.doHook(\"action\",o,arguments)},applyFilters:function(o){return gform.doHook(\"filter\",o,arguments)},removeAction:function(o,r){gform.removeHook(\"action\",o,r)},removeFilter:function(o,r,e){gform.removeHook(\"filter\",o,r,e)},addHook:function(o,r,e,t,n){null==gform.hooks[o][r]&&(gform.hooks[o][r]=[]);var d=gform.hooks[o][r];null==n&&(n=r+\"_\"+d.length),gform.hooks[o][r].push({tag:n,callable:e,priority:t=null==t?10:t})},doHook:function(r,o,e){var t;if(e=Array.prototype.slice.call(e,1),null!=gform.hooks[r][o]&&((o=gform.hooks[r][o]).sort(function(o,r){return o.priority-r.priority}),o.forEach(function(o){\"function\"!=typeof(t=o.callable)&&(t=window[t]),\"action\"==r?t.apply(null,e):e[0]=t.apply(null,e)})),\"filter\"==r)return e[0]},removeHook:function(o,r,t,n){var e;null!=gform.hooks[o][r]&&(e=(e=gform.hooks[o][r]).filter(function(o,r,e){return!!(null!=n&&n!=o.tag||null!=t&&t!=o.priority)}),gform.hooks[o][r]=e)}});\n<\/script>\n\n                <div class='gf_browser_gecko gform_wrapper gform_legacy_markup_wrapper gform-theme--no-framework' data-form-theme='legacy' data-form-index='0' id='gform_wrapper_4' ><form method='post' enctype='multipart\/form-data'  id='gform_4'  action='\/fr\/wp-json\/wp\/v2\/pages\/1717' data-formid='4' novalidate><div class='gf_invisible ginput_recaptchav3' data-sitekey='6Ldq_wcrAAAAALQ5BjM9Z-C6vDg9lKYWOnZ7IGDH' data-tabindex='0'><input id=\"input_35be03f21148cf7daf00d9edcddf7231\" class=\"gfield_recaptcha_response\" type=\"hidden\" name=\"input_35be03f21148cf7daf00d9edcddf7231\" value=\"\"\/><\/div>\n                        <div class='gform-body gform_body'><ul id='gform_fields_4' class='gform_fields top_label form_sublabel_below description_below validation_below'><li id=\"field_4_8\" class=\"gfield gfield--type-honeypot gform_validation_container field_sublabel_below gfield--has-description field_description_below field_validation_below gfield_visibility_visible\"  ><label class='gfield_label gform-field-label' for='input_4_8'>Email<\/label><div class='ginput_container'><input name='input_8' id='input_4_8' type='text' value='' autocomplete='new-password'\/><\/div><div class='gfield_description' id='gfield_description_4_8'>Ce champ n\u2019est utilis\u00e9 qu\u2019\u00e0 des fins de validation et devrait rester inchang\u00e9.<\/div><\/li><li id=\"field_4_1\" class=\"gfield gfield--type-text gfield--input-type-text gfield_contains_required field_sublabel_below gfield--no-description field_description_below field_validation_below gfield_visibility_visible\"  ><label class='gfield_label gform-field-label' for='input_4_1'>Nom<span class=\"gfield_required\"><span class=\"gfield_required gfield_required_asterisk\">*<\/span><\/span><\/label><div class='ginput_container ginput_container_text'><input name='input_1' id='input_4_1' type='text' value='' class='large'     aria-required=\"true\" aria-invalid=\"false\"   \/><\/div><\/li><li id=\"field_4_2\" class=\"gfield gfield--type-text gfield--input-type-text gfield_contains_required field_sublabel_below gfield--no-description field_description_below field_validation_below gfield_visibility_visible\"  ><label class='gfield_label gform-field-label' for='input_4_2'>Courriel<span class=\"gfield_required\"><span class=\"gfield_required gfield_required_asterisk\">*<\/span><\/span><\/label><div class='ginput_container ginput_container_text'><input name='input_2' id='input_4_2' type='text' value='' class='large'     aria-required=\"true\" aria-invalid=\"false\"   \/><\/div><\/li><li id=\"field_4_3\" class=\"gfield gfield--type-text gfield--input-type-text field_sublabel_below gfield--no-description field_description_below field_validation_below gfield_visibility_visible\"  ><label class='gfield_label gform-field-label' for='input_4_3'>Tel<\/label><div class='ginput_container ginput_container_text'><input name='input_3' id='input_4_3' type='text' value='' class='large'      aria-invalid=\"false\"   \/><\/div><\/li><li id=\"field_4_4\" class=\"gfield gfield--type-text gfield--input-type-text field_sublabel_below gfield--no-description field_description_below field_validation_below gfield_visibility_visible\"  ><label class='gfield_label gform-field-label' for='input_4_4'>Nom de la compagnie<\/label><div class='ginput_container ginput_container_text'><input name='input_4' id='input_4_4' type='text' value='' class='large'      aria-invalid=\"false\"   \/><\/div><\/li><li id=\"field_4_5\" class=\"gfield gfield--type-select gfield--input-type-select gfield_contains_required field_sublabel_below gfield--has-description field_description_below field_validation_below gfield_visibility_visible\"  ><label class='gfield_label gform-field-label' for='input_4_5'>Location<span class=\"gfield_required\"><span class=\"gfield_required gfield_required_asterisk\">*<\/span><\/span><\/label><div class='ginput_container ginput_container_select'><select name='input_5' id='input_4_5' class='large gfield_select'  aria-describedby=\"gfield_description_4_5\"  aria-required=\"true\" aria-invalid=\"false\" ><option value='Moncton' >Moncton<\/option><option value='Sackville' >Sackville<\/option><option value='Halifax' >Halifax<\/option><option value='Digby' >Digby<\/option><option value='Antigonish' >Antigonish<\/option><\/select><\/div><div class='gfield_description' id='gfield_description_4_5'>Select the location that you wish send this contact request to.<\/div><\/li><li id=\"field_4_6\" class=\"gfield gfield--type-select gfield--input-type-select gfield_contains_required field_sublabel_below gfield--no-description field_description_below field_validation_below gfield_visibility_visible\"  ><label class='gfield_label gform-field-label' for='input_4_6'>Pr\u00e9f\u00e9r\u00e9 m\u00e9thode de contact<span class=\"gfield_required\"><span class=\"gfield_required gfield_required_asterisk\">*<\/span><\/span><\/label><div class='ginput_container ginput_container_select'><select name='input_6' id='input_4_6' class='large gfield_select'    aria-required=\"true\" aria-invalid=\"false\" ><option value='Email' >Email<\/option><option value='Phone' >Phone<\/option><\/select><\/div><\/li><li id=\"field_4_7\" class=\"gfield gfield--type-textarea gfield--input-type-textarea field_sublabel_below gfield--no-description field_description_below field_validation_below gfield_visibility_visible\"  ><label class='gfield_label gform-field-label' for='input_4_7'>Questions \/ Commentaires<\/label><div class='ginput_container ginput_container_textarea'><textarea name='input_7' id='input_4_7' class='textarea medium'      aria-invalid=\"false\"   rows='10' cols='50'><\/textarea><\/div><\/li><\/ul><\/div>\n        <div class='gform-footer gform_footer top_label'> <input type='submit' id='gform_submit_button_4' class='gform_button button' onclick='gform.submission.handleButtonClick(this);' data-submission-type='submit' value='Submit'  \/> \n            <input type='hidden' class='gform_hidden' name='gform_submission_method' data-js='gform_submission_method_4' value='postback' \/>\n            <input type='hidden' class='gform_hidden' name='gform_theme' data-js='gform_theme_4' id='gform_theme_4' value='legacy' \/>\n            <input type='hidden' class='gform_hidden' name='gform_style_settings' data-js='gform_style_settings_4' id='gform_style_settings_4' value='[]' \/>\n            <input type='hidden' class='gform_hidden' name='is_submit_4' value='1' \/>\n            <input type='hidden' class='gform_hidden' name='gform_submit' value='4' \/>\n            \n            <input type='hidden' class='gform_hidden' name='gform_currency' data-currency='CAD' value='nnYkOY13\/WplAUGGuKORgpHxXTAas8tGGKiUFInR9\/CdGPV7LCtxnP8TH74DQw13STVMKpj5W2yrjBn\/DkWovnibJRmqulNxDJyCo\/2reieWswA=' \/>\n            <input type='hidden' class='gform_hidden' name='gform_unique_id' value='' \/>\n            <input type='hidden' class='gform_hidden' name='state_4' value='WyJbXSIsImYwMzcyMjUxZThjNDY4ODZkOGYxMzU1Y2FmOTYyNzgwIl0=' \/>\n            <input type='hidden' autocomplete='off' class='gform_hidden' name='gform_target_page_number_4' id='gform_target_page_number_4' value='0' \/>\n            <input type='hidden' autocomplete='off' class='gform_hidden' name='gform_source_page_number_4' id='gform_source_page_number_4' value='1' \/>\n            <input type='hidden' name='gform_field_values' value='' \/>\n            \n        <\/div>\n                        <p style=\"display: none !important;\" class=\"akismet-fields-container\" data-prefix=\"ak_\"><label>&#916;<textarea name=\"ak_hp_textarea\" cols=\"45\" rows=\"8\" maxlength=\"100\"><\/textarea><\/label><input type=\"hidden\" id=\"ak_js_1\" name=\"ak_js\" value=\"179\"\/><script>document.getElementById( \"ak_js_1\" ).setAttribute( \"value\", ( new Date() ).getTime() );<\/script><\/p><\/form>\n                        <\/div><script>\ngform.initializeOnLoaded( function() {gformInitSpinner( 4, 'https:\/\/coastalinns.com\/wordpress2\/wp-content\/plugins\/gravityforms\/images\/spinner.svg', true );jQuery('#gform_ajax_frame_4').on('load',function(){var contents = jQuery(this).contents().find('*').html();var is_postback = contents.indexOf('GF_AJAX_POSTBACK') >= 0;if(!is_postback){return;}var form_content = jQuery(this).contents().find('#gform_wrapper_4');var is_confirmation = jQuery(this).contents().find('#gform_confirmation_wrapper_4').length > 0;var is_redirect = contents.indexOf('gformRedirect(){') >= 0;var is_form = form_content.length > 0 && ! is_redirect && ! is_confirmation;var mt = parseInt(jQuery('html').css('margin-top'), 10) + parseInt(jQuery('body').css('margin-top'), 10) + 100;if(is_form){jQuery('#gform_wrapper_4').html(form_content.html());if(form_content.hasClass('gform_validation_error')){jQuery('#gform_wrapper_4').addClass('gform_validation_error');} else {jQuery('#gform_wrapper_4').removeClass('gform_validation_error');}setTimeout( function() { \/* delay the scroll by 50 milliseconds to fix a bug in chrome *\/  }, 50 );if(window['gformInitDatepicker']) {gformInitDatepicker();}if(window['gformInitPriceFields']) {gformInitPriceFields();}var current_page = jQuery('#gform_source_page_number_4').val();gformInitSpinner( 4, 'https:\/\/coastalinns.com\/wordpress2\/wp-content\/plugins\/gravityforms\/images\/spinner.svg', true );jQuery(document).trigger('gform_page_loaded', [4, current_page]);window['gf_submitting_4'] = false;}else if(!is_redirect){var confirmation_content = jQuery(this).contents().find('.GF_AJAX_POSTBACK').html();if(!confirmation_content){confirmation_content = contents;}jQuery('#gform_wrapper_4').replaceWith(confirmation_content);jQuery(document).trigger('gform_confirmation_loaded', [4]);window['gf_submitting_4'] = false;wp.a11y.speak(jQuery('#gform_confirmation_message_4').text());}else{jQuery('#gform_4').append(contents);if(window['gformRedirect']) {gformRedirect();}}jQuery(document).trigger(\"gform_pre_post_render\", [{ formId: \"4\", currentPage: \"current_page\", abort: function() { this.preventDefault(); } }]);        if (event && event.defaultPrevented) {                return;        }        const gformWrapperDiv = document.getElementById( \"gform_wrapper_4\" );        if ( gformWrapperDiv ) {            const visibilitySpan = document.createElement( \"span\" );            visibilitySpan.id = \"gform_visibility_test_4\";            gformWrapperDiv.insertAdjacentElement( \"afterend\", visibilitySpan );        }        const visibilityTestDiv = document.getElementById( \"gform_visibility_test_4\" );        let postRenderFired = false;        function triggerPostRender() {            if ( postRenderFired ) {                return;            }            postRenderFired = true;            gform.core.triggerPostRenderEvents( 4, current_page );            if ( visibilityTestDiv ) {                visibilityTestDiv.parentNode.removeChild( visibilityTestDiv );            }        }        function debounce( func, wait, immediate ) {            var timeout;            return function() {                var context = this, args = arguments;                var later = function() {                    timeout = null;                    if ( !immediate ) func.apply( context, args );                };                var callNow = immediate && !timeout;                clearTimeout( timeout );                timeout = setTimeout( later, wait );                if ( callNow ) func.apply( context, args );            };        }        const debouncedTriggerPostRender = debounce( function() {            triggerPostRender();        }, 200 );        if ( visibilityTestDiv && visibilityTestDiv.offsetParent === null ) {            const observer = new MutationObserver( ( mutations ) => {                mutations.forEach( ( mutation ) => {                    if ( mutation.type === 'attributes' && visibilityTestDiv.offsetParent !== null ) {                        debouncedTriggerPostRender();                        observer.disconnect();                    }                });            });            observer.observe( document.body, {                attributes: true,                childList: false,                subtree: true,                attributeFilter: [ 'style', 'class' ],            });        } else {            triggerPostRender();        }    } );} );\n<\/script>\n[\/vc_column][vc_column width=&#8221;1\/2&#8243;][vc_tta_accordion][vc_tta_section title=&#8221;Halifax, NS&#8221; tab_id=&#8221;1545418897698-bee759f9-c341&#8243;][vc_column_text]<strong>Courriel:<\/strong><br \/>\n<a title=\"\" href=\"mailto:halifax@coastalinns.com\">halifax@coastalinns.com<\/a><\/p>\n<p><b>R\u00e9servations:<\/b><br \/>\n<a href=\"tel:18556038999\">1-855-603-8999<\/a><br \/>\n<b>Tel:<\/b>\u00a0\u00a0<a href=\"tel:19024503021\">902-450-3020<\/a><br \/>\n<b>T\u00e9l\u00e9copie:<\/b>\u00a0902-450-3021<\/p>\n<p>.[\/vc_column_text][\/vc_tta_section][vc_tta_section title=&#8221;Antigonish, NS&#8221; tab_id=&#8221;1545418920794-6063013d-be59&#8243;][vc_column_text]<b>Courriel:<\/b><br \/>\n<a href=\"mailto:antigonish@coastalinns.com\">antigonish@coastalinns.com<\/a><\/p>\n<p><b>R\u00e9servations:<\/b><br \/>\n<a href=\"tel:18004334494\">1-800-433-4494<\/a><br \/>\n<b>Tel:<\/b> <a href=\"tel:19028633730\">902-863-3730<\/a><br \/>\n<b>T\u00e9l\u00e9copie:<\/b> 902-863-2734[\/vc_column_text][\/vc_tta_section][vc_tta_section title=&#8221;Digby, NS&#8221; tab_id=&#8221;1545418930920-a8d936db-ea77&#8243;][vc_column_text]<b>Courriel:<\/b><br \/>\n<a href=\"mailto:digby@coastalinns.com\">digby@coastalinns.com<\/a><\/p>\n<p><b>R\u00e9servations:<\/b><br \/>\n<a href=\"tel:18004011155\">1-800-401-1155<\/a><br \/>\n<b>Tel:<\/b> <a href=\"tel:19022454747\">902-245-4747<\/a><br \/>\n<b>T\u00e9l\u00e9copie:<\/b> 902-245-4866[\/vc_column_text][\/vc_tta_section][vc_tta_section title=&#8221;Moncton, NB&#8221; tab_id=&#8221;1545418943047-1d50116b-5735&#8243;][vc_column_text]<b>Courriel:<\/b><br \/>\n<a href=\"mailto:moncton@coastalinns.com\">moncton@coastalinns.com<\/a><\/p>\n<p><b>R\u00e9servations:<\/b><br \/>\n<a href=\"tel:18005613939\">1-800-561-3939<\/a><br \/>\n<b>Tel:<\/b> <a href=\"tel:15068579686\">506-857-9686<\/a><br \/>\n<b>T\u00e9l\u00e9copie:<\/b> 506-857-1791[\/vc_column_text][\/vc_tta_section][vc_tta_section title=&#8221;Sackville, NB&#8221; tab_id=&#8221;1545418954723-86136cab-0b4d&#8221;][vc_column_text]<b>Courriel:<\/b><br \/>\n<a href=\"mailto:sackville@coastalinns.com\">sackville@coastalinns.com<\/a><\/p>\n<p><b>R\u00e9servations:<\/b><br \/>\n<a href=\"tel:18887047444\">1-888-704-7444<\/a><br \/>\n<b>Tel:<\/b> <a href=\"tel:15065360000\">506-536-0000<\/a><br \/>\n<b>T\u00e9l\u00e9copie:<\/b> 506-536-0009[\/vc_column_text][\/vc_tta_section][vc_tta_section title=&#8221;Agence Centrale&#8221; tab_id=&#8221;1545418965768-d9e87f8c-e1a9&#8243;][vc_column_text]<\/p>\n<div><span style=\"font-family: Arial, Helvetica, sans-serif; font-size: small;\"><strong>Address:<\/strong> 515 Kennedy Street, Unit 5.\u00a0<\/span><span style=\"font-family: Arial, Helvetica, sans-serif; font-size: small;\">Dieppe, NB\u00a0 E1A 7R9<\/span><\/div>\n<div><span style=\"font-family: Arial, Helvetica, sans-serif; font-size: small;\"><strong><b>Courriel<\/b>:<\/strong>\u00a0<a href=\"mailto:marketing@coastalinns.com\" target=\"_blank\" rel=\"noopener\">marketing@coastalinns.com<\/a><\/span><\/div>\n<div><span style=\"font-family: Arial, Helvetica, sans-serif; font-size: small;\"><strong>Num\u00e9ro vert:\u00a0<\/strong> <a href=\"tel:1-800-665-7829%20ext%201\" target=\"_blank\" rel=\"noopener\">1-800-665-7829 ext 1<\/a><\/span><\/div>\n<div><span style=\"font-family: Arial, Helvetica, sans-serif; font-size: small;\"><strong>Tel:<\/strong>\u00a0 <a href=\"tel:506-859-2486\" target=\"_blank\" rel=\"noopener\">506-859-2486<\/a><\/span><\/div>\n<p>[\/vc_column_text][\/vc_tta_section][\/vc_tta_accordion][\/vc_column][\/vc_row]<\/p>\n<\/div>","protected":false},"excerpt":{"rendered":"<p>[vc_row][vc_column width=&#8221;1\/2&#8243;][vc_column_text] Contactez-nous Formulaire S&#8217;il vous pla\u00eet remplir le formulaire ci-dessous compl\u00e8tement et nous vous contacterons dans les 24 heures.[\/vc_column_text][\/vc_column][vc_column width=&#8221;1\/2&#8243;][vc_tta_accordion][vc_tta_section title=&#8221;Halifax, NS&#8221; tab_id=&#8221;1545418897698-bee759f9-c341&#8243;][vc_column_text]Courriel: halifax@coastalinns.com R\u00e9servations: 1-855-603-8999 Tel:\u00a0\u00a0902-450-3020 T\u00e9l\u00e9copie:\u00a0902-450-3021 .[\/vc_column_text][\/vc_tta_section][vc_tta_section title=&#8221;Antigonish, NS&#8221; tab_id=&#8221;1545418920794-6063013d-be59&#8243;][vc_column_text]Courriel: antigonish@coastalinns.com R\u00e9servations: 1-800-433-4494 Tel: 902-863-3730 T\u00e9l\u00e9copie: 902-863-2734[\/vc_column_text][\/vc_tta_section][vc_tta_section title=&#8221;Digby, NS&#8221; tab_id=&#8221;1545418930920-a8d936db-ea77&#8243;][vc_column_text]Courriel: digby@coastalinns.com R\u00e9servations: 1-800-401-1155 Tel: 902-245-4747 T\u00e9l\u00e9copie: 902-245-4866[\/vc_column_text][\/vc_tta_section][vc_tta_section title=&#8221;Moncton, NB&#8221; tab_id=&#8221;1545418943047-1d50116b-5735&#8243;][vc_column_text]Courriel: moncton@coastalinns.com R\u00e9servations:&hellip;<\/p>\n","protected":false},"author":1,"featured_media":0,"parent":0,"menu_order":0,"comment_status":"closed","ping_status":"closed","template":"","meta":{"_exactmetrics_skip_tracking":false,"_exactmetrics_sitenote_active":false,"_exactmetrics_sitenote_note":"","_exactmetrics_sitenote_category":0,"footnotes":""},"class_list":["post-1717","page","type-page","status-publish","hentry","description-off"],"yoast_head":"<!-- This site is optimized with the Yoast SEO plugin v27.0 - https:\/\/yoast.com\/product\/yoast-seo-wordpress\/ -->\n<title>Contacter nous - Coastal Inns Hotels and Motels<\/title>\n<meta name=\"robots\" content=\"index, follow, max-snippet:-1, max-image-preview:large, max-video-preview:-1\" \/>\n<link rel=\"canonical\" href=\"https:\/\/coastalinns.com\/fr\/contacter-nous\/\" \/>\n<meta property=\"og:locale\" content=\"fr_FR\" \/>\n<meta property=\"og:type\" content=\"article\" \/>\n<meta property=\"og:title\" content=\"Contacter nous - Coastal Inns Hotels and Motels\" \/>\n<meta property=\"og:description\" content=\"[vc_row][vc_column width=&#8221;1\/2&#8243;][vc_column_text] Contactez-nous Formulaire S&#8217;il vous pla\u00eet remplir le formulaire ci-dessous compl\u00e8tement et nous vous contacterons dans les 24 heures.[\/vc_column_text][\/vc_column][vc_column width=&#8221;1\/2&#8243;][vc_tta_accordion][vc_tta_section title=&#8221;Halifax, NS&#8221; tab_id=&#8221;1545418897698-bee759f9-c341&#8243;][vc_column_text]Courriel: halifax@coastalinns.com R\u00e9servations: 1-855-603-8999 Tel:\u00a0\u00a0902-450-3020 T\u00e9l\u00e9copie:\u00a0902-450-3021 .[\/vc_column_text][\/vc_tta_section][vc_tta_section title=&#8221;Antigonish, NS&#8221; tab_id=&#8221;1545418920794-6063013d-be59&#8243;][vc_column_text]Courriel: antigonish@coastalinns.com R\u00e9servations: 1-800-433-4494 Tel: 902-863-3730 T\u00e9l\u00e9copie: 902-863-2734[\/vc_column_text][\/vc_tta_section][vc_tta_section title=&#8221;Digby, NS&#8221; tab_id=&#8221;1545418930920-a8d936db-ea77&#8243;][vc_column_text]Courriel: digby@coastalinns.com R\u00e9servations: 1-800-401-1155 Tel: 902-245-4747 T\u00e9l\u00e9copie: 902-245-4866[\/vc_column_text][\/vc_tta_section][vc_tta_section title=&#8221;Moncton, NB&#8221; tab_id=&#8221;1545418943047-1d50116b-5735&#8243;][vc_column_text]Courriel: moncton@coastalinns.com R\u00e9servations:&hellip;\" \/>\n<meta property=\"og:url\" content=\"https:\/\/coastalinns.com\/fr\/contacter-nous\/\" \/>\n<meta property=\"og:site_name\" content=\"Coastal Inns Hotels and Motels\" \/>\n<meta property=\"article:modified_time\" content=\"2024-07-29T11:07:21+00:00\" \/>\n<meta name=\"twitter:card\" content=\"summary_large_image\" \/>\n<meta name=\"twitter:label1\" content=\"Dur\u00e9e de lecture estim\u00e9e\" \/>\n\t<meta name=\"twitter:data1\" content=\"1 minute\" \/>\n<!-- \/ Yoast SEO plugin. -->","yoast_head_json":{"title":"Contacter nous - Coastal Inns Hotels and Motels","robots":{"index":"index","follow":"follow","max-snippet":"max-snippet:-1","max-image-preview":"max-image-preview:large","max-video-preview":"max-video-preview:-1"},"canonical":"https:\/\/coastalinns.com\/fr\/contacter-nous\/","og_locale":"fr_FR","og_type":"article","og_title":"Contacter nous - Coastal Inns Hotels and Motels","og_description":"[vc_row][vc_column width=&#8221;1\/2&#8243;][vc_column_text] Contactez-nous Formulaire S&#8217;il vous pla\u00eet remplir le formulaire ci-dessous compl\u00e8tement et nous vous contacterons dans les 24 heures.[\/vc_column_text][\/vc_column][vc_column width=&#8221;1\/2&#8243;][vc_tta_accordion][vc_tta_section title=&#8221;Halifax, NS&#8221; tab_id=&#8221;1545418897698-bee759f9-c341&#8243;][vc_column_text]Courriel: halifax@coastalinns.com R\u00e9servations: 1-855-603-8999 Tel:\u00a0\u00a0902-450-3020 T\u00e9l\u00e9copie:\u00a0902-450-3021 .[\/vc_column_text][\/vc_tta_section][vc_tta_section title=&#8221;Antigonish, NS&#8221; tab_id=&#8221;1545418920794-6063013d-be59&#8243;][vc_column_text]Courriel: antigonish@coastalinns.com R\u00e9servations: 1-800-433-4494 Tel: 902-863-3730 T\u00e9l\u00e9copie: 902-863-2734[\/vc_column_text][\/vc_tta_section][vc_tta_section title=&#8221;Digby, NS&#8221; tab_id=&#8221;1545418930920-a8d936db-ea77&#8243;][vc_column_text]Courriel: digby@coastalinns.com R\u00e9servations: 1-800-401-1155 Tel: 902-245-4747 T\u00e9l\u00e9copie: 902-245-4866[\/vc_column_text][\/vc_tta_section][vc_tta_section title=&#8221;Moncton, NB&#8221; tab_id=&#8221;1545418943047-1d50116b-5735&#8243;][vc_column_text]Courriel: moncton@coastalinns.com R\u00e9servations:&hellip;","og_url":"https:\/\/coastalinns.com\/fr\/contacter-nous\/","og_site_name":"Coastal Inns Hotels and Motels","article_modified_time":"2024-07-29T11:07:21+00:00","twitter_card":"summary_large_image","twitter_misc":{"Dur\u00e9e de lecture estim\u00e9e":"1 minute"},"schema":{"@context":"https:\/\/schema.org","@graph":[{"@type":"WebPage","@id":"https:\/\/coastalinns.com\/fr\/contacter-nous\/","url":"https:\/\/coastalinns.com\/fr\/contacter-nous\/","name":"Contacter nous - Coastal Inns Hotels and Motels","isPartOf":{"@id":"https:\/\/coastalinns.com\/#website"},"datePublished":"2016-10-12T13:08:23+00:00","dateModified":"2024-07-29T11:07:21+00:00","breadcrumb":{"@id":"https:\/\/coastalinns.com\/fr\/contacter-nous\/#breadcrumb"},"inLanguage":"fr-FR","potentialAction":[{"@type":"ReadAction","target":["https:\/\/coastalinns.com\/fr\/contacter-nous\/"]}]},{"@type":"BreadcrumbList","@id":"https:\/\/coastalinns.com\/fr\/contacter-nous\/#breadcrumb","itemListElement":[{"@type":"ListItem","position":1,"name":"Home","item":"https:\/\/coastalinns.com\/fr\/"},{"@type":"ListItem","position":2,"name":"Contacter nous"}]},{"@type":"WebSite","@id":"https:\/\/coastalinns.com\/#website","url":"https:\/\/coastalinns.com\/","name":"Coastal Inns Hotels and Motels","description":"Independent, locally owned hotel chain in Atlantic Canada","potentialAction":[{"@type":"SearchAction","target":{"@type":"EntryPoint","urlTemplate":"https:\/\/coastalinns.com\/?s={search_term_string}"},"query-input":{"@type":"PropertyValueSpecification","valueRequired":true,"valueName":"search_term_string"}}],"inLanguage":"fr-FR"}]}},"_links":{"self":[{"href":"https:\/\/coastalinns.com\/fr\/wp-json\/wp\/v2\/pages\/1717","targetHints":{"allow":["GET"]}}],"collection":[{"href":"https:\/\/coastalinns.com\/fr\/wp-json\/wp\/v2\/pages"}],"about":[{"href":"https:\/\/coastalinns.com\/fr\/wp-json\/wp\/v2\/types\/page"}],"author":[{"embeddable":true,"href":"https:\/\/coastalinns.com\/fr\/wp-json\/wp\/v2\/users\/1"}],"replies":[{"embeddable":true,"href":"https:\/\/coastalinns.com\/fr\/wp-json\/wp\/v2\/comments?post=1717"}],"version-history":[{"count":10,"href":"https:\/\/coastalinns.com\/fr\/wp-json\/wp\/v2\/pages\/1717\/revisions"}],"predecessor-version":[{"id":5115,"href":"https:\/\/coastalinns.com\/fr\/wp-json\/wp\/v2\/pages\/1717\/revisions\/5115"}],"wp:attachment":[{"href":"https:\/\/coastalinns.com\/fr\/wp-json\/wp\/v2\/media?parent=1717"}],"curies":[{"name":"wp","href":"https:\/\/api.w.org\/{rel}","templated":true}]}}