{"id":1709,"date":"2016-10-12T12:41:37","date_gmt":"2016-10-12T12:41:37","guid":{"rendered":"https:\/\/coastalinns.com\/wordpress2\/?page_id=1709&#038;lang=fr"},"modified":"2025-03-07T12:41:52","modified_gmt":"2025-03-07T12:41:52","slug":"coastal-inn-sackville","status":"publish","type":"page","link":"https:\/\/coastalinns.com\/fr\/coastal-inn-sackville\/","title":{"rendered":"Coastal Inn Sackville"},"content":{"rendered":"<div class=\"wpb-content-wrapper\"><p>[vc_row][vc_column][vc_empty_space height=&#8221;20px&#8221;][vc_row_inner][vc_column_inner][vc_column_text css=&#8221;&#8221;]<a style=\"background: linear-gradient(to bottom, rgba(147,15,2,1) 0%,rgba(255,48,25,1) 99%); color: #fff; text-decoration: none; font-size: 16px; margin-top: 10px; margin-bottom: 10px; border-radius: 10px; padding: 10px 35px 10px 35px;\" title=\"Coastal Inn - Reserve Online Now\" href=\"https:\/\/coastalinns.com\/coastal_booking\/coastalinns_sackville_mobile\/fr_step1.php\">R\u00e9servez Maintenant<\/a><span class=\"address\" style=\"font-size: 18px; position: relative; top: 4px;\">\u00a0\u00a0Address: 15 Wright Street Sackville, NB. E4L 4P8 | R\u00e9servations en direct: <a href=\"tel:18887047444\">1-888-704-7444<br \/>\n<\/a><\/span>[\/vc_column_text][\/vc_column_inner][\/vc_row_inner][vc_empty_space height=&#8221;20px&#8221;][vc_column_text]<\/p>\n<h3>\u00c0 propos de Coastal Inn Sackville<\/h3>\n<p>[\/vc_column_text][vc_tta_tabs color=&#8221;blue&#8221; active_section=&#8221;1&#8243;][vc_tta_section title=&#8221;Notre H\u00f4tel&#8221; tab_id=&#8221;1444070396940-ce145782-c6c0&#8243;][vc_row_inner][vc_column_inner][vc_column_text]<img loading=\"lazy\" decoding=\"async\" class=\"alignleft wp-image-4748 size-medium\" src=\"https:\/\/coastalinns.com\/wordpress2\/wp-content\/uploads\/2022\/08\/IMG_2357-e1661202033833-300x225.jpg\" alt=\"\" width=\"300\" height=\"225\" srcset=\"https:\/\/coastalinns.com\/wordpress2\/wp-content\/uploads\/2022\/08\/IMG_2357-e1661202033833-300x225.jpg 300w, https:\/\/coastalinns.com\/wordpress2\/wp-content\/uploads\/2022\/08\/IMG_2357-e1661202033833-1024x768.jpg 1024w, https:\/\/coastalinns.com\/wordpress2\/wp-content\/uploads\/2022\/08\/IMG_2357-e1661202033833-768x576.jpg 768w, https:\/\/coastalinns.com\/wordpress2\/wp-content\/uploads\/2022\/08\/IMG_2357-e1661202033833-1536x1152.jpg 1536w, https:\/\/coastalinns.com\/wordpress2\/wp-content\/uploads\/2022\/08\/IMG_2357-e1661202033833-2048x1536.jpg 2048w\" sizes=\"auto, (max-width: 300px) 100vw, 300px\" \/><strong>Cinquante unit\u00e9s climatis\u00e9es, t\u00e9l\u00e9vision par c\u00e2ble couleur et salles de r\u00e9union. \u00c0 Sackville, visitez l&#8217;Universit\u00e9 Mount Allison et le Sackville Waterfowl Park.<\/strong><\/p>\n<p>Les attraits naturels intacts font de Sackville la base id\u00e9ale pour d\u00e9couvrir un patrimoine inestimable pour les zones humides et la faune c\u00f4ti\u00e8re. Profitez de notre petite ville d&#8217;accueil, \u00e0 seulement quelques minutes de la ville de Moncton.<\/p>\n<p>&nbsp;<\/p>\n<p><img loading=\"lazy\" decoding=\"async\" class=\"alignleft wp-image-1436\" src=\"http:\/\/coastalinns.com\/wordpress\/wp-content\/uploads\/2015\/10\/Canada-Select-3.5-Star--300x225.jpg\" alt=\"Canada Select 3.5 Star\" width=\"89\" height=\"67\" srcset=\"https:\/\/coastalinns.com\/wordpress2\/wp-content\/uploads\/2015\/10\/Canada-Select-3.5-Star--300x225.jpg 300w, https:\/\/coastalinns.com\/wordpress2\/wp-content\/uploads\/2015\/10\/Canada-Select-3.5-Star-.jpg 720w\" sizes=\"auto, (max-width: 89px) 100vw, 89px\" \/><\/p>\n<hr \/>\n<p><a title=\"\" href=\"http:\/\/greenkeyglobal.com\/\" target=\"_BLANK\" rel=\"noopener noreferrer\"><img loading=\"lazy\" decoding=\"async\" class=\"alignleft\" src=\"https:\/\/coastalinns.com\/wordpress\/wp-content\/uploads\/2016\/06\/gk4.jpg\" alt=\"\" width=\"43\" height=\"27\" border=\"0\" \/><\/a>[\/vc_column_text][\/vc_column_inner][\/vc_row_inner][\/vc_tta_section][vc_tta_section title=&#8221;Chambres&#8221; tab_id=&#8221;1444070397093-e2e74b2b-5659&#8243;][vc_column_text]<strong>Notre emplacement Sackville Coastal Inn offre:<\/strong><\/p>\n<p>Acc\u00e8s Internet sans fil &#8211; GRATUIT<br \/>\nCentre d&#8217;affaires avec imprimante &#8211; GRATUIT<br \/>\nAppels locaux illimit\u00e9s &#8211; LIBRE<br \/>\nPetit d\u00e9jeuner Coastal &#8220;Plus&#8221; &#8211; GRATUIT<br \/>\nSalle de fitness &#8211; GRATUIT<br \/>\nSalle de lavage des invit\u00e9s.[\/vc_column_text][\/vc_tta_section][vc_tta_section title=&#8221;Information Pratique&#8221; tab_id=&#8221;1444071580603-01592e64-62f8&#8243;][vc_row_inner][vc_column_inner width=&#8221;1\/2&#8243;]<div id=\"ult-carousel-166455742869da2dc6e8618\" class=\"ult-carousel-wrapper   ult_horizontal\" data-gutter=\"15\" data-rtl=\"false\" ><div class=\"ult-carousel-383535964869da2dc6e8468 \" >[vc_single_image image=&#8221;1147&#8243; img_size=&#8221;full&#8221;][vc_single_image image=&#8221;1484&#8243; img_size=&#8221;full&#8221;][vc_single_image image=&#8221;1109&#8243; img_size=&#8221;full&#8221;][vc_single_image image=&#8221;435&#8243; img_size=&#8221;full&#8221;][vc_single_image image=&#8221;1106&#8243; img_size=&#8221;full&#8221;]<\/div><\/div>\t\t\t<script type=\"text\/javascript\">\n\t\t\t\tjQuery(document).ready(function ($) {\n\t\t\t\t\tif( typeof jQuery('.ult-carousel-383535964869da2dc6e8468').slick == \"function\"){\n\t\t\t\t\t\t$('.ult-carousel-383535964869da2dc6e8468').slick({dots: false,autoplay: true,autoplaySpeed: \"0\",speed: \"5000\",infinite: true,arrows: false,slidesToScroll:1,slidesToShow:1,swipe: true,draggable: true,touchMove: true,pauseOnHover: true,pauseOnFocus: false,responsive: [\n\t\t\t\t\t\t\t{\n\t\t\t\t\t\t\t  breakpoint: 1026,\n\t\t\t\t\t\t\t  settings: {\n\t\t\t\t\t\t\t\tslidesToShow: 1,\n\t\t\t\t\t\t\t\tslidesToScroll: 1,  \n\t\t\t\t\t\t\t  }\n\t\t\t\t\t\t\t},\n\t\t\t\t\t\t\t{\n\t\t\t\t\t\t\t  breakpoint: 1025,\n\t\t\t\t\t\t\t  settings: {\n\t\t\t\t\t\t\t\tslidesToShow: 1,\n\t\t\t\t\t\t\t\tslidesToScroll: 1\n\t\t\t\t\t\t\t  }\n\t\t\t\t\t\t\t},\n\t\t\t\t\t\t\t{\n\t\t\t\t\t\t\t  breakpoint: 760,\n\t\t\t\t\t\t\t  settings: {\n\t\t\t\t\t\t\t\tslidesToShow: 1,\n\t\t\t\t\t\t\t\tslidesToScroll: 1\n\t\t\t\t\t\t\t  }\n\t\t\t\t\t\t\t}\n\t\t\t\t\t\t],pauseOnDotsHover: true,customPaging: function(slider, i) {\n                   return '<i type=\"button\" style= \"color:#333333;\" class=\"ultsl-record\" data-role=\"none\"><\/i>';\n                },});\n\t\t\t\t\t}\n\t\t\t\t});\n\t\t\t<\/script>\n\t\t\t[\/vc_column_inner][vc_column_inner width=&#8221;1\/2&#8243;][vc_column_text]<strong>Sackville (N.-B.) Attractions et activit\u00e9s<\/strong><\/p>\n<p>Sackville Waterfowl Park et les marais de Tantramar<br \/>\nUniversit\u00e9 Mount Allison; La maison de Owens Art Gallery<br \/>\nParlee Beach; Destination pr\u00e9f\u00e9r\u00e9e du Nouveau-Brunswick<br \/>\nPont de la Conf\u00e9d\u00e9ration \u00e0 l&#8217;\u00cele-du-Prince-\u00c9douard; Grandes excursions d&#8217;une journ\u00e9e \u00e0 l&#8217;\u00eele<br \/>\nLieu historique national Fort-Beausejour[\/vc_column_text][\/vc_column_inner][\/vc_row_inner][\/vc_tta_section][vc_tta_section title=&#8221;Offres Promotionnelles&#8221; tab_id=&#8221;1447095498024-d29b17f3-f65b&#8221;][vc_column_text]<img decoding=\"async\" src=\"http:\/\/coastalinns.com\/webcura\/files\/280365_lb2013new.jpg\" alt=\"Live Bait\" \/><br \/>\nEvents vary depending on dates.<br \/>\nConditions apply on all packages. Please call property directly for more information.<br \/>\n*Prices are plus applicable taxes, advance reservations required[\/vc_column_text][\/vc_tta_section][\/vc_tta_tabs][vc_empty_space height=&#8221;20px&#8221;][\/vc_column][\/vc_row][vc_row][vc_column][vc_row_inner][vc_column_inner][vc_column_text]<\/p>\n<h3 style=\"text-align: center;\"><strong>&#8212; Notre Emplacement \u00e0 Sackville &#8212;<\/strong><\/h3>\n<p>[\/vc_column_text][\/vc_column_inner][\/vc_row_inner][vc_row_inner][vc_column_inner width=&#8221;1\/2&#8243;][vc_column_text]<div id=\"yt-container\" class=\"ytpp-main\">\n        <a name=\"ytplayer\" class=\"f\"><iframe name=\"ytpl-frame\" id=\"ytpl-frame\" type=\"text\/html\" rel=\"xYzkXOqHaFc\" src=\"https:\/\/www.youtube.com\/embed\/xYzkXOqHaFc?rel=0&hd=1&version=3&iv_load_policy=3&showinfo=0&controls=0&origin=https:\/\/coastalinns.com\/fr\/\" width=\"560\" height=\"315\" loading=\"lazy\" referrerpolicy=\"strict-origin-when-cross-origin\"><\/iframe><\/a>\n        <div id=\"ytpp-playlist-container\" class=\"ytpp-playlist-container\" data-playlist=\"\"><div id=\"ytplayer_div2\"><\/div><\/div>\n    <\/div>[\/vc_column_text][vc_btn title=&#8221;T\u00e9l\u00e9charger notre brochure&#8221; style=&#8221;3d&#8221; color=&#8221;inverse&#8221; size=&#8221;lg&#8221; align=&#8221;center&#8221; i_icon_fontawesome=&#8221;fa fa-file-pdf-o&#8221; add_icon=&#8221;true&#8221; link=&#8221;url:http%3A%2F%2Fcoastalinns.com%2Fwordpress%2Fwp-content%2Fuploads%2F2016%2F01%2F287610_ci-sackville_pc_2015_web.pdf||&#8221;][\/vc_column_inner][vc_column_inner width=&#8221;1\/2&#8243;][vc_column_text]<\/p>\n<h3><iframe loading=\"lazy\" style=\"border: 0;\" src=\"https:\/\/www.google.com\/maps\/embed?pb=!1m18!1m12!1m3!1d2776.1098868010727!2d-64.3785484841078!3d45.909112779108796!2m3!1f0!2f0!3f0!3m2!1i1024!2i768!4f13.1!3m3!1m2!1s0x4b5f50b9116b0349%3A0x7858c11ee555acfd!2sCoastal+Inn+Sackville!5e0!3m2!1sen!2sca!4v1541167700281\" width=\"100%\" height=\"450\" frameborder=\"0\" allowfullscreen=\"allowfullscreen\"><\/iframe><\/h3>\n<p>[\/vc_column_text][\/vc_column_inner][\/vc_row_inner][\/vc_column][\/vc_row]<\/p>\n<\/div>","protected":false},"excerpt":{"rendered":"<p>[vc_row][vc_column][vc_empty_space height=&#8221;20px&#8221;][vc_row_inner][vc_column_inner][vc_column_text css=&#8221;&#8221;]R\u00e9servez Maintenant\u00a0\u00a0Address: 15 Wright Street Sackville, NB. E4L 4P8 | R\u00e9servations en direct: 1-888-704-7444 [\/vc_column_text][\/vc_column_inner][\/vc_row_inner][vc_empty_space height=&#8221;20px&#8221;][vc_column_text] \u00c0 propos de Coastal Inn Sackville [\/vc_column_text][vc_tta_tabs color=&#8221;blue&#8221; active_section=&#8221;1&#8243;][vc_tta_section title=&#8221;Notre H\u00f4tel&#8221; tab_id=&#8221;1444070396940-ce145782-c6c0&#8243;][vc_row_inner][vc_column_inner][vc_column_text]Cinquante unit\u00e9s climatis\u00e9es, t\u00e9l\u00e9vision par c\u00e2ble couleur et salles de r\u00e9union. \u00c0 Sackville, visitez l&#8217;Universit\u00e9 Mount Allison et le Sackville Waterfowl Park. Les attraits naturels intacts&hellip;<\/p>\n","protected":false},"author":1,"featured_media":0,"parent":0,"menu_order":0,"comment_status":"closed","ping_status":"closed","template":"","meta":{"_exactmetrics_skip_tracking":false,"_exactmetrics_sitenote_active":false,"_exactmetrics_sitenote_note":"","_exactmetrics_sitenote_category":0,"footnotes":""},"class_list":["post-1709","page","type-page","status-publish","hentry","description-off"],"yoast_head":"<!-- This site is optimized with the Yoast SEO plugin v27.0 - https:\/\/yoast.com\/product\/yoast-seo-wordpress\/ -->\n<title>Coastal Inn Sackville - Coastal Inns Hotels and Motels<\/title>\n<meta name=\"robots\" content=\"index, follow, max-snippet:-1, max-image-preview:large, max-video-preview:-1\" \/>\n<link rel=\"canonical\" href=\"https:\/\/coastalinns.com\/fr\/coastal-inn-sackville\/\" \/>\n<meta property=\"og:locale\" content=\"fr_FR\" \/>\n<meta property=\"og:type\" content=\"article\" \/>\n<meta property=\"og:title\" content=\"Coastal Inn Sackville - Coastal Inns Hotels and Motels\" \/>\n<meta property=\"og:description\" content=\"[vc_row][vc_column][vc_empty_space height=&#8221;20px&#8221;][vc_row_inner][vc_column_inner][vc_column_text css=&#8221;&#8221;]R\u00e9servez Maintenant\u00a0\u00a0Address: 15 Wright Street Sackville, NB. E4L 4P8 | R\u00e9servations en direct: 1-888-704-7444 [\/vc_column_text][\/vc_column_inner][\/vc_row_inner][vc_empty_space height=&#8221;20px&#8221;][vc_column_text] \u00c0 propos de Coastal Inn Sackville [\/vc_column_text][vc_tta_tabs color=&#8221;blue&#8221; active_section=&#8221;1&#8243;][vc_tta_section title=&#8221;Notre H\u00f4tel&#8221; tab_id=&#8221;1444070396940-ce145782-c6c0&#8243;][vc_row_inner][vc_column_inner][vc_column_text]Cinquante unit\u00e9s climatis\u00e9es, t\u00e9l\u00e9vision par c\u00e2ble couleur et salles de r\u00e9union. \u00c0 Sackville, visitez l&#8217;Universit\u00e9 Mount Allison et le Sackville Waterfowl Park. Les attraits naturels intacts&hellip;\" \/>\n<meta property=\"og:url\" content=\"https:\/\/coastalinns.com\/fr\/coastal-inn-sackville\/\" \/>\n<meta property=\"og:site_name\" content=\"Coastal Inns Hotels and Motels\" \/>\n<meta property=\"article:modified_time\" content=\"2025-03-07T12:41:52+00:00\" \/>\n<meta property=\"og:image\" content=\"https:\/\/coastalinns.com\/wordpress2\/wp-content\/uploads\/2022\/08\/IMG_2357-e1661202033833-300x225.jpg\" \/>\n<meta name=\"twitter:card\" content=\"summary_large_image\" \/>\n<meta name=\"twitter:label1\" content=\"Dur\u00e9e de lecture estim\u00e9e\" \/>\n\t<meta name=\"twitter:data1\" content=\"2 minutes\" \/>\n<!-- \/ Yoast SEO plugin. -->","yoast_head_json":{"title":"Coastal Inn Sackville - Coastal Inns Hotels and Motels","robots":{"index":"index","follow":"follow","max-snippet":"max-snippet:-1","max-image-preview":"max-image-preview:large","max-video-preview":"max-video-preview:-1"},"canonical":"https:\/\/coastalinns.com\/fr\/coastal-inn-sackville\/","og_locale":"fr_FR","og_type":"article","og_title":"Coastal Inn Sackville - Coastal Inns Hotels and Motels","og_description":"[vc_row][vc_column][vc_empty_space height=&#8221;20px&#8221;][vc_row_inner][vc_column_inner][vc_column_text css=&#8221;&#8221;]R\u00e9servez Maintenant\u00a0\u00a0Address: 15 Wright Street Sackville, NB. E4L 4P8 | R\u00e9servations en direct: 1-888-704-7444 [\/vc_column_text][\/vc_column_inner][\/vc_row_inner][vc_empty_space height=&#8221;20px&#8221;][vc_column_text] \u00c0 propos de Coastal Inn Sackville [\/vc_column_text][vc_tta_tabs color=&#8221;blue&#8221; active_section=&#8221;1&#8243;][vc_tta_section title=&#8221;Notre H\u00f4tel&#8221; tab_id=&#8221;1444070396940-ce145782-c6c0&#8243;][vc_row_inner][vc_column_inner][vc_column_text]Cinquante unit\u00e9s climatis\u00e9es, t\u00e9l\u00e9vision par c\u00e2ble couleur et salles de r\u00e9union. \u00c0 Sackville, visitez l&#8217;Universit\u00e9 Mount Allison et le Sackville Waterfowl Park. Les attraits naturels intacts&hellip;","og_url":"https:\/\/coastalinns.com\/fr\/coastal-inn-sackville\/","og_site_name":"Coastal Inns Hotels and Motels","article_modified_time":"2025-03-07T12:41:52+00:00","og_image":[{"url":"https:\/\/coastalinns.com\/wordpress2\/wp-content\/uploads\/2022\/08\/IMG_2357-e1661202033833-300x225.jpg","type":"","width":"","height":""}],"twitter_card":"summary_large_image","twitter_misc":{"Dur\u00e9e de lecture estim\u00e9e":"2 minutes"},"schema":{"@context":"https:\/\/schema.org","@graph":[{"@type":"WebPage","@id":"https:\/\/coastalinns.com\/fr\/coastal-inn-sackville\/","url":"https:\/\/coastalinns.com\/fr\/coastal-inn-sackville\/","name":"Coastal Inn Sackville - Coastal Inns Hotels and Motels","isPartOf":{"@id":"https:\/\/coastalinns.com\/#website"},"primaryImageOfPage":{"@id":"https:\/\/coastalinns.com\/fr\/coastal-inn-sackville\/#primaryimage"},"image":{"@id":"https:\/\/coastalinns.com\/fr\/coastal-inn-sackville\/#primaryimage"},"thumbnailUrl":"https:\/\/coastalinns.com\/wordpress2\/wp-content\/uploads\/2022\/08\/IMG_2357-e1661202033833-300x225.jpg","datePublished":"2016-10-12T12:41:37+00:00","dateModified":"2025-03-07T12:41:52+00:00","breadcrumb":{"@id":"https:\/\/coastalinns.com\/fr\/coastal-inn-sackville\/#breadcrumb"},"inLanguage":"fr-FR","potentialAction":[{"@type":"ReadAction","target":["https:\/\/coastalinns.com\/fr\/coastal-inn-sackville\/"]}]},{"@type":"ImageObject","inLanguage":"fr-FR","@id":"https:\/\/coastalinns.com\/fr\/coastal-inn-sackville\/#primaryimage","url":"https:\/\/coastalinns.com\/wordpress2\/wp-content\/uploads\/2022\/08\/IMG_2357-e1661202033833-300x225.jpg","contentUrl":"https:\/\/coastalinns.com\/wordpress2\/wp-content\/uploads\/2022\/08\/IMG_2357-e1661202033833-300x225.jpg"},{"@type":"BreadcrumbList","@id":"https:\/\/coastalinns.com\/fr\/coastal-inn-sackville\/#breadcrumb","itemListElement":[{"@type":"ListItem","position":1,"name":"Home","item":"https:\/\/coastalinns.com\/fr\/"},{"@type":"ListItem","position":2,"name":"Coastal Inn Sackville"}]},{"@type":"WebSite","@id":"https:\/\/coastalinns.com\/#website","url":"https:\/\/coastalinns.com\/","name":"Coastal Inns Hotels and Motels","description":"Independent, locally owned hotel chain in Atlantic Canada","potentialAction":[{"@type":"SearchAction","target":{"@type":"EntryPoint","urlTemplate":"https:\/\/coastalinns.com\/?s={search_term_string}"},"query-input":{"@type":"PropertyValueSpecification","valueRequired":true,"valueName":"search_term_string"}}],"inLanguage":"fr-FR"}]}},"_links":{"self":[{"href":"https:\/\/coastalinns.com\/fr\/wp-json\/wp\/v2\/pages\/1709","targetHints":{"allow":["GET"]}}],"collection":[{"href":"https:\/\/coastalinns.com\/fr\/wp-json\/wp\/v2\/pages"}],"about":[{"href":"https:\/\/coastalinns.com\/fr\/wp-json\/wp\/v2\/types\/page"}],"author":[{"embeddable":true,"href":"https:\/\/coastalinns.com\/fr\/wp-json\/wp\/v2\/users\/1"}],"replies":[{"embeddable":true,"href":"https:\/\/coastalinns.com\/fr\/wp-json\/wp\/v2\/comments?post=1709"}],"version-history":[{"count":13,"href":"https:\/\/coastalinns.com\/fr\/wp-json\/wp\/v2\/pages\/1709\/revisions"}],"predecessor-version":[{"id":5226,"href":"https:\/\/coastalinns.com\/fr\/wp-json\/wp\/v2\/pages\/1709\/revisions\/5226"}],"wp:attachment":[{"href":"https:\/\/coastalinns.com\/fr\/wp-json\/wp\/v2\/media?parent=1709"}],"curies":[{"name":"wp","href":"https:\/\/api.w.org\/{rel}","templated":true}]}}