{"id":1705,"date":"2016-10-12T12:36:03","date_gmt":"2016-10-12T12:36:03","guid":{"rendered":"https:\/\/coastalinns.com\/wordpress2\/?page_id=1705&#038;lang=fr"},"modified":"2025-03-07T12:43:13","modified_gmt":"2025-03-07T12:43:13","slug":"coastal-inn-halifax","status":"publish","type":"page","link":"https:\/\/coastalinns.com\/fr\/coastal-inn-halifax\/","title":{"rendered":"Coastal Inn Halifax"},"content":{"rendered":"<div class=\"wpb-content-wrapper\"><p>[vc_row][vc_column][vc_row_inner][vc_column_inner][vc_column_text css=&#8221;&#8221;]<a style=\"background: linear-gradient(to bottom, rgba(147,15,2,1) 0%,rgba(255,48,25,1) 99%); color: #fff; text-decoration: none; font-size: 16px; margin-top: 10px; margin-bottom: 10px; border-radius: 10px; padding: 10px 35px 10px 35px;\" title=\"Coastal Inn - Reserve Online Now\" href=\"https:\/\/reservation.asiwebres.com\/v5\/RoomAvailability.aspx?id=8a7c880e16494a6583c26779bb4517cb&amp;lang=en&amp;Curr=4\">R\u00e9servez Maintenant<\/a><span class=\"address\" style=\"font-size: 18px; position: relative; top: 4px;\">\u00a0\u00a0Address: 98 Chain Lake Drive., Halifax, NS. B3S 1A2 | R\u00e9servations en direct: <a href=\"tel:18556038999\">1-855-603-8999<\/a><\/span>[\/vc_column_text][\/vc_column_inner][\/vc_row_inner][vc_empty_space height=&#8221;20px&#8221;][vc_column_text]<\/p>\n<h3>\u00c0 propos de Coastal Inn Halifax<\/h3>\n<p>[\/vc_column_text][vc_tta_tabs color=&#8221;blue&#8221; active_section=&#8221;1&#8243;][vc_tta_section title=&#8221;Notre H\u00f4tel&#8221; tab_id=&#8221;1444070396940-ce145782-c6c0&#8243;][vc_column_text]<img loading=\"lazy\" decoding=\"async\" class=\"alignleft wp-image-483\" src=\"http:\/\/coastalinns.com\/wordpress\/wp-content\/uploads\/2015\/10\/284280_coastal-exterior-1024x680.jpg\" alt=\"284280_coastal-exterior\" width=\"380\" height=\"252\" srcset=\"https:\/\/coastalinns.com\/wordpress2\/wp-content\/uploads\/2015\/10\/284280_coastal-exterior.jpg 1024w, https:\/\/coastalinns.com\/wordpress2\/wp-content\/uploads\/2015\/10\/284280_coastal-exterior-300x199.jpg 300w\" sizes=\"auto, (max-width: 380px) 100vw, 380px\" \/><strong>Le Coastal Inn Halifax, en Nouvelle-\u00c9cosse, est id\u00e9alement situ\u00e9 dans le parc d&#8217;affaires du lac Bayers.<\/strong><\/p>\n<p>Nos chambres d&#8217;h\u00f4tes de luxe bien am\u00e9nag\u00e9es et les suites de deux chambres offrent tout ce dont vous avez besoin pour rendre votre s\u00e9jour exceptionnel, et \u00e0 un prix que vous pouvez appr\u00e9cier.<\/p>\n<p>Lorsque vous voyagez en voyage d&#8217;affaires ou en famille, le Coastal Inn Halifax (lac Bayers) offre le m\u00e9lange parfait de charme d\u00e9contract\u00e9 et le confort de la maison.<\/p>\n<hr \/>\n<p><img loading=\"lazy\" decoding=\"async\" class=\"alignleft wp-image-1436\" src=\"http:\/\/coastalinns.com\/wordpress\/wp-content\/uploads\/2015\/10\/Canada-Select-3.5-Star-.jpg\" alt=\"Canada Select 3.5 Star\" width=\"148\" height=\"110\" srcset=\"https:\/\/coastalinns.com\/wordpress2\/wp-content\/uploads\/2015\/10\/Canada-Select-3.5-Star-.jpg 720w, https:\/\/coastalinns.com\/wordpress2\/wp-content\/uploads\/2015\/10\/Canada-Select-3.5-Star--300x225.jpg 300w\" sizes=\"auto, (max-width: 148px) 100vw, 148px\" \/><\/p>\n<p><img loading=\"lazy\" decoding=\"async\" class=\"alignleft\" src=\"https:\/\/coastalinns.com\/wordpress\/wp-content\/uploads\/2016\/06\/CAA-color-logo.jpg\" alt=\"\" width=\"85\" height=\"41\" \/>[\/vc_column_text][\/vc_tta_section][vc_tta_section title=&#8221;Chambres&#8221; tab_id=&#8221;1444070397093-e2e74b2b-5659&#8243;][vc_column_text]<img loading=\"lazy\" decoding=\"async\" class=\"alignleft wp-image-480\" src=\"http:\/\/coastalinns.com\/wordpress\/wp-content\/uploads\/2015\/10\/284210_exhibition-park-partner__2_.jpg\" alt=\"284210_exhibition-park-partner__2_\" width=\"366\" height=\"243\" srcset=\"https:\/\/coastalinns.com\/wordpress2\/wp-content\/uploads\/2015\/10\/284210_exhibition-park-partner__2_.jpg 550w, https:\/\/coastalinns.com\/wordpress2\/wp-content\/uploads\/2015\/10\/284210_exhibition-park-partner__2_-300x199.jpg 300w\" sizes=\"auto, (max-width: 366px) 100vw, 366px\" \/><strong>Chambres King<\/strong><\/p>\n<p>Dispose d&#8217;un lit king avec notre programme de literie de luxe, une table de travail avec chaise de travail et lampe de bureau, fauteuil.<\/p>\n<p><strong>Chambres doubles queen<\/strong><\/p>\n<p>Caract\u00e9ristiques 2 lits queen avec notre programme de literie de luxe, fauteuil.<\/p>\n<p><strong>Suite 2 pi\u00e8ces<\/strong><\/p>\n<p>Dispose d&#8217;un lit king dans la chambre avec notre programme de literie de luxe, 32 &#8220;\u00e9cran plat, lecteur DVD. Portes coulissantes en verre fran\u00e7ais s\u00e9pare le salon qui dispose d&#8217;un double canap\u00e9-lit, 42 &#8220;\u00e9cran plat et son propre lecteur DVD, un fauteuil, et table \u00e0 manger avec 2 chaises.<\/p>\n<p><strong>Suite Lune de Miel<\/strong><\/p>\n<p>Spacieuse suite lune de miel dans une atmosph\u00e8re chaleureuse romantique avec lit king, et une baignoire \u00e0 jet d&#8217;angle. La salle de bain a sa et son \u00e9vier avec un stand de douche. Table ronde avec 2 chaises hautes confortables, foyer \u00e9lectrique pour cette ambiance sp\u00e9ciale.<\/p>\n<p><strong>Profitez de notre petit d\u00e9jeuner gratuit &#8220;Plus&#8221;!<\/strong>[\/vc_column_text][\/vc_tta_section][vc_tta_section title=&#8221;Information Pratique&#8221; tab_id=&#8221;1444071443888-cee701c8-254d&#8221;][vc_column_text]<\/p>\n<div style=\"float: right; margin-right: 30px;\">\n<p><strong>\u00c9quipements<\/strong><\/p>\n<p>Piscine int\u00e9rieure<br \/>\nCentre d&#8217;affaires<br \/>\nSalle de r\u00e9union \/ banquet<br \/>\nService de blanchisserie<br \/>\nCentre Fitness<br \/>\nTerrasse ferm\u00e9e en plein air<br \/>\nMessagerie vocale<\/p>\n<\/div>\n<p><img loading=\"lazy\" decoding=\"async\" class=\"alignleft wp-image-481\" style=\"padding-bottom: 70px;\" src=\"http:\/\/coastalinns.com\/wordpress\/wp-content\/uploads\/2015\/10\/284211_exhibition-park-partner__4_-300x199.jpg\" alt=\"284211_exhibition-park-partner__4_\" width=\"328\" height=\"294\" \/><\/p>\n<div>\n<p><strong>Chaque chambre a<\/strong><\/p>\n<p>TV \u00e0 \u00e9cran plat<br \/>\nMini r\u00e9frig\u00e9rateur<br \/>\nMicro onde<br \/>\nMachine \u00e0 caf\u00e9 Keurig<br \/>\nLecteur de DVD<br \/>\nFer et planche \u00e0 repasser<br \/>\nS\u00e8che-cheveux<br \/>\nInternet haut d\u00e9bit gratuit<br \/>\nUnit\u00e9 de chauffage et de climatisation \u00e0 commande individuelle<\/p>\n<\/div>\n<p>[\/vc_column_text][\/vc_tta_section][vc_tta_section title=&#8221;Attractions et Activit\u00e9s Locales&#8221; tab_id=&#8221;1444071580603-01592e64-62f8&#8243;][vc_row_inner][vc_column_inner width=&#8221;1\/2&#8243;]<div id=\"ult-carousel-340469136769e6811282257\" class=\"ult-carousel-wrapper   ult_horizontal\" data-gutter=\"15\" data-rtl=\"false\" ><div class=\"ult-carousel-57878806969e6811282145 \" >[vc_single_image image=&#8221;1465&#8243; img_size=&#8221;full&#8221;][vc_single_image image=&#8221;1464&#8243; img_size=&#8221;full&#8221;][vc_single_image image=&#8221;1161&#8243; img_size=&#8221;full&#8221;][vc_single_image image=&#8221;1470&#8243; img_size=&#8221;full&#8221;][vc_single_image image=&#8221;1472&#8243; img_size=&#8221;full&#8221;][vc_single_image image=&#8221;1471&#8243; img_size=&#8221;full&#8221;][vc_single_image image=&#8221;1466&#8243; img_size=&#8221;full&#8221;]<\/div><\/div>\t\t\t<script type=\"text\/javascript\">\n\t\t\t\tjQuery(document).ready(function ($) {\n\t\t\t\t\tif( typeof jQuery('.ult-carousel-57878806969e6811282145').slick == \"function\"){\n\t\t\t\t\t\t$('.ult-carousel-57878806969e6811282145').slick({dots: false,autoplay: true,autoplaySpeed: \"0\",speed: \"5000\",infinite: true,arrows: false,slidesToScroll:1,slidesToShow:1,swipe: true,draggable: true,touchMove: true,pauseOnHover: true,pauseOnFocus: false,responsive: [\n\t\t\t\t\t\t\t{\n\t\t\t\t\t\t\t  breakpoint: 1026,\n\t\t\t\t\t\t\t  settings: {\n\t\t\t\t\t\t\t\tslidesToShow: 1,\n\t\t\t\t\t\t\t\tslidesToScroll: 1,  \n\t\t\t\t\t\t\t  }\n\t\t\t\t\t\t\t},\n\t\t\t\t\t\t\t{\n\t\t\t\t\t\t\t  breakpoint: 1025,\n\t\t\t\t\t\t\t  settings: {\n\t\t\t\t\t\t\t\tslidesToShow: 1,\n\t\t\t\t\t\t\t\tslidesToScroll: 1\n\t\t\t\t\t\t\t  }\n\t\t\t\t\t\t\t},\n\t\t\t\t\t\t\t{\n\t\t\t\t\t\t\t  breakpoint: 760,\n\t\t\t\t\t\t\t  settings: {\n\t\t\t\t\t\t\t\tslidesToShow: 1,\n\t\t\t\t\t\t\t\tslidesToScroll: 1\n\t\t\t\t\t\t\t  }\n\t\t\t\t\t\t\t}\n\t\t\t\t\t\t],pauseOnDotsHover: true,customPaging: function(slider, i) {\n                   return '<i type=\"button\" style= \"color:#333333;\" class=\"ultsl-record\" data-role=\"none\"><\/i>';\n                },});\n\t\t\t\t\t}\n\t\t\t\t});\n\t\t\t<\/script>\n\t\t\t[\/vc_column_inner][vc_column_inner width=&#8221;1\/2&#8243;][vc_column_text]<strong>Beaucoup d&#8217;autres attractions et \u00e9v\u00e9nements sont situ\u00e9s dans et autour de Halifax. D\u00e9couvrez pourquoi Halifax est devenu un endroit de classe mondiale pour visiter et faire des affaires.<\/strong><\/p>\n<div style=\"float: right; margin-right: 40px;\">\n<p><strong>\u00c0 proximit\u00e9<\/strong><\/p>\n<ul>\n<li>Boston Pizza<\/li>\n<li>Canadiana Restaurant<\/li>\n<li>East Side Mario\u2019s<\/li>\n<li>Jack Astor\u2019s<\/li>\n<li>Jungle Jim\u2019s<\/li>\n<li>Moxie&#8217;s Grill &amp; Bar<\/li>\n<li>Montana\u2019s Cookhouse<\/li>\n<li>Pizza Delight<\/li>\n<li>Cheachie\u2019s Mexican Grill<\/li>\n<li>La Cucina<\/li>\n<li>Ela<\/li>\n<\/ul>\n<\/div>\n<div>\n<p><strong>Attractions locales<\/strong><\/p>\n<ul>\n<li>Privateers Harley Davidson .5 km<\/li>\n<li>Halifax Metro Centre 10 km<\/li>\n<li>Titanic Grave site 8 km<\/li>\n<li>The Putting Edge 2.1 km<\/li>\n<li>Peggy\u2019s Cove 40 km<\/li>\n<li>Trampoline Park 12.9 km<\/li>\n<li>Exhibition Park 2 km<\/li>\n<li>Scotiabank Centre 9.2 km<\/li>\n<li>Discovery Centre 10 km<\/li>\n<li>Scotiabank Theatre Cineplex 1.5 km<\/li>\n<li>Dalhousie University 10 km<\/li>\n<li>Costco Wholesale 3.4 km<\/li>\n<li>Hip, Skip, Jump 1.5 km<\/li>\n<\/ul>\n<\/div>\n<p>[\/vc_column_text][\/vc_column_inner][\/vc_row_inner][\/vc_tta_section][vc_tta_section title=&#8221;Offres Promotionnelles&#8221; tab_id=&#8221;1446565904583-5b43a3a8-5b4b&#8221;][vc_column_text]<img loading=\"lazy\" decoding=\"async\" class=\"alignleft size-thumbnail wp-image-1502\" src=\"http:\/\/coastalinns.com\/wordpress\/wp-content\/uploads\/2015\/10\/Biker-Picture-150x150.png\" alt=\"Biker Picture\" width=\"150\" height=\"150\" \/><strong>Le Coastal Inn Halifax offre l&#8217;hospitalit\u00e9 maritime authentique et accueille tous les amateurs de moto!<\/strong><\/p>\n<p>Faire une tourn\u00e9e d&#8217;\u00e9t\u00e9 avec le v\u00e9lo cette ann\u00e9e? Appelez notre num\u00e9ro sans frais 1-855-603-8999 pour nous renseigner sur nos offres sp\u00e9ciales \u00abWhere Hospitality Meets the Road\u00bb.<\/p>\n<p>Doit \u00eatre en voyage sur une moto pour se qualifier pour ce paquet. Non valide avec des offres de coupons ou d&#8217;autres promotions. Valable du 1er mai au 31 octobre 2016. Sous r\u00e9serve de disponibilit\u00e9 et des taxes applicables. Tarif bas\u00e9 sur une occupation simple ou double.<\/p>\n<p>Le forfait comprend: Le petit-d\u00e9jeuner continental \u00abCoastal Plus\u00bb gratuit, une carte de 10 $ pour le gaz, un sac de micro-ondes gratuit, une location de films DVD gratuite, un kit de nettoyage \u00abCoastal Cleaning Kit\u00bb \u00e0 l&#8217;arriv\u00e9e (1 kit par s\u00e9jour)<\/p>\n<p>Les tarifs commencent \u00e0 129,00 $ plus les taxes applicables.[\/vc_column_text][\/vc_tta_section][\/vc_tta_tabs][vc_empty_space height=&#8221;20px&#8221;][\/vc_column][\/vc_row][vc_row][vc_column][vc_empty_space][\/vc_column][\/vc_row][vc_row][vc_column][vc_row_inner][vc_column_inner][vc_column_text]<\/p>\n<h3 style=\"text-align: center;\"><strong>&#8212; Notre Emplacement \u00e0 Halifax &#8212;<\/strong><\/h3>\n<p>[\/vc_column_text][\/vc_column_inner][\/vc_row_inner][vc_row_inner][vc_column_inner width=&#8221;1\/2&#8243;][vc_column_text]<div id=\"yt-container\" class=\"ytpp-main\">\n        <a name=\"ytplayer\" class=\"f\"><iframe name=\"ytpl-frame\" id=\"ytpl-frame\" type=\"text\/html\" rel=\"pHSCzggeUR8\" src=\"https:\/\/www.youtube.com\/embed\/pHSCzggeUR8?rel=0&hd=1&version=3&iv_load_policy=3&showinfo=0&controls=0&origin=https:\/\/coastalinns.com\/fr\/\" width=\"560\" height=\"315\" loading=\"lazy\" referrerpolicy=\"strict-origin-when-cross-origin\"><\/iframe><\/a>\n        <div id=\"ytpp-playlist-container\" class=\"ytpp-playlist-container\" data-playlist=\"pHSCzggeUR8\"><div id=\"ytplayer_div2\"><\/div><\/div>\n    <\/div>[\/vc_column_text][\/vc_column_inner][vc_column_inner width=&#8221;1\/2&#8243;][vc_column_text]<iframe loading=\"lazy\" style=\"border: 0;\" src=\"https:\/\/www.google.com\/maps\/embed?pb=!1m18!1m12!1m3!1d2839.0467689636043!2d-63.669232484143045!3d44.63696107909995!2m3!1f0!2f0!3f0!3m2!1i1024!2i768!4f13.1!3m3!1m2!1s0x4b5a202d32cbe587%3A0xd73215fc3240addd!2sCoastal+Inn+Halifax!5e0!3m2!1sen!2sca!4v1541167454695\" width=\"100%\" height=\"450\" frameborder=\"0\" allowfullscreen=\"allowfullscreen\"><\/iframe>[\/vc_column_text][vc_btn title=&#8221;T\u00e9l\u00e9charger notre brochure&#8221; style=&#8221;3d&#8221; color=&#8221;inverse&#8221; size=&#8221;lg&#8221; align=&#8221;center&#8221; i_icon_fontawesome=&#8221;fa fa-file-pdf-o&#8221; add_icon=&#8221;true&#8221; link=&#8221;url:http%3A%2F%2Fcoastalinns.com%2Fwordpress%2Fwp-content%2Fuploads%2F2016%2F01%2F287612_ci-halifax_pc_2015_web.pdf||target:%20_blank&#8221;][\/vc_column_inner][\/vc_row_inner][\/vc_column][\/vc_row]<\/p>\n<\/div>","protected":false},"excerpt":{"rendered":"<p>[vc_row][vc_column][vc_row_inner][vc_column_inner][vc_column_text css=&#8221;&#8221;]R\u00e9servez Maintenant\u00a0\u00a0Address: 98 Chain Lake Drive., Halifax, NS. B3S 1A2 | R\u00e9servations en direct: 1-855-603-8999[\/vc_column_text][\/vc_column_inner][\/vc_row_inner][vc_empty_space height=&#8221;20px&#8221;][vc_column_text] \u00c0 propos de Coastal Inn Halifax [\/vc_column_text][vc_tta_tabs color=&#8221;blue&#8221; active_section=&#8221;1&#8243;][vc_tta_section title=&#8221;Notre H\u00f4tel&#8221; tab_id=&#8221;1444070396940-ce145782-c6c0&#8243;][vc_column_text]Le Coastal Inn Halifax, en Nouvelle-\u00c9cosse, est id\u00e9alement situ\u00e9 dans le parc d&#8217;affaires du lac Bayers. Nos chambres d&#8217;h\u00f4tes de luxe bien am\u00e9nag\u00e9es et les suites de&hellip;<\/p>\n","protected":false},"author":1,"featured_media":0,"parent":0,"menu_order":0,"comment_status":"closed","ping_status":"closed","template":"","meta":{"_exactmetrics_skip_tracking":false,"_exactmetrics_sitenote_active":false,"_exactmetrics_sitenote_note":"","_exactmetrics_sitenote_category":0,"footnotes":""},"class_list":["post-1705","page","type-page","status-publish","hentry","description-off"],"yoast_head":"<!-- This site is optimized with the Yoast SEO plugin v27.0 - https:\/\/yoast.com\/product\/yoast-seo-wordpress\/ -->\n<title>Coastal Inn Halifax - Coastal Inns Hotels and Motels<\/title>\n<meta name=\"robots\" content=\"index, follow, max-snippet:-1, max-image-preview:large, max-video-preview:-1\" \/>\n<link rel=\"canonical\" href=\"https:\/\/coastalinns.com\/fr\/coastal-inn-halifax\/\" \/>\n<meta property=\"og:locale\" content=\"fr_FR\" \/>\n<meta property=\"og:type\" content=\"article\" \/>\n<meta property=\"og:title\" content=\"Coastal Inn Halifax - Coastal Inns Hotels and Motels\" \/>\n<meta property=\"og:description\" content=\"[vc_row][vc_column][vc_row_inner][vc_column_inner][vc_column_text css=&#8221;&#8221;]R\u00e9servez Maintenant\u00a0\u00a0Address: 98 Chain Lake Drive., Halifax, NS. B3S 1A2 | R\u00e9servations en direct: 1-855-603-8999[\/vc_column_text][\/vc_column_inner][\/vc_row_inner][vc_empty_space height=&#8221;20px&#8221;][vc_column_text] \u00c0 propos de Coastal Inn Halifax [\/vc_column_text][vc_tta_tabs color=&#8221;blue&#8221; active_section=&#8221;1&#8243;][vc_tta_section title=&#8221;Notre H\u00f4tel&#8221; tab_id=&#8221;1444070396940-ce145782-c6c0&#8243;][vc_column_text]Le Coastal Inn Halifax, en Nouvelle-\u00c9cosse, est id\u00e9alement situ\u00e9 dans le parc d&#8217;affaires du lac Bayers. Nos chambres d&#8217;h\u00f4tes de luxe bien am\u00e9nag\u00e9es et les suites de&hellip;\" \/>\n<meta property=\"og:url\" content=\"https:\/\/coastalinns.com\/fr\/coastal-inn-halifax\/\" \/>\n<meta property=\"og:site_name\" content=\"Coastal Inns Hotels and Motels\" \/>\n<meta property=\"article:modified_time\" content=\"2025-03-07T12:43:13+00:00\" \/>\n<meta property=\"og:image\" content=\"http:\/\/coastalinns.com\/wordpress\/wp-content\/uploads\/2015\/10\/284280_coastal-exterior-1024x680.jpg\" \/>\n<meta name=\"twitter:card\" content=\"summary_large_image\" \/>\n<meta name=\"twitter:label1\" content=\"Dur\u00e9e de lecture estim\u00e9e\" \/>\n\t<meta name=\"twitter:data1\" content=\"4 minutes\" \/>\n<!-- \/ Yoast SEO plugin. -->","yoast_head_json":{"title":"Coastal Inn Halifax - Coastal Inns Hotels and Motels","robots":{"index":"index","follow":"follow","max-snippet":"max-snippet:-1","max-image-preview":"max-image-preview:large","max-video-preview":"max-video-preview:-1"},"canonical":"https:\/\/coastalinns.com\/fr\/coastal-inn-halifax\/","og_locale":"fr_FR","og_type":"article","og_title":"Coastal Inn Halifax - Coastal Inns Hotels and Motels","og_description":"[vc_row][vc_column][vc_row_inner][vc_column_inner][vc_column_text css=&#8221;&#8221;]R\u00e9servez Maintenant\u00a0\u00a0Address: 98 Chain Lake Drive., Halifax, NS. B3S 1A2 | R\u00e9servations en direct: 1-855-603-8999[\/vc_column_text][\/vc_column_inner][\/vc_row_inner][vc_empty_space height=&#8221;20px&#8221;][vc_column_text] \u00c0 propos de Coastal Inn Halifax [\/vc_column_text][vc_tta_tabs color=&#8221;blue&#8221; active_section=&#8221;1&#8243;][vc_tta_section title=&#8221;Notre H\u00f4tel&#8221; tab_id=&#8221;1444070396940-ce145782-c6c0&#8243;][vc_column_text]Le Coastal Inn Halifax, en Nouvelle-\u00c9cosse, est id\u00e9alement situ\u00e9 dans le parc d&#8217;affaires du lac Bayers. Nos chambres d&#8217;h\u00f4tes de luxe bien am\u00e9nag\u00e9es et les suites de&hellip;","og_url":"https:\/\/coastalinns.com\/fr\/coastal-inn-halifax\/","og_site_name":"Coastal Inns Hotels and Motels","article_modified_time":"2025-03-07T12:43:13+00:00","og_image":[{"url":"http:\/\/coastalinns.com\/wordpress\/wp-content\/uploads\/2015\/10\/284280_coastal-exterior-1024x680.jpg","type":"","width":"","height":""}],"twitter_card":"summary_large_image","twitter_misc":{"Dur\u00e9e de lecture estim\u00e9e":"4 minutes"},"schema":{"@context":"https:\/\/schema.org","@graph":[{"@type":"WebPage","@id":"https:\/\/coastalinns.com\/fr\/coastal-inn-halifax\/","url":"https:\/\/coastalinns.com\/fr\/coastal-inn-halifax\/","name":"Coastal Inn Halifax - Coastal Inns Hotels and Motels","isPartOf":{"@id":"https:\/\/coastalinns.com\/#website"},"primaryImageOfPage":{"@id":"https:\/\/coastalinns.com\/fr\/coastal-inn-halifax\/#primaryimage"},"image":{"@id":"https:\/\/coastalinns.com\/fr\/coastal-inn-halifax\/#primaryimage"},"thumbnailUrl":"http:\/\/coastalinns.com\/wordpress\/wp-content\/uploads\/2015\/10\/284280_coastal-exterior-1024x680.jpg","datePublished":"2016-10-12T12:36:03+00:00","dateModified":"2025-03-07T12:43:13+00:00","breadcrumb":{"@id":"https:\/\/coastalinns.com\/fr\/coastal-inn-halifax\/#breadcrumb"},"inLanguage":"fr-FR","potentialAction":[{"@type":"ReadAction","target":["https:\/\/coastalinns.com\/fr\/coastal-inn-halifax\/"]}]},{"@type":"ImageObject","inLanguage":"fr-FR","@id":"https:\/\/coastalinns.com\/fr\/coastal-inn-halifax\/#primaryimage","url":"http:\/\/coastalinns.com\/wordpress\/wp-content\/uploads\/2015\/10\/284280_coastal-exterior-1024x680.jpg","contentUrl":"http:\/\/coastalinns.com\/wordpress\/wp-content\/uploads\/2015\/10\/284280_coastal-exterior-1024x680.jpg"},{"@type":"BreadcrumbList","@id":"https:\/\/coastalinns.com\/fr\/coastal-inn-halifax\/#breadcrumb","itemListElement":[{"@type":"ListItem","position":1,"name":"Home","item":"https:\/\/coastalinns.com\/fr\/"},{"@type":"ListItem","position":2,"name":"Coastal Inn Halifax"}]},{"@type":"WebSite","@id":"https:\/\/coastalinns.com\/#website","url":"https:\/\/coastalinns.com\/","name":"Coastal Inns Hotels and Motels","description":"Independent, locally owned hotel chain in Atlantic Canada","potentialAction":[{"@type":"SearchAction","target":{"@type":"EntryPoint","urlTemplate":"https:\/\/coastalinns.com\/?s={search_term_string}"},"query-input":{"@type":"PropertyValueSpecification","valueRequired":true,"valueName":"search_term_string"}}],"inLanguage":"fr-FR"}]}},"_links":{"self":[{"href":"https:\/\/coastalinns.com\/fr\/wp-json\/wp\/v2\/pages\/1705","targetHints":{"allow":["GET"]}}],"collection":[{"href":"https:\/\/coastalinns.com\/fr\/wp-json\/wp\/v2\/pages"}],"about":[{"href":"https:\/\/coastalinns.com\/fr\/wp-json\/wp\/v2\/types\/page"}],"author":[{"embeddable":true,"href":"https:\/\/coastalinns.com\/fr\/wp-json\/wp\/v2\/users\/1"}],"replies":[{"embeddable":true,"href":"https:\/\/coastalinns.com\/fr\/wp-json\/wp\/v2\/comments?post=1705"}],"version-history":[{"count":15,"href":"https:\/\/coastalinns.com\/fr\/wp-json\/wp\/v2\/pages\/1705\/revisions"}],"predecessor-version":[{"id":5227,"href":"https:\/\/coastalinns.com\/fr\/wp-json\/wp\/v2\/pages\/1705\/revisions\/5227"}],"wp:attachment":[{"href":"https:\/\/coastalinns.com\/fr\/wp-json\/wp\/v2\/media?parent=1705"}],"curies":[{"name":"wp","href":"https:\/\/api.w.org\/{rel}","templated":true}]}}