{"id":1703,"date":"2016-10-12T12:34:38","date_gmt":"2016-10-12T12:34:38","guid":{"rendered":"https:\/\/coastalinns.com\/wordpress2\/?page_id=1703&#038;lang=fr"},"modified":"2025-03-07T12:44:03","modified_gmt":"2025-03-07T12:44:03","slug":"coastal-inn-digby","status":"publish","type":"page","link":"https:\/\/coastalinns.com\/fr\/coastal-inn-digby\/","title":{"rendered":"Coastal Inn Digby"},"content":{"rendered":"<div class=\"wpb-content-wrapper\"><p>[vc_row][vc_column][vc_empty_space height=&#8221;20px&#8221;][vc_row_inner][vc_column_inner][vc_column_text css=&#8221;&#8221;]<a style=\"background: linear-gradient(to bottom, rgba(147,15,2,1) 0%,rgba(255,48,25,1) 99%); color: #fff; text-decoration: none; font-size: 16px; margin-top: 10px; margin-bottom: 10px; border-radius: 10px; padding: 10px 35px 10px 35px;\" title=\"Coastal Inn - Reserve Online Now\" href=\"https:\/\/reservation.asiwebres.com\/v5\/RoomAvailability.aspx?id=25f838000b8c4edb92cc38603421b34d&amp;lang=en&amp;Curr=4\">R\u00e9servez Maintenant<\/a><span class=\"address\" style=\"font-size: 18px; position: relative; top: 4px;\">\u00a0\u00a0Address: 111 Warwick St. Box 280 Digby, NS. B0V 1A0 | R\u00e9servations en direct: <a href=\"tel:18004011155\">1-800-401-1155<\/a><\/span>[\/vc_column_text][\/vc_column_inner][\/vc_row_inner][vc_empty_space height=&#8221;20px&#8221;][vc_column_text]<\/p>\n<h3>\u00c0 propos de Coastal Inn Digby<\/h3>\n<p>[\/vc_column_text][vc_tta_tabs color=&#8221;blue&#8221; active_section=&#8221;1&#8243;][vc_tta_section title=&#8221;Notre H\u00f4tel&#8221; tab_id=&#8221;1444070396940-ce145782-c6c0&#8243;][vc_column_text]<img loading=\"lazy\" decoding=\"async\" class=\"alignleft wp-image-441\" src=\"http:\/\/coastalinns.com\/wordpress\/wp-content\/uploads\/2015\/10\/281802_coastalroadtrip-46-2-1-1024x576.jpg\" alt=\"281802_coastalroadtrip-46-2-1\" width=\"333\" height=\"187\" srcset=\"https:\/\/coastalinns.com\/wordpress2\/wp-content\/uploads\/2015\/10\/281802_coastalroadtrip-46-2-1.jpg 1024w, https:\/\/coastalinns.com\/wordpress2\/wp-content\/uploads\/2015\/10\/281802_coastalroadtrip-46-2-1-300x169.jpg 300w\" sizes=\"auto, (max-width: 333px) 100vw, 333px\" \/><strong>Nous avons 36 unit\u00e9s climatis\u00e9es spacieuses (m\u00e9nage disponible).<\/strong><\/p>\n<p>Les \u00e9quipements incluent TV \u00e0 \u00e9cran plat, laverie automatique, salle de conf\u00e9rence, acc\u00e8s pour fauteuils roulants, acc\u00e8s Internet haut d\u00e9bit, aire de jeux pour enfants.<\/p>\n<p>Le Coastal Inn se trouve \u00e0 quelques minutes du ferry Saint John au c\u0153ur du sentier Evangeline.<\/p>\n<hr style=\"margin-bottom: 10px;\" \/>\n<p><img loading=\"lazy\" decoding=\"async\" class=\"alignleft wp-image-1497\" src=\"http:\/\/coastalinns.com\/wordpress\/wp-content\/uploads\/2015\/10\/LOGO-3-Star-Canada-Select--150x150.jpg\" alt=\"LOGO 3 Star Canada Select\" width=\"84\" height=\"84\" \/><img loading=\"lazy\" decoding=\"async\" class=\"alignleft\" src=\"https:\/\/coastalinns.com\/wordpress\/wp-content\/uploads\/2016\/06\/gk4.jpg\" alt=\"\" width=\"63\" height=\"39\" border=\"0\" \/>[\/vc_column_text][\/vc_tta_section][vc_tta_section title=&#8221;Chambres&#8221; tab_id=&#8221;1465998235058-89b76e29-b181&#8243;][vc_column_text][\/vc_column_text][\/vc_tta_section][vc_tta_section title=&#8221;Information Pratique&#8221; tab_id=&#8221;1444070397093-e2e74b2b-5659&#8243;][vc_column_text]<img loading=\"lazy\" decoding=\"async\" class=\" wp-image-1207 alignleft\" src=\"http:\/\/coastalinns.com\/wordpress\/wp-content\/uploads\/2015\/10\/255127_traveller.jpg\" alt=\"255127_traveller\" width=\"259\" height=\"174\" \/><strong>Notre h\u00f4tel Digby Coastal Inn vous propose:<\/strong><\/p>\n<p>Acc\u00e8s Internet sans fil &#8211; GRATUIT<br \/>\nAppels locaux illimit\u00e9s &#8211; LIBRE<br \/>\nPetit d\u00e9jeuner Coastal &#8220;Plus&#8221; &#8211; GRATUIT<br \/>\nSalle de lavage des invit\u00e9s<br \/>\nSalle de conf\u00e9rence[\/vc_column_text][\/vc_tta_section][vc_tta_section title=&#8221;Attractions et Activit\u00e9s Locales&#8221; tab_id=&#8221;1444071580603-01592e64-62f8&#8243;][vc_row_inner][vc_column_inner width=&#8221;1\/2&#8243;]<div id=\"ult-carousel-32923191069e4bb504f670\" class=\"ult-carousel-wrapper   ult_horizontal\" data-gutter=\"15\" data-rtl=\"false\" ><div class=\"ult-carousel-175649569869e4bb504f518 \" >[vc_single_image image=&#8221;1092&#8243; img_size=&#8221;full&#8221;][vc_single_image image=&#8221;958&#8243; img_size=&#8221;full&#8221;][vc_single_image image=&#8221;1090&#8243; img_size=&#8221;full&#8221;][vc_single_image image=&#8221;1089&#8243; img_size=&#8221;full&#8221;][vc_single_image image=&#8221;1088&#8243; img_size=&#8221;full&#8221;][vc_single_image image=&#8221;1087&#8243; img_size=&#8221;full&#8221;][vc_single_image image=&#8221;1086&#8243; img_size=&#8221;full&#8221;]<\/div><\/div>\t\t\t<script type=\"text\/javascript\">\n\t\t\t\tjQuery(document).ready(function ($) {\n\t\t\t\t\tif( typeof jQuery('.ult-carousel-175649569869e4bb504f518').slick == \"function\"){\n\t\t\t\t\t\t$('.ult-carousel-175649569869e4bb504f518').slick({dots: false,autoplay: true,autoplaySpeed: \"0\",speed: \"5000\",infinite: true,arrows: false,slidesToScroll:1,slidesToShow:1,swipe: true,draggable: true,touchMove: true,pauseOnHover: true,pauseOnFocus: false,responsive: [\n\t\t\t\t\t\t\t{\n\t\t\t\t\t\t\t  breakpoint: 1026,\n\t\t\t\t\t\t\t  settings: {\n\t\t\t\t\t\t\t\tslidesToShow: 1,\n\t\t\t\t\t\t\t\tslidesToScroll: 1,  \n\t\t\t\t\t\t\t  }\n\t\t\t\t\t\t\t},\n\t\t\t\t\t\t\t{\n\t\t\t\t\t\t\t  breakpoint: 1025,\n\t\t\t\t\t\t\t  settings: {\n\t\t\t\t\t\t\t\tslidesToShow: 1,\n\t\t\t\t\t\t\t\tslidesToScroll: 1\n\t\t\t\t\t\t\t  }\n\t\t\t\t\t\t\t},\n\t\t\t\t\t\t\t{\n\t\t\t\t\t\t\t  breakpoint: 760,\n\t\t\t\t\t\t\t  settings: {\n\t\t\t\t\t\t\t\tslidesToShow: 2,\n\t\t\t\t\t\t\t\tslidesToScroll: 1\n\t\t\t\t\t\t\t  }\n\t\t\t\t\t\t\t}\n\t\t\t\t\t\t],pauseOnDotsHover: true,customPaging: function(slider, i) {\n                   return '<i type=\"button\" style= \"color:#333333;\" class=\"ultsl-record\" data-role=\"none\"><\/i>';\n                },});\n\t\t\t\t\t}\n\t\t\t\t});\n\t\t\t<\/script>\n\t\t\t[\/vc_column_inner][vc_column_inner width=&#8221;1\/2&#8243;][vc_column_text]<strong>Digby Attractions locales et activit\u00e9s:<\/strong><\/p>\n<p>Parcours de golf &#8220;The Pines&#8221; c\u00f4t\u00e9 mer<br \/>\nObservation des baleines au large de Digby Neck<br \/>\nUpper Clements Family Park, pour les jeunes de tous \u00e2ges<br \/>\nParc national de Kejimkujik, une exp\u00e9rience sauvage \u00absauvage\u00bb<br \/>\nLe &#8220;Habitation&#8221;, un fort 1605 restaur\u00e9<br \/>\nBear River &#8211; la Suisse de la Nouvelle-\u00c9cosse<br \/>\nLes p\u00e9toncles c\u00e9l\u00e8bres de Digby[\/vc_column_text][\/vc_column_inner][\/vc_row_inner][\/vc_tta_section][vc_tta_section title=&#8221;Offres Promotionnelles&#8221; tab_id=&#8221;1447095034179-d25b6c1b-0f79&#8243;][vc_column_text]<span style=\"color: #ff0000;\"><b>Venant Forfaits Bient\u00f4t<\/b><\/span>[\/vc_column_text][\/vc_tta_section][\/vc_tta_tabs][vc_row_inner][vc_column_inner width=&#8221;1\/3&#8243;][\/vc_column_inner][vc_column_inner width=&#8221;1\/3&#8243;][\/vc_column_inner][vc_column_inner width=&#8221;1\/3&#8243;][\/vc_column_inner][\/vc_row_inner][vc_empty_space height=&#8221;20px&#8221;][\/vc_column][\/vc_row][vc_row][vc_column][vc_column_text]<\/p>\n<h3 style=\"text-align: center;\"><strong>&#8212; Notre Emplacement \u00e0 Digby &#8212;<\/strong><\/h3>\n<p>[\/vc_column_text][vc_row_inner][vc_column_inner width=&#8221;1\/2&#8243;][vc_column_text]<div id=\"yt-container\" class=\"ytpp-main\">\n        <a name=\"ytplayer\" class=\"f\"><iframe name=\"ytpl-frame\" id=\"ytpl-frame\" type=\"text\/html\" rel=\"bI5v3bU5Cwo\" src=\"https:\/\/www.youtube.com\/embed\/bI5v3bU5Cwo?rel=0&hd=1&version=3&iv_load_policy=3&showinfo=0&controls=0&origin=https:\/\/coastalinns.com\/fr\/\" width=\"560\" height=\"315\" loading=\"lazy\" referrerpolicy=\"strict-origin-when-cross-origin\"><\/iframe><\/a>\n        <div id=\"ytpp-playlist-container\" class=\"ytpp-playlist-container\" data-playlist=\"d2nFUSmW0W0,bI5v3bU5Cwo,ch_HJMYtCUo\"><div id=\"ytplayer_div2\"><\/div><\/div>\n    <\/div>[\/vc_column_text][vc_btn title=&#8221;T\u00e9l\u00e9charger notre brochure&#8221; style=&#8221;3d&#8221; color=&#8221;inverse&#8221; size=&#8221;lg&#8221; align=&#8221;center&#8221; i_icon_fontawesome=&#8221;fa fa-file-pdf-o&#8221; add_icon=&#8221;true&#8221; link=&#8221;url:http%3A%2F%2Fcoastalinns.com%2Fwordpress%2Fwp-content%2Fuploads%2F2016%2F01%2F287613_ci-digby_pc_2015_web.pdf||target:%20_blank&#8221;][\/vc_column_inner][vc_column_inner width=&#8221;1\/2&#8243;][vc_column_text]<\/p>\n<h3><iframe loading=\"lazy\" style=\"border: 0;\" src=\"https:\/\/www.google.com\/maps\/embed?pb=!1m18!1m12!1m3!1d2840.129780111557!2d-65.76773128414371!3d44.61482137910015!2m3!1f0!2f0!3f0!3m2!1i1024!2i768!4f13.1!3m3!1m2!1s0x4ca81d0c1083a651%3A0xe31a4b003dc020a3!2sCoastal+Inn+Digby!5e0!3m2!1sen!2sca!4v1541167286376\" width=\"100%\" height=\"450\" frameborder=\"0\" allowfullscreen=\"allowfullscreen\"><\/iframe><\/h3>\n<p>[\/vc_column_text][\/vc_column_inner][\/vc_row_inner][\/vc_column][\/vc_row]<\/p>\n<\/div>","protected":false},"excerpt":{"rendered":"<p>[vc_row][vc_column][vc_empty_space height=&#8221;20px&#8221;][vc_row_inner][vc_column_inner][vc_column_text css=&#8221;&#8221;]R\u00e9servez Maintenant\u00a0\u00a0Address: 111 Warwick St. Box 280 Digby, NS. B0V 1A0 | R\u00e9servations en direct: 1-800-401-1155[\/vc_column_text][\/vc_column_inner][\/vc_row_inner][vc_empty_space height=&#8221;20px&#8221;][vc_column_text] \u00c0 propos de Coastal Inn Digby [\/vc_column_text][vc_tta_tabs color=&#8221;blue&#8221; active_section=&#8221;1&#8243;][vc_tta_section title=&#8221;Notre H\u00f4tel&#8221; tab_id=&#8221;1444070396940-ce145782-c6c0&#8243;][vc_column_text]Nous avons 36 unit\u00e9s climatis\u00e9es spacieuses (m\u00e9nage disponible). Les \u00e9quipements incluent TV \u00e0 \u00e9cran plat, laverie automatique, salle de conf\u00e9rence, acc\u00e8s pour fauteuils roulants, acc\u00e8s&hellip;<\/p>\n","protected":false},"author":1,"featured_media":0,"parent":0,"menu_order":0,"comment_status":"closed","ping_status":"closed","template":"","meta":{"_exactmetrics_skip_tracking":false,"_exactmetrics_sitenote_active":false,"_exactmetrics_sitenote_note":"","_exactmetrics_sitenote_category":0,"footnotes":""},"class_list":["post-1703","page","type-page","status-publish","hentry","description-off"],"yoast_head":"<!-- This site is optimized with the Yoast SEO plugin v27.0 - https:\/\/yoast.com\/product\/yoast-seo-wordpress\/ -->\n<title>Coastal Inn Digby - Coastal Inns Hotels and Motels<\/title>\n<meta name=\"robots\" content=\"index, follow, max-snippet:-1, max-image-preview:large, max-video-preview:-1\" \/>\n<link rel=\"canonical\" href=\"https:\/\/coastalinns.com\/fr\/coastal-inn-digby\/\" \/>\n<meta property=\"og:locale\" content=\"fr_FR\" \/>\n<meta property=\"og:type\" content=\"article\" \/>\n<meta property=\"og:title\" content=\"Coastal Inn Digby - Coastal Inns Hotels and Motels\" \/>\n<meta property=\"og:description\" content=\"[vc_row][vc_column][vc_empty_space height=&#8221;20px&#8221;][vc_row_inner][vc_column_inner][vc_column_text css=&#8221;&#8221;]R\u00e9servez Maintenant\u00a0\u00a0Address: 111 Warwick St. Box 280 Digby, NS. B0V 1A0 | R\u00e9servations en direct: 1-800-401-1155[\/vc_column_text][\/vc_column_inner][\/vc_row_inner][vc_empty_space height=&#8221;20px&#8221;][vc_column_text] \u00c0 propos de Coastal Inn Digby [\/vc_column_text][vc_tta_tabs color=&#8221;blue&#8221; active_section=&#8221;1&#8243;][vc_tta_section title=&#8221;Notre H\u00f4tel&#8221; tab_id=&#8221;1444070396940-ce145782-c6c0&#8243;][vc_column_text]Nous avons 36 unit\u00e9s climatis\u00e9es spacieuses (m\u00e9nage disponible). Les \u00e9quipements incluent TV \u00e0 \u00e9cran plat, laverie automatique, salle de conf\u00e9rence, acc\u00e8s pour fauteuils roulants, acc\u00e8s&hellip;\" \/>\n<meta property=\"og:url\" content=\"https:\/\/coastalinns.com\/fr\/coastal-inn-digby\/\" \/>\n<meta property=\"og:site_name\" content=\"Coastal Inns Hotels and Motels\" \/>\n<meta property=\"article:modified_time\" content=\"2025-03-07T12:44:03+00:00\" \/>\n<meta property=\"og:image\" content=\"http:\/\/coastalinns.com\/wordpress\/wp-content\/uploads\/2015\/10\/281802_coastalroadtrip-46-2-1-1024x576.jpg\" \/>\n<meta name=\"twitter:card\" content=\"summary_large_image\" \/>\n<meta name=\"twitter:label1\" content=\"Dur\u00e9e de lecture estim\u00e9e\" \/>\n\t<meta name=\"twitter:data1\" content=\"2 minutes\" \/>\n<!-- \/ Yoast SEO plugin. -->","yoast_head_json":{"title":"Coastal Inn Digby - Coastal Inns Hotels and Motels","robots":{"index":"index","follow":"follow","max-snippet":"max-snippet:-1","max-image-preview":"max-image-preview:large","max-video-preview":"max-video-preview:-1"},"canonical":"https:\/\/coastalinns.com\/fr\/coastal-inn-digby\/","og_locale":"fr_FR","og_type":"article","og_title":"Coastal Inn Digby - Coastal Inns Hotels and Motels","og_description":"[vc_row][vc_column][vc_empty_space height=&#8221;20px&#8221;][vc_row_inner][vc_column_inner][vc_column_text css=&#8221;&#8221;]R\u00e9servez Maintenant\u00a0\u00a0Address: 111 Warwick St. Box 280 Digby, NS. B0V 1A0 | R\u00e9servations en direct: 1-800-401-1155[\/vc_column_text][\/vc_column_inner][\/vc_row_inner][vc_empty_space height=&#8221;20px&#8221;][vc_column_text] \u00c0 propos de Coastal Inn Digby [\/vc_column_text][vc_tta_tabs color=&#8221;blue&#8221; active_section=&#8221;1&#8243;][vc_tta_section title=&#8221;Notre H\u00f4tel&#8221; tab_id=&#8221;1444070396940-ce145782-c6c0&#8243;][vc_column_text]Nous avons 36 unit\u00e9s climatis\u00e9es spacieuses (m\u00e9nage disponible). Les \u00e9quipements incluent TV \u00e0 \u00e9cran plat, laverie automatique, salle de conf\u00e9rence, acc\u00e8s pour fauteuils roulants, acc\u00e8s&hellip;","og_url":"https:\/\/coastalinns.com\/fr\/coastal-inn-digby\/","og_site_name":"Coastal Inns Hotels and Motels","article_modified_time":"2025-03-07T12:44:03+00:00","og_image":[{"url":"http:\/\/coastalinns.com\/wordpress\/wp-content\/uploads\/2015\/10\/281802_coastalroadtrip-46-2-1-1024x576.jpg","type":"","width":"","height":""}],"twitter_card":"summary_large_image","twitter_misc":{"Dur\u00e9e de lecture estim\u00e9e":"2 minutes"},"schema":{"@context":"https:\/\/schema.org","@graph":[{"@type":"WebPage","@id":"https:\/\/coastalinns.com\/fr\/coastal-inn-digby\/","url":"https:\/\/coastalinns.com\/fr\/coastal-inn-digby\/","name":"Coastal Inn Digby - Coastal Inns Hotels and Motels","isPartOf":{"@id":"https:\/\/coastalinns.com\/#website"},"primaryImageOfPage":{"@id":"https:\/\/coastalinns.com\/fr\/coastal-inn-digby\/#primaryimage"},"image":{"@id":"https:\/\/coastalinns.com\/fr\/coastal-inn-digby\/#primaryimage"},"thumbnailUrl":"http:\/\/coastalinns.com\/wordpress\/wp-content\/uploads\/2015\/10\/281802_coastalroadtrip-46-2-1-1024x576.jpg","datePublished":"2016-10-12T12:34:38+00:00","dateModified":"2025-03-07T12:44:03+00:00","breadcrumb":{"@id":"https:\/\/coastalinns.com\/fr\/coastal-inn-digby\/#breadcrumb"},"inLanguage":"fr-FR","potentialAction":[{"@type":"ReadAction","target":["https:\/\/coastalinns.com\/fr\/coastal-inn-digby\/"]}]},{"@type":"ImageObject","inLanguage":"fr-FR","@id":"https:\/\/coastalinns.com\/fr\/coastal-inn-digby\/#primaryimage","url":"http:\/\/coastalinns.com\/wordpress\/wp-content\/uploads\/2015\/10\/281802_coastalroadtrip-46-2-1-1024x576.jpg","contentUrl":"http:\/\/coastalinns.com\/wordpress\/wp-content\/uploads\/2015\/10\/281802_coastalroadtrip-46-2-1-1024x576.jpg"},{"@type":"BreadcrumbList","@id":"https:\/\/coastalinns.com\/fr\/coastal-inn-digby\/#breadcrumb","itemListElement":[{"@type":"ListItem","position":1,"name":"Home","item":"https:\/\/coastalinns.com\/fr\/"},{"@type":"ListItem","position":2,"name":"Coastal Inn Digby"}]},{"@type":"WebSite","@id":"https:\/\/coastalinns.com\/#website","url":"https:\/\/coastalinns.com\/","name":"Coastal Inns Hotels and Motels","description":"Independent, locally owned hotel chain in Atlantic Canada","potentialAction":[{"@type":"SearchAction","target":{"@type":"EntryPoint","urlTemplate":"https:\/\/coastalinns.com\/?s={search_term_string}"},"query-input":{"@type":"PropertyValueSpecification","valueRequired":true,"valueName":"search_term_string"}}],"inLanguage":"fr-FR"}]}},"_links":{"self":[{"href":"https:\/\/coastalinns.com\/fr\/wp-json\/wp\/v2\/pages\/1703","targetHints":{"allow":["GET"]}}],"collection":[{"href":"https:\/\/coastalinns.com\/fr\/wp-json\/wp\/v2\/pages"}],"about":[{"href":"https:\/\/coastalinns.com\/fr\/wp-json\/wp\/v2\/types\/page"}],"author":[{"embeddable":true,"href":"https:\/\/coastalinns.com\/fr\/wp-json\/wp\/v2\/users\/1"}],"replies":[{"embeddable":true,"href":"https:\/\/coastalinns.com\/fr\/wp-json\/wp\/v2\/comments?post=1703"}],"version-history":[{"count":17,"href":"https:\/\/coastalinns.com\/fr\/wp-json\/wp\/v2\/pages\/1703\/revisions"}],"predecessor-version":[{"id":5228,"href":"https:\/\/coastalinns.com\/fr\/wp-json\/wp\/v2\/pages\/1703\/revisions\/5228"}],"wp:attachment":[{"href":"https:\/\/coastalinns.com\/fr\/wp-json\/wp\/v2\/media?parent=1703"}],"curies":[{"name":"wp","href":"https:\/\/api.w.org\/{rel}","templated":true}]}}