{"id":1699,"date":"2016-10-12T12:31:10","date_gmt":"2016-10-12T12:31:10","guid":{"rendered":"https:\/\/coastalinns.com\/wordpress2\/?page_id=1699&#038;lang=fr"},"modified":"2019-06-12T16:28:17","modified_gmt":"2019-06-12T16:28:17","slug":"coastal-inn-antigonish","status":"publish","type":"page","link":"https:\/\/coastalinns.com\/fr\/coastal-inn-antigonish\/","title":{"rendered":"Coastal Inn Antigonish"},"content":{"rendered":"<div class=\"wpb-content-wrapper\"><p>[vc_row][vc_column][vc_empty_space height=&#8221;20px&#8221;][vc_row_inner][vc_column_inner][vc_column_text]<a style=\"background: linear-gradient(to bottom, rgba(147,15,2,1) 0%,rgba(255,48,25,1) 99%); color: #fff; text-decoration: none; font-size: 16px; margin-top: 10px; margin-bottom: 10px; border-radius: 10px; padding: 10px 35px 10px 35px;\" title=\"Coastal Inn - Reserve Online Now\" href=\"https:\/\/coastalinns.com\/wordpress2\/fr\/reservation-antigonish\/\">R\u00e9servez Maintenant<\/a><span class=\"address\" style=\"font-size: 18px; position: relative; top: 4px;\">\u00a0\u00a0Address: 4789, Hwy 104, Antigonish, NS. B2G 2L4 | R\u00e9servations en direct: <a href=\"tel:18004334494\">1-800-433-4494<\/a><\/span>[\/vc_column_text][\/vc_column_inner][\/vc_row_inner][vc_empty_space height=&#8221;20px&#8221;][vc_column_text]<\/p>\n<h3>A propos de Coastal Inn Antigonish<\/h3>\n<p>[\/vc_column_text][vc_tta_tabs color=&#8221;blue&#8221; active_section=&#8221;1&#8243;][vc_tta_section title=&#8221;Notre H\u00f4tel&#8221; tab_id=&#8221;1444070396940-ce145782-c6c0&#8243;][vc_column_text]<img loading=\"lazy\" decoding=\"async\" width=\"1024\" height=\"731\" class=\"wp-image-360 alignleft\" style=\"width: 100%; max-width: 350px;\" src=\"http:\/\/coastalinns.com\/wordpress\/wp-content\/uploads\/2015\/10\/281790_coastalroadtrip-51-17-1024x731.jpg\" srcset=\"https:\/\/coastalinns.com\/wordpress2\/wp-content\/uploads\/2015\/10\/281790_coastalroadtrip-51-17.jpg 1024w, https:\/\/coastalinns.com\/wordpress2\/wp-content\/uploads\/2015\/10\/281790_coastalroadtrip-51-17-300x214.jpg 300w\" sizes=\"auto, (max-width: 1024px) 100vw, 1024px\" \/><\/p>\n<p><strong>Le Coastal Inn Antigonish dispose de 35 charmantes chambres accessibles directement sur la route Transcanadienne 104. Facile \u00e0 trouver et un grand lieu de repos \u00e0 mi-chemin entre le Cap-Breton et Halifax et \u00e0 quelques minutes de St. FX.<\/strong><\/p>\n<p>Nous avons m\u00eame un parking pour les camions de transport, les autobus et tous les v\u00e9hicules.<\/p>\n<p>Choisissez parmi nos uniques unit\u00e9s familiales bi-niveau (38m\u00b2) OU choisissez l&#8217;une de nos chambres \u00e9conomiques tr\u00e8s abordables (15m\u00b2) et nous nous occupons du reste.<\/p>\n<p><img loading=\"lazy\" decoding=\"async\" class=\"wp-image-1142 alignnone\" src=\"http:\/\/coastalinns.com\/wordpress\/wp-content\/uploads\/2015\/10\/3-Star-Canada-Select1.png\" alt=\"\" width=\"119\" height=\"69\" \/><img loading=\"lazy\" decoding=\"async\" class=\"alignnone\" src=\"https:\/\/coastalinns.com\/wordpress\/wp-content\/uploads\/2016\/06\/gk4.jpg\" alt=\"\" width=\"109\" height=\"68\" border=\"0\" \/>[\/vc_column_text][\/vc_tta_section][vc_tta_section title=&#8221;Chambres&#8221; tab_id=&#8221;1465997903831-c9bd823b-4eda&#8221;][vc_column_text]<\/p>\n<h3><span style=\"text-decoration: underline;\">Chambre King de Famille Bi-Level (38m\u00b2):<\/span><\/h3>\n<p>Un lit king sur le niveau sup\u00e9rieur et un lit double sur le niveau inf\u00e9rieur. C&#8217;est comme avoir deux chambres pour le prix d&#8217;un.[\/vc_column_text]<div id=\"ult-carousel-428941487769da0303689ec\" class=\"ult-carousel-wrapper   ult_horizontal\" data-gutter=\"15\" data-rtl=\"false\" ><div class=\"ult-carousel-387897033969da030368831 \" >[vc_single_image image=&#8221;1670&#8243; img_size=&#8221;full&#8221; onclick=&#8221;zoom&#8221;][vc_single_image image=&#8221;1669&#8243; img_size=&#8221;full&#8221; onclick=&#8221;zoom&#8221;][vc_single_image image=&#8221;1671&#8243; img_size=&#8221;full&#8221; onclick=&#8221;zoom&#8221;]<\/div><\/div>\t\t\t<script type=\"text\/javascript\">\n\t\t\t\tjQuery(document).ready(function ($) {\n\t\t\t\t\tif( typeof jQuery('.ult-carousel-387897033969da030368831').slick == \"function\"){\n\t\t\t\t\t\t$('.ult-carousel-387897033969da030368831').slick({dots: true,autoplay: true,autoplaySpeed: \"5000\",speed: \"300\",infinite: true,arrows: true,nextArrow: '<button type=\"button\" role=\"button\" aria-label=\"Next\" style=\"color:#333333; font-size:20px;\" class=\"slick-next default\"><i class=\"ultsl-arrow-right4\"><\/i><\/button>',prevArrow: '<button type=\"button\" role=\"button\" aria-label=\"Previous\" style=\"color:#333333; font-size:20px;\" class=\"slick-prev default\"><i class=\"ultsl-arrow-left4\"><\/i><\/button>',slidesToScroll:3,slidesToShow:3,swipe: true,draggable: true,touchMove: true,pauseOnHover: true,pauseOnFocus: false,responsive: [\n\t\t\t\t\t\t\t{\n\t\t\t\t\t\t\t  breakpoint: 1026,\n\t\t\t\t\t\t\t  settings: {\n\t\t\t\t\t\t\t\tslidesToShow: 3,\n\t\t\t\t\t\t\t\tslidesToScroll: 3,  \n\t\t\t\t\t\t\t  }\n\t\t\t\t\t\t\t},\n\t\t\t\t\t\t\t{\n\t\t\t\t\t\t\t  breakpoint: 1025,\n\t\t\t\t\t\t\t  settings: {\n\t\t\t\t\t\t\t\tslidesToShow: 3,\n\t\t\t\t\t\t\t\tslidesToScroll: 3\n\t\t\t\t\t\t\t  }\n\t\t\t\t\t\t\t},\n\t\t\t\t\t\t\t{\n\t\t\t\t\t\t\t  breakpoint: 760,\n\t\t\t\t\t\t\t  settings: {\n\t\t\t\t\t\t\t\tslidesToShow: 2,\n\t\t\t\t\t\t\t\tslidesToScroll: 2\n\t\t\t\t\t\t\t  }\n\t\t\t\t\t\t\t}\n\t\t\t\t\t\t],pauseOnDotsHover: true,customPaging: function(slider, i) {\n                   return '<i type=\"button\" style= \"color:#333333;\" class=\"ultsl-record\" data-role=\"none\"><\/i>';\n                },});\n\t\t\t\t\t}\n\t\t\t\t});\n\t\t\t<\/script>\n\t\t\t[vc_column_text]<\/p>\n<h3><span style=\"text-decoration: underline;\">Chambre Double Familiale Double (38m\u00b2):<\/span><\/h3>\n<p>Deux lits doubles sur le niveau sup\u00e9rieur et un coin salon sur le niveau inf\u00e9rieur pour une famille se r\u00e9unissent.[\/vc_column_text]<div id=\"ult-carousel-168738552469da030368b48\" class=\"ult-carousel-wrapper   ult_horizontal\" data-gutter=\"15\" data-rtl=\"false\" ><div class=\"ult-carousel-72826065569da030368b13 \" >[vc_single_image image=&#8221;1665&#8243; img_size=&#8221;full&#8221; onclick=&#8221;zoom&#8221;][vc_single_image image=&#8221;1664&#8243; img_size=&#8221;full&#8221; onclick=&#8221;zoom&#8221;][vc_single_image image=&#8221;1666&#8243; img_size=&#8221;full&#8221; onclick=&#8221;zoom&#8221;]<\/div><\/div>\t\t\t<script type=\"text\/javascript\">\n\t\t\t\tjQuery(document).ready(function ($) {\n\t\t\t\t\tif( typeof jQuery('.ult-carousel-72826065569da030368b13').slick == \"function\"){\n\t\t\t\t\t\t$('.ult-carousel-72826065569da030368b13').slick({dots: true,autoplaySpeed: \"5000\",speed: \"300\",infinite: true,arrows: true,nextArrow: '<button type=\"button\" role=\"button\" aria-label=\"Next\" style=\"color:#333333; font-size:20px;\" class=\"slick-next default\"><i class=\"ultsl-arrow-right4\"><\/i><\/button>',prevArrow: '<button type=\"button\" role=\"button\" aria-label=\"Previous\" style=\"color:#333333; font-size:20px;\" class=\"slick-prev default\"><i class=\"ultsl-arrow-left4\"><\/i><\/button>',slidesToScroll:3,slidesToShow:3,swipe: true,draggable: true,touchMove: true,pauseOnHover: true,pauseOnFocus: false,responsive: [\n\t\t\t\t\t\t\t{\n\t\t\t\t\t\t\t  breakpoint: 1026,\n\t\t\t\t\t\t\t  settings: {\n\t\t\t\t\t\t\t\tslidesToShow: 3,\n\t\t\t\t\t\t\t\tslidesToScroll: 3,  \n\t\t\t\t\t\t\t  }\n\t\t\t\t\t\t\t},\n\t\t\t\t\t\t\t{\n\t\t\t\t\t\t\t  breakpoint: 1025,\n\t\t\t\t\t\t\t  settings: {\n\t\t\t\t\t\t\t\tslidesToShow: 3,\n\t\t\t\t\t\t\t\tslidesToScroll: 3\n\t\t\t\t\t\t\t  }\n\t\t\t\t\t\t\t},\n\t\t\t\t\t\t\t{\n\t\t\t\t\t\t\t  breakpoint: 760,\n\t\t\t\t\t\t\t  settings: {\n\t\t\t\t\t\t\t\tslidesToShow: 2,\n\t\t\t\t\t\t\t\tslidesToScroll: 2\n\t\t\t\t\t\t\t  }\n\t\t\t\t\t\t\t}\n\t\t\t\t\t\t],pauseOnDotsHover: true,customPaging: function(slider, i) {\n                   return '<i type=\"button\" style= \"color:#333333;\" class=\"ultsl-record\" data-role=\"none\"><\/i>';\n                },});\n\t\t\t\t\t}\n\t\t\t\t});\n\t\t\t<\/script>\n\t\t\t[vc_column_text]<\/p>\n<h3><span style=\"text-decoration: underline;\">Chambre Queen (15 m\u00b2):<\/span><\/h3>\n<p>Ce sont des chambres saisonni\u00e8res dans notre ancienne section avec une douche debout seulement. Ils sont tr\u00e8s abordables![\/vc_column_text]<div id=\"ult-carousel-335344628769da030368c65\" class=\"ult-carousel-wrapper   ult_horizontal\" data-gutter=\"15\" data-rtl=\"false\" ><div class=\"ult-carousel-143595087369da030368c34 \" >[vc_single_image image=&#8221;1672&#8243; img_size=&#8221;full&#8221; onclick=&#8221;zoom&#8221;][vc_single_image image=&#8221;1673&#8243; img_size=&#8221;full&#8221; onclick=&#8221;zoom&#8221;][vc_single_image image=&#8221;1674&#8243; img_size=&#8221;full&#8221; onclick=&#8221;zoom&#8221;]<\/div><\/div>\t\t\t<script type=\"text\/javascript\">\n\t\t\t\tjQuery(document).ready(function ($) {\n\t\t\t\t\tif( typeof jQuery('.ult-carousel-143595087369da030368c34').slick == \"function\"){\n\t\t\t\t\t\t$('.ult-carousel-143595087369da030368c34').slick({dots: true,autoplaySpeed: \"5000\",speed: \"300\",infinite: true,arrows: true,nextArrow: '<button type=\"button\" role=\"button\" aria-label=\"Next\" style=\"color:#333333; font-size:20px;\" class=\"slick-next default\"><i class=\"ultsl-arrow-right4\"><\/i><\/button>',prevArrow: '<button type=\"button\" role=\"button\" aria-label=\"Previous\" style=\"color:#333333; font-size:20px;\" class=\"slick-prev default\"><i class=\"ultsl-arrow-left4\"><\/i><\/button>',slidesToScroll:3,slidesToShow:3,swipe: true,draggable: true,touchMove: true,pauseOnHover: true,pauseOnFocus: false,responsive: [\n\t\t\t\t\t\t\t{\n\t\t\t\t\t\t\t  breakpoint: 1026,\n\t\t\t\t\t\t\t  settings: {\n\t\t\t\t\t\t\t\tslidesToShow: 3,\n\t\t\t\t\t\t\t\tslidesToScroll: 3,  \n\t\t\t\t\t\t\t  }\n\t\t\t\t\t\t\t},\n\t\t\t\t\t\t\t{\n\t\t\t\t\t\t\t  breakpoint: 1025,\n\t\t\t\t\t\t\t  settings: {\n\t\t\t\t\t\t\t\tslidesToShow: 3,\n\t\t\t\t\t\t\t\tslidesToScroll: 3\n\t\t\t\t\t\t\t  }\n\t\t\t\t\t\t\t},\n\t\t\t\t\t\t\t{\n\t\t\t\t\t\t\t  breakpoint: 760,\n\t\t\t\t\t\t\t  settings: {\n\t\t\t\t\t\t\t\tslidesToShow: 2,\n\t\t\t\t\t\t\t\tslidesToScroll: 2\n\t\t\t\t\t\t\t  }\n\t\t\t\t\t\t\t}\n\t\t\t\t\t\t],pauseOnDotsHover: true,customPaging: function(slider, i) {\n                   return '<i type=\"button\" style= \"color:#333333;\" class=\"ultsl-record\" data-role=\"none\"><\/i>';\n                },});\n\t\t\t\t\t}\n\t\t\t\t});\n\t\t\t<\/script>\n\t\t\t[\/vc_tta_section][vc_tta_section title=&#8221;Information Pratique&#8221; tab_id=&#8221;1444070397093-e2e74b2b-5659&#8243;][vc_column_text]<\/p>\n<div style=\"float: right; max-width: 300px;\">\n<p><strong>\u00a0 \u00a0\u00a0<\/strong><\/p>\n<\/div>\n<p><strong><img loading=\"lazy\" decoding=\"async\" class=\"size-medium wp-image-366 alignleft\" src=\"http:\/\/coastalinns.com\/wordpress\/wp-content\/uploads\/2015\/10\/285248__agbreakfast_1_-_2014-300x224.jpg\" alt=\"285248__agbreakfast_1_-_2014\" width=\"300\" height=\"224\" srcset=\"https:\/\/coastalinns.com\/wordpress2\/wp-content\/uploads\/2015\/10\/285248__agbreakfast_1_-_2014-300x224.jpg 300w, https:\/\/coastalinns.com\/wordpress2\/wp-content\/uploads\/2015\/10\/285248__agbreakfast_1_-_2014.jpg 1024w\" sizes=\"auto, (max-width: 300px) 100vw, 300px\" \/><\/strong><\/p>\n<h3>Notre emplacement Antigonish offre:<\/h3>\n<p>Wifi gratuit<br \/>\nT\u00e9l\u00e9viseur \u00e0 \u00e9cran plat (c\u00e2ble)<br \/>\nR\u00e9frig\u00e9rateur, Micro-ondes, Caf\u00e9<br \/>\nClimatisation<br \/>\nIPod \/ Bluetooth R\u00e9veils capables<br \/>\nS\u00e8che-cheveux, Fer \u00e0 repasser, Table \u00e0 repasser, etc.<br \/>\nPetit d\u00e9jeuner et journal gratuits<br \/>\nEspace de jardin + Swing Set<\/p>\n<p><strong>\u00a0<\/strong>[\/vc_column_text][\/vc_tta_section][vc_tta_section title=&#8221;Nourriture et boisson&#8221; tab_id=&#8221;1444071443888-cee701c8-254d&#8221;][vc_column_text]<span style=\"text-decoration: underline;\"><strong>ESTABLISHMENTS NEARBY<\/strong><\/span><strong>:<\/strong><\/p>\n<ul>\n<li><strong>Mother Webb&#8217;s Steakhouse (across the road!)<\/strong><\/li>\n<li><strong>Boston Pizza, 6.6 km.<\/strong><\/li>\n<li><strong>Moonlight Restaurant (Chinese), 7.7 km.<\/strong><\/li>\n<li><strong>The Brownstone Caf\u00e9, 7.8 km.<\/strong><\/li>\n<li><strong>The Townhouse Brew Pub &amp; Eatery, 7.9 km.<\/strong><\/li>\n<li><strong>PachaMama (Vegan), 7.6 km.<\/strong><\/li>\n<li><strong>The Snowqueen, 8.2 km.<\/strong><\/li>\n<li><strong>The Split Crow Pub &amp; Eatery, 8.3 km.<\/strong><\/li>\n<li><strong>The Wheel Pizza &amp; Sub Shop, 8.7 km.<\/strong><\/li>\n<li><strong>The Tall &amp; Small Caf\u00e9, 8.8 km.<\/strong><\/li>\n<li><strong>Little Christo&#8217;s, 8.9 km.<\/strong><\/li>\n<li><strong>AND MANY MORE&#8230;..<\/strong><\/li>\n<\/ul>\n<p>[\/vc_column_text][\/vc_tta_section][vc_tta_section title=&#8221;Attractions et Activit\u00e9s Locales&#8221; tab_id=&#8221;1444071580603-01592e64-62f8&#8243;][vc_row_inner][vc_column_inner width=&#8221;1\/2&#8243;]<div id=\"ult-carousel-11139471669da030368d6f\" class=\"ult-carousel-wrapper   ult_horizontal\" data-gutter=\"15\" data-rtl=\"false\" ><div class=\"ult-carousel-198300458169da030368d45 \" >[vc_single_image image=&#8221;1082&#8243; img_size=&#8221;full&#8221;][vc_single_image image=&#8221;1081&#8243; img_size=&#8221;full&#8221;][vc_single_image image=&#8221;1079&#8243; img_size=&#8221;full&#8221;][vc_single_image image=&#8221;1078&#8243; img_size=&#8221;full&#8221;][vc_single_image image=&#8221;1076&#8243; img_size=&#8221;full&#8221;][vc_single_image image=&#8221;1077&#8243; img_size=&#8221;full&#8221;][vc_single_image image=&#8221;1075&#8243; img_size=&#8221;full&#8221;][vc_single_image image=&#8221;1074&#8243; img_size=&#8221;full&#8221;][vc_single_image image=&#8221;1073&#8243; img_size=&#8221;full&#8221;]<\/div><\/div>\t\t\t<script type=\"text\/javascript\">\n\t\t\t\tjQuery(document).ready(function ($) {\n\t\t\t\t\tif( typeof jQuery('.ult-carousel-198300458169da030368d45').slick == \"function\"){\n\t\t\t\t\t\t$('.ult-carousel-198300458169da030368d45').slick({dots: false,autoplay: true,autoplaySpeed: \"0\",speed: \"5000\",infinite: true,arrows: false,slidesToScroll:1,slidesToShow:1,swipe: true,draggable: true,touchMove: true,pauseOnHover: true,pauseOnFocus: false,responsive: [\n\t\t\t\t\t\t\t{\n\t\t\t\t\t\t\t  breakpoint: 1026,\n\t\t\t\t\t\t\t  settings: {\n\t\t\t\t\t\t\t\tslidesToShow: 1,\n\t\t\t\t\t\t\t\tslidesToScroll: 1,  \n\t\t\t\t\t\t\t  }\n\t\t\t\t\t\t\t},\n\t\t\t\t\t\t\t{\n\t\t\t\t\t\t\t  breakpoint: 1025,\n\t\t\t\t\t\t\t  settings: {\n\t\t\t\t\t\t\t\tslidesToShow: 1,\n\t\t\t\t\t\t\t\tslidesToScroll: 1\n\t\t\t\t\t\t\t  }\n\t\t\t\t\t\t\t},\n\t\t\t\t\t\t\t{\n\t\t\t\t\t\t\t  breakpoint: 760,\n\t\t\t\t\t\t\t  settings: {\n\t\t\t\t\t\t\t\tslidesToShow: 1,\n\t\t\t\t\t\t\t\tslidesToScroll: 1\n\t\t\t\t\t\t\t  }\n\t\t\t\t\t\t\t}\n\t\t\t\t\t\t],pauseOnDotsHover: true,customPaging: function(slider, i) {\n                   return '<i type=\"button\" style= \"color:#333333;\" class=\"ultsl-record\" data-role=\"none\"><\/i>';\n                },});\n\t\t\t\t\t}\n\t\t\t\t});\n\t\t\t<\/script>\n\t\t\t[\/vc_column_inner][vc_column_inner width=&#8221;1\/2&#8243;][vc_column_text]<strong><span style=\"font-size: medium;\"><span style=\"text-decoration: underline;\"><span lang=\"FR-CA\">Attractions et <\/span><span lang=\"FR-CA\">Activit<\/span><span lang=\"FR-CA\">\u00e9<\/span><span lang=\"FR-CA\">s<\/span><span lang=\"FR-CA\"> Locales\u00a0<\/span>Antigonish<\/span>:<\/span><\/strong><\/p>\n<ul>\n<li><strong>Sandy Beaches of Northumberland Strait<\/strong><\/li>\n<li><strong>Live Theatre Nightly; June through August<\/strong><\/li>\n<li><strong>Snowqueen Family Amusement Park<\/strong><\/li>\n<li><strong>St. FX University &amp; Campus<\/strong><\/li>\n<li><strong>Scenic Hiking\/Walking Trails<\/strong><\/li>\n<li><strong>Antigonish Highland Games<\/strong><\/li>\n<li><strong>Challenging 18-hole Golf Course<\/strong><\/li>\n<li><strong>Cape George Lighthouse<\/strong><\/li>\n<li><strong>Stan Roger&#8217;s Folk Festival<\/strong><\/li>\n<\/ul>\n<p>[\/vc_column_text][\/vc_column_inner][\/vc_row_inner][\/vc_tta_section][vc_tta_section title=&#8221;Offres Promotionnelles&#8221; tab_id=&#8221;1447093706744-6ef5d767-d6c8&#8243;][vc_column_text]<strong>Tous les travailleurs de la r\u00e9gion qui s\u00e9journent plus d&#8217;une p\u00e9riode de 7 jours peuvent b\u00e9n\u00e9ficier d&#8217;une r\u00e9duction sp\u00e9ciale (tarif hebdomadaire \/ mensuel).<\/strong>[\/vc_column_text][\/vc_tta_section][\/vc_tta_tabs][vc_empty_space height=&#8221;30px&#8221;][\/vc_column][\/vc_row][vc_row][vc_column][vc_row_inner][vc_column_inner][vc_column_text]<\/p>\n<h3 style=\"text-align: center;\"><strong>&#8212; Notre Emplacement \u00e0 Antigonish &#8212;<\/strong><\/h3>\n<p>[\/vc_column_text][\/vc_column_inner][\/vc_row_inner][vc_row_inner][vc_column_inner width=&#8221;1\/2&#8243;][vc_column_text]<iframe loading=\"lazy\" src=\"https:\/\/www.youtube.com\/embed\/UHKXqoVj1cM?rel=0&amp;showinfo=0\" width=\"560\" height=\"315\" frameborder=\"0\" allowfullscreen=\"allowfullscreen\" data-mce-fragment=\"1\"><\/iframe>[\/vc_column_text][vc_btn title=&#8221;T\u00e9l\u00e9charger notre brochure&#8221; style=&#8221;3d&#8221; color=&#8221;inverse&#8221; size=&#8221;lg&#8221; align=&#8221;center&#8221; i_icon_fontawesome=&#8221;fa fa-file-pdf-o&#8221; add_icon=&#8221;true&#8221; link=&#8221;url:http%3A%2F%2Fcoastalinns.com%2Fwordpress%2Fwp-content%2Fuploads%2F2016%2F01%2F287615_ci-antigonish_pc_2015_web.pdf||target:%20_blank&#8221;][\/vc_column_inner][vc_column_inner width=&#8221;1\/2&#8243;][vc_column_text]<iframe loading=\"lazy\" style=\"border: 0;\" src=\"https:\/\/www.google.com\/maps\/embed?pb=!1m18!1m12!1m3!1d2791.640820064947!2d-61.90984908411649!3d45.59776477910273!2m3!1f0!2f0!3f0!3m2!1i1024!2i768!4f13.1!3m3!1m2!1s0x4d594f764a413001%3A0xe3d9b09b02159d26!2sCoastal+Inn+Antigonish!5e0!3m2!1sen!2sca!4v1541169160532\" width=\"100%\" height=\"450\" frameborder=\"0\" allowfullscreen=\"allowfullscreen\"><\/iframe>[\/vc_column_text][\/vc_column_inner][\/vc_row_inner][\/vc_column][\/vc_row]<\/p>\n<\/div>","protected":false},"excerpt":{"rendered":"<p>[vc_row][vc_column][vc_empty_space height=&#8221;20px&#8221;][vc_row_inner][vc_column_inner][vc_column_text]R\u00e9servez Maintenant\u00a0\u00a0Address: 4789, Hwy 104, Antigonish, NS. B2G 2L4 | R\u00e9servations en direct: 1-800-433-4494[\/vc_column_text][\/vc_column_inner][\/vc_row_inner][vc_empty_space height=&#8221;20px&#8221;][vc_column_text] A propos de Coastal Inn Antigonish [\/vc_column_text][vc_tta_tabs color=&#8221;blue&#8221; active_section=&#8221;1&#8243;][vc_tta_section title=&#8221;Notre H\u00f4tel&#8221; tab_id=&#8221;1444070396940-ce145782-c6c0&#8243;][vc_column_text] Le Coastal Inn Antigonish dispose de 35 charmantes chambres accessibles directement sur la route Transcanadienne 104. Facile \u00e0 trouver et un grand lieu de repos \u00e0 mi-chemin&hellip;<\/p>\n","protected":false},"author":1,"featured_media":0,"parent":0,"menu_order":0,"comment_status":"closed","ping_status":"closed","template":"","meta":{"_exactmetrics_skip_tracking":false,"_exactmetrics_sitenote_active":false,"_exactmetrics_sitenote_note":"","_exactmetrics_sitenote_category":0,"footnotes":""},"class_list":["post-1699","page","type-page","status-publish","hentry","description-off"],"yoast_head":"<!-- This site is optimized with the Yoast SEO plugin v27.0 - https:\/\/yoast.com\/product\/yoast-seo-wordpress\/ -->\n<title>Coastal Inn Antigonish - Coastal Inns Hotels and Motels<\/title>\n<meta name=\"robots\" content=\"index, follow, max-snippet:-1, max-image-preview:large, max-video-preview:-1\" \/>\n<link rel=\"canonical\" href=\"https:\/\/coastalinns.com\/fr\/coastal-inn-antigonish\/\" \/>\n<meta property=\"og:locale\" content=\"fr_FR\" \/>\n<meta property=\"og:type\" content=\"article\" \/>\n<meta property=\"og:title\" content=\"Coastal Inn Antigonish - Coastal Inns Hotels and Motels\" \/>\n<meta property=\"og:description\" content=\"[vc_row][vc_column][vc_empty_space height=&#8221;20px&#8221;][vc_row_inner][vc_column_inner][vc_column_text]R\u00e9servez Maintenant\u00a0\u00a0Address: 4789, Hwy 104, Antigonish, NS. B2G 2L4 | R\u00e9servations en direct: 1-800-433-4494[\/vc_column_text][\/vc_column_inner][\/vc_row_inner][vc_empty_space height=&#8221;20px&#8221;][vc_column_text] A propos de Coastal Inn Antigonish [\/vc_column_text][vc_tta_tabs color=&#8221;blue&#8221; active_section=&#8221;1&#8243;][vc_tta_section title=&#8221;Notre H\u00f4tel&#8221; tab_id=&#8221;1444070396940-ce145782-c6c0&#8243;][vc_column_text] Le Coastal Inn Antigonish dispose de 35 charmantes chambres accessibles directement sur la route Transcanadienne 104. Facile \u00e0 trouver et un grand lieu de repos \u00e0 mi-chemin&hellip;\" \/>\n<meta property=\"og:url\" content=\"https:\/\/coastalinns.com\/fr\/coastal-inn-antigonish\/\" \/>\n<meta property=\"og:site_name\" content=\"Coastal Inns Hotels and Motels\" \/>\n<meta property=\"article:modified_time\" content=\"2019-06-12T16:28:17+00:00\" \/>\n<meta property=\"og:image\" content=\"http:\/\/coastalinns.com\/wordpress\/wp-content\/uploads\/2015\/10\/281790_coastalroadtrip-51-17-1024x731.jpg\" \/>\n<meta name=\"twitter:card\" content=\"summary_large_image\" \/>\n<meta name=\"twitter:label1\" content=\"Dur\u00e9e de lecture estim\u00e9e\" \/>\n\t<meta name=\"twitter:data1\" content=\"4 minutes\" \/>\n<!-- \/ Yoast SEO plugin. -->","yoast_head_json":{"title":"Coastal Inn Antigonish - Coastal Inns Hotels and Motels","robots":{"index":"index","follow":"follow","max-snippet":"max-snippet:-1","max-image-preview":"max-image-preview:large","max-video-preview":"max-video-preview:-1"},"canonical":"https:\/\/coastalinns.com\/fr\/coastal-inn-antigonish\/","og_locale":"fr_FR","og_type":"article","og_title":"Coastal Inn Antigonish - Coastal Inns Hotels and Motels","og_description":"[vc_row][vc_column][vc_empty_space height=&#8221;20px&#8221;][vc_row_inner][vc_column_inner][vc_column_text]R\u00e9servez Maintenant\u00a0\u00a0Address: 4789, Hwy 104, Antigonish, NS. B2G 2L4 | R\u00e9servations en direct: 1-800-433-4494[\/vc_column_text][\/vc_column_inner][\/vc_row_inner][vc_empty_space height=&#8221;20px&#8221;][vc_column_text] A propos de Coastal Inn Antigonish [\/vc_column_text][vc_tta_tabs color=&#8221;blue&#8221; active_section=&#8221;1&#8243;][vc_tta_section title=&#8221;Notre H\u00f4tel&#8221; tab_id=&#8221;1444070396940-ce145782-c6c0&#8243;][vc_column_text] Le Coastal Inn Antigonish dispose de 35 charmantes chambres accessibles directement sur la route Transcanadienne 104. Facile \u00e0 trouver et un grand lieu de repos \u00e0 mi-chemin&hellip;","og_url":"https:\/\/coastalinns.com\/fr\/coastal-inn-antigonish\/","og_site_name":"Coastal Inns Hotels and Motels","article_modified_time":"2019-06-12T16:28:17+00:00","og_image":[{"url":"http:\/\/coastalinns.com\/wordpress\/wp-content\/uploads\/2015\/10\/281790_coastalroadtrip-51-17-1024x731.jpg","type":"","width":"","height":""}],"twitter_card":"summary_large_image","twitter_misc":{"Dur\u00e9e de lecture estim\u00e9e":"4 minutes"},"schema":{"@context":"https:\/\/schema.org","@graph":[{"@type":"WebPage","@id":"https:\/\/coastalinns.com\/fr\/coastal-inn-antigonish\/","url":"https:\/\/coastalinns.com\/fr\/coastal-inn-antigonish\/","name":"Coastal Inn Antigonish - Coastal Inns Hotels and Motels","isPartOf":{"@id":"https:\/\/coastalinns.com\/#website"},"primaryImageOfPage":{"@id":"https:\/\/coastalinns.com\/fr\/coastal-inn-antigonish\/#primaryimage"},"image":{"@id":"https:\/\/coastalinns.com\/fr\/coastal-inn-antigonish\/#primaryimage"},"thumbnailUrl":"http:\/\/coastalinns.com\/wordpress\/wp-content\/uploads\/2015\/10\/281790_coastalroadtrip-51-17-1024x731.jpg","datePublished":"2016-10-12T12:31:10+00:00","dateModified":"2019-06-12T16:28:17+00:00","breadcrumb":{"@id":"https:\/\/coastalinns.com\/fr\/coastal-inn-antigonish\/#breadcrumb"},"inLanguage":"fr-FR","potentialAction":[{"@type":"ReadAction","target":["https:\/\/coastalinns.com\/fr\/coastal-inn-antigonish\/"]}]},{"@type":"ImageObject","inLanguage":"fr-FR","@id":"https:\/\/coastalinns.com\/fr\/coastal-inn-antigonish\/#primaryimage","url":"http:\/\/coastalinns.com\/wordpress\/wp-content\/uploads\/2015\/10\/281790_coastalroadtrip-51-17-1024x731.jpg","contentUrl":"http:\/\/coastalinns.com\/wordpress\/wp-content\/uploads\/2015\/10\/281790_coastalroadtrip-51-17-1024x731.jpg"},{"@type":"BreadcrumbList","@id":"https:\/\/coastalinns.com\/fr\/coastal-inn-antigonish\/#breadcrumb","itemListElement":[{"@type":"ListItem","position":1,"name":"Home","item":"https:\/\/coastalinns.com\/fr\/"},{"@type":"ListItem","position":2,"name":"Coastal Inn Antigonish"}]},{"@type":"WebSite","@id":"https:\/\/coastalinns.com\/#website","url":"https:\/\/coastalinns.com\/","name":"Coastal Inns Hotels and Motels","description":"Independent, locally owned hotel chain in Atlantic Canada","potentialAction":[{"@type":"SearchAction","target":{"@type":"EntryPoint","urlTemplate":"https:\/\/coastalinns.com\/?s={search_term_string}"},"query-input":{"@type":"PropertyValueSpecification","valueRequired":true,"valueName":"search_term_string"}}],"inLanguage":"fr-FR"}]}},"_links":{"self":[{"href":"https:\/\/coastalinns.com\/fr\/wp-json\/wp\/v2\/pages\/1699","targetHints":{"allow":["GET"]}}],"collection":[{"href":"https:\/\/coastalinns.com\/fr\/wp-json\/wp\/v2\/pages"}],"about":[{"href":"https:\/\/coastalinns.com\/fr\/wp-json\/wp\/v2\/types\/page"}],"author":[{"embeddable":true,"href":"https:\/\/coastalinns.com\/fr\/wp-json\/wp\/v2\/users\/1"}],"replies":[{"embeddable":true,"href":"https:\/\/coastalinns.com\/fr\/wp-json\/wp\/v2\/comments?post=1699"}],"version-history":[{"count":17,"href":"https:\/\/coastalinns.com\/fr\/wp-json\/wp\/v2\/pages\/1699\/revisions"}],"predecessor-version":[{"id":3918,"href":"https:\/\/coastalinns.com\/fr\/wp-json\/wp\/v2\/pages\/1699\/revisions\/3918"}],"wp:attachment":[{"href":"https:\/\/coastalinns.com\/fr\/wp-json\/wp\/v2\/media?parent=1699"}],"curies":[{"name":"wp","href":"https:\/\/api.w.org\/{rel}","templated":true}]}}