{"id":1697,"date":"2016-10-12T12:19:08","date_gmt":"2016-10-12T12:19:08","guid":{"rendered":"https:\/\/coastalinns.com\/wordpress2\/?page_id=1697&#038;lang=fr"},"modified":"2018-04-01T11:18:43","modified_gmt":"2018-04-01T11:18:43","slug":"recompenses-coastal-tresorerie","status":"publish","type":"page","link":"https:\/\/coastalinns.com\/fr\/recompenses-coastal-tresorerie\/","title":{"rendered":"R\u00e9compenses Coastal tr\u00e9sorerie"},"content":{"rendered":"<div class=\"wpb-content-wrapper\"><p>[vc_row][vc_column width=&#8221;2\/3&#8243;][vc_column_text]<strong>Nous sommes fiers d&#8217;offrir \u00e0 nos clients fid\u00e8les un nouveau programme d&#8217;incitation. Restez avec nous et gagnez une nuit gratuite ou en esp\u00e8ces!<\/strong><\/p>\n<p><strong>Nos r\u00e9compenses en esp\u00e8ces c\u00f4ti\u00e8res:<\/strong><\/p>\n<p>Taux journalier commercial le plus bas<br \/>\nLe conjoint reste libre<br \/>\nAppels locaux gratuits<br \/>\nPriorit\u00e9 de la liste d&#8217;attente<br \/>\nChambre gratuite en haut de gamme quand disponible<br \/>\nR\u00e9servations rapides \u00e0 d&#8217;autres auberges c\u00f4ti\u00e8res au Canada atlantique<br \/>\nPromotions sp\u00e9ciales pour les membres<br \/>\nJournal gratuit (sur demande)<br \/>\nService fax disponible<br \/>\nPetit-d\u00e9jeuner gratuit Coastal Plus<\/p>\n<p>Une fois que vous avez re\u00e7u dix timbres (dans une p\u00e9riode de deux ans), vous pouvez transformer votre carte pour une nuit gratuite \u00e0 n&#8217;importe quelle auberge c\u00f4ti\u00e8re, ou l&#8217;envoyer pour recevoir 50,00$.<\/p>\n<p>[\/vc_column_text][\/vc_column][vc_column width=&#8221;1\/3&#8243;][vc_single_image image=&#8221;900&#8243; img_size=&#8221;full&#8221;][\/vc_column][\/vc_row]<\/p>\n<\/div>","protected":false},"excerpt":{"rendered":"<p>[vc_row][vc_column width=&#8221;2\/3&#8243;][vc_column_text]Nous sommes fiers d&#8217;offrir \u00e0 nos clients fid\u00e8les un nouveau programme d&#8217;incitation. Restez avec nous et gagnez une nuit gratuite ou en esp\u00e8ces! Nos r\u00e9compenses en esp\u00e8ces c\u00f4ti\u00e8res: Taux journalier commercial le plus bas Le conjoint reste libre Appels locaux gratuits Priorit\u00e9 de la liste d&#8217;attente Chambre gratuite en haut de gamme quand disponible&hellip;<\/p>\n","protected":false},"author":1,"featured_media":0,"parent":0,"menu_order":0,"comment_status":"closed","ping_status":"closed","template":"","meta":{"_exactmetrics_skip_tracking":false,"_exactmetrics_sitenote_active":false,"_exactmetrics_sitenote_note":"","_exactmetrics_sitenote_category":0,"footnotes":""},"class_list":["post-1697","page","type-page","status-publish","hentry","description-off"],"yoast_head":"<!-- This site is optimized with the Yoast SEO plugin v27.0 - https:\/\/yoast.com\/product\/yoast-seo-wordpress\/ -->\n<title>R\u00e9compenses Coastal tr\u00e9sorerie - Coastal Inns Hotels and Motels<\/title>\n<meta name=\"robots\" content=\"index, follow, max-snippet:-1, max-image-preview:large, max-video-preview:-1\" \/>\n<link rel=\"canonical\" href=\"https:\/\/coastalinns.com\/fr\/recompenses-coastal-tresorerie\/\" \/>\n<meta property=\"og:locale\" content=\"fr_FR\" \/>\n<meta property=\"og:type\" content=\"article\" \/>\n<meta property=\"og:title\" content=\"R\u00e9compenses Coastal tr\u00e9sorerie - Coastal Inns Hotels and Motels\" \/>\n<meta property=\"og:description\" content=\"[vc_row][vc_column width=&#8221;2\/3&#8243;][vc_column_text]Nous sommes fiers d&#8217;offrir \u00e0 nos clients fid\u00e8les un nouveau programme d&#8217;incitation. Restez avec nous et gagnez une nuit gratuite ou en esp\u00e8ces! Nos r\u00e9compenses en esp\u00e8ces c\u00f4ti\u00e8res: Taux journalier commercial le plus bas Le conjoint reste libre Appels locaux gratuits Priorit\u00e9 de la liste d&#8217;attente Chambre gratuite en haut de gamme quand disponible&hellip;\" \/>\n<meta property=\"og:url\" content=\"https:\/\/coastalinns.com\/fr\/recompenses-coastal-tresorerie\/\" \/>\n<meta property=\"og:site_name\" content=\"Coastal Inns Hotels and Motels\" \/>\n<meta property=\"article:modified_time\" content=\"2018-04-01T11:18:43+00:00\" \/>\n<meta name=\"twitter:card\" content=\"summary_large_image\" \/>\n<meta name=\"twitter:label1\" content=\"Dur\u00e9e de lecture estim\u00e9e\" \/>\n\t<meta name=\"twitter:data1\" content=\"1 minute\" \/>\n<!-- \/ Yoast SEO plugin. -->","yoast_head_json":{"title":"R\u00e9compenses Coastal tr\u00e9sorerie - Coastal Inns Hotels and Motels","robots":{"index":"index","follow":"follow","max-snippet":"max-snippet:-1","max-image-preview":"max-image-preview:large","max-video-preview":"max-video-preview:-1"},"canonical":"https:\/\/coastalinns.com\/fr\/recompenses-coastal-tresorerie\/","og_locale":"fr_FR","og_type":"article","og_title":"R\u00e9compenses Coastal tr\u00e9sorerie - Coastal Inns Hotels and Motels","og_description":"[vc_row][vc_column width=&#8221;2\/3&#8243;][vc_column_text]Nous sommes fiers d&#8217;offrir \u00e0 nos clients fid\u00e8les un nouveau programme d&#8217;incitation. Restez avec nous et gagnez une nuit gratuite ou en esp\u00e8ces! Nos r\u00e9compenses en esp\u00e8ces c\u00f4ti\u00e8res: Taux journalier commercial le plus bas Le conjoint reste libre Appels locaux gratuits Priorit\u00e9 de la liste d&#8217;attente Chambre gratuite en haut de gamme quand disponible&hellip;","og_url":"https:\/\/coastalinns.com\/fr\/recompenses-coastal-tresorerie\/","og_site_name":"Coastal Inns Hotels and Motels","article_modified_time":"2018-04-01T11:18:43+00:00","twitter_card":"summary_large_image","twitter_misc":{"Dur\u00e9e de lecture estim\u00e9e":"1 minute"},"schema":{"@context":"https:\/\/schema.org","@graph":[{"@type":"WebPage","@id":"https:\/\/coastalinns.com\/fr\/recompenses-coastal-tresorerie\/","url":"https:\/\/coastalinns.com\/fr\/recompenses-coastal-tresorerie\/","name":"R\u00e9compenses Coastal tr\u00e9sorerie - Coastal Inns Hotels and Motels","isPartOf":{"@id":"https:\/\/coastalinns.com\/#website"},"datePublished":"2016-10-12T12:19:08+00:00","dateModified":"2018-04-01T11:18:43+00:00","breadcrumb":{"@id":"https:\/\/coastalinns.com\/fr\/recompenses-coastal-tresorerie\/#breadcrumb"},"inLanguage":"fr-FR","potentialAction":[{"@type":"ReadAction","target":["https:\/\/coastalinns.com\/fr\/recompenses-coastal-tresorerie\/"]}]},{"@type":"BreadcrumbList","@id":"https:\/\/coastalinns.com\/fr\/recompenses-coastal-tresorerie\/#breadcrumb","itemListElement":[{"@type":"ListItem","position":1,"name":"Home","item":"https:\/\/coastalinns.com\/fr\/"},{"@type":"ListItem","position":2,"name":"R\u00e9compenses Coastal tr\u00e9sorerie"}]},{"@type":"WebSite","@id":"https:\/\/coastalinns.com\/#website","url":"https:\/\/coastalinns.com\/","name":"Coastal Inns Hotels and Motels","description":"Independent, locally owned hotel chain in Atlantic Canada","potentialAction":[{"@type":"SearchAction","target":{"@type":"EntryPoint","urlTemplate":"https:\/\/coastalinns.com\/?s={search_term_string}"},"query-input":{"@type":"PropertyValueSpecification","valueRequired":true,"valueName":"search_term_string"}}],"inLanguage":"fr-FR"}]}},"_links":{"self":[{"href":"https:\/\/coastalinns.com\/fr\/wp-json\/wp\/v2\/pages\/1697","targetHints":{"allow":["GET"]}}],"collection":[{"href":"https:\/\/coastalinns.com\/fr\/wp-json\/wp\/v2\/pages"}],"about":[{"href":"https:\/\/coastalinns.com\/fr\/wp-json\/wp\/v2\/types\/page"}],"author":[{"embeddable":true,"href":"https:\/\/coastalinns.com\/fr\/wp-json\/wp\/v2\/users\/1"}],"replies":[{"embeddable":true,"href":"https:\/\/coastalinns.com\/fr\/wp-json\/wp\/v2\/comments?post=1697"}],"version-history":[{"count":8,"href":"https:\/\/coastalinns.com\/fr\/wp-json\/wp\/v2\/pages\/1697\/revisions"}],"predecessor-version":[{"id":2775,"href":"https:\/\/coastalinns.com\/fr\/wp-json\/wp\/v2\/pages\/1697\/revisions\/2775"}],"wp:attachment":[{"href":"https:\/\/coastalinns.com\/fr\/wp-json\/wp\/v2\/media?parent=1697"}],"curies":[{"name":"wp","href":"https:\/\/api.w.org\/{rel}","templated":true}]}}