{"id":1695,"date":"2016-10-12T12:12:56","date_gmt":"2016-10-12T12:12:56","guid":{"rendered":"https:\/\/coastalinns.com\/wordpress2\/?page_id=1695&#038;lang=fr"},"modified":"2018-12-10T19:06:40","modified_gmt":"2018-12-10T19:06:40","slug":"a-propos","status":"publish","type":"page","link":"https:\/\/coastalinns.com\/fr\/a-propos\/","title":{"rendered":"\u00e0 propos"},"content":{"rendered":"<div class=\"wpb-content-wrapper\"><p>[vc_row][vc_column][vc_column_text]<img loading=\"lazy\" decoding=\"async\" class=\"size-medium wp-image-197 alignleft\" src=\"http:\/\/coastalinns.com\/wordpress\/wp-content\/uploads\/2015\/10\/284206_457769_21_y-300x240.jpg\" alt=\"284206_457769_21_y\" width=\"300\" height=\"240\" srcset=\"https:\/\/coastalinns.com\/wordpress2\/wp-content\/uploads\/2015\/10\/284206_457769_21_y-300x240.jpg 300w, https:\/\/coastalinns.com\/wordpress2\/wp-content\/uploads\/2015\/10\/284206_457769_21_y.jpg 500w\" sizes=\"auto, (max-width: 300px) 100vw, 300px\" \/><strong>Coastal Inns est votre cha\u00eene d&#8217;h\u00e9bergement au Canada atlantique. Depuis 1994, Coastal Inns a repr\u00e9sent\u00e9 des h\u00f4tels de qualit\u00e9, des h\u00f4tels ind\u00e9pendants et des motels au Canada atlantique, aux voyageurs.<\/strong><\/p>\n<p>Chaque Coastal Inn offre un lieu de s\u00e9jour confortable, un emplacement pratique et des tarifs avantageux.<\/p>\n<p>Notre accueil chaleureux et notre service attentionn\u00e9 refl\u00e8tent la r\u00e9putation de la c\u00f4te est pour son hospitalit\u00e9 et sa convivialit\u00e9.<\/p>\n<p>Les auberges c\u00f4ti\u00e8res sont bien situ\u00e9es le long des itin\u00e9raires les plus fr\u00e9quent\u00e9s au Nouveau-Brunswick (Moncton, Sackville) et en Nouvelle-\u00c9cosse (Antigonish, Halifax, Dartmouth, Digby). Le personnel amical et serviable et les normes \u00e9lev\u00e9es de service sont \u00e0 vous.<\/p>\n<div class=\"wpgmp_map_container\" rel=\"map1\"><div class=\"wpgmp_map\" style=\"width:850px; height:400px;\" id=\"map1\" ><\/div><\/div><script>jQuery(document).ready(function($) {var map1 = $(\"#map1\").maps({\"map_options\":{\"center_lat\":\"45.3649719\",\"center_lng\":\"-63.2817342\",\"zoom\":7,\"map_type_id\":\"ROADMAP\",\"center_by_nearest\":false,\"center_circle_fillcolor\":\"#8CAEF2\",\"center_circle_fillopacity\":\".5\",\"center_circle_strokecolor\":\"#8CAEF2\",\"center_circle_strokeopacity\":\".5\",\"show_center_circle\":false,\"show_center_marker\":false,\"center_marker_icon\":\"http:\\\/\\\/coastalinns.com\\\/wordpress\\\/wp-content\\\/plugins\\\/wp-google-map-gold\\\/assets\\\/images\\\/\\\/default_marker.png\",\"center_marker_infowindow\":\"\",\"center_circle_strokeweight\":\"1\",\"draggable\":true,\"scroll_wheel\":\"\",\"display_45_imagery\":\"\",\"marker_default_icon\":\"http:\\\/\\\/coastalinns.com\\\/wordpress\\\/wp-content\\\/plugins\\\/wp-google-map-gold\\\/assets\\\/images\\\/\\\/default_marker.png\",\"infowindow_setting\":\"\",\"default_infowindow_open\":false,\"infowindow_open_event\":\"click\",\"infowindow_filter_only\":false,\"pan_control\":true,\"zoom_control\":true,\"map_type_control\":true,\"scale_control\":true,\"street_view_control\":true,\"overview_map_control\":true,\"pan_control_position\":\"TOP_LEFT\",\"zoom_control_position\":\"TOP_LEFT\",\"zoom_control_style\":\"LARGE\",\"map_type_control_position\":\"TOP_RIGHT\",\"map_type_control_style\":\"HORIZONTAL_BAR\",\"street_view_control_position\":\"TOP_LEFT\",\"width\":\"850\",\"height\":\"400\"},\"places\":[{\"id\":\"2\",\"title\":\"Coastal Inn Moncton\",\"address\":\"502 Rue Kennedy, Dieppe, NB E1A 5Y7, Canada\",\"source\":\"manual\",\"content\":\"<strong>Coastal Inn Moncton<\\\/strong><br>\\r\\n502 Kennedy Street, <br>\\r\\nMoncton\\\/ Dieppe NB, E1A 5Y7\",\"location\":{\"icon\":null,\"lat\":\"46.0990505\",\"lng\":\"-64.75935179999999\",\"city\":\"Dieppe\",\"state\":\"Nouveau-Brunswick\",\"country\":\"Canada\",\"onclick_action\":\"marker\",\"redirect_custom_link\":\"\",\"open_new_tab\":\"yes\",\"postal_code\":\"E1A 5Y7\",\"draggable\":false,\"infowindow_default_open\":false,\"animation\":\"BOUNCE\",\"infowindow_disable\":true,\"zoom\":5,\"extra_fields\":[],\"extension_fields\":null},\"categories\":[],\"listing_hook\":\"\"},{\"id\":\"3\",\"title\":\"Costal Inn Sackville\",\"address\":\"Sackville, NB E4L 4P8, Canada\",\"source\":\"manual\",\"content\":\"<strong>Coastal Inn Sackville<\\\/strong><br>\\r\\n15 Wright Street Sackville,<br>\\r\\nNew Brunswick E4L 4P8\",\"location\":{\"icon\":null,\"lat\":\"45.9091434\",\"lng\":\"-64.37618789999999\",\"city\":\"Sackville\",\"state\":\"New Brunswick\",\"country\":\"Canada\",\"onclick_action\":\"marker\",\"redirect_custom_link\":\"\",\"open_new_tab\":\"yes\",\"postal_code\":\"E4L 4P8\",\"draggable\":false,\"infowindow_default_open\":false,\"animation\":\"BOUNCE\",\"infowindow_disable\":true,\"zoom\":5,\"extra_fields\":[],\"extension_fields\":null},\"categories\":[],\"listing_hook\":\"\"},{\"id\":\"4\",\"title\":\"Coastal Inn Halifax\",\"address\":\"Halifax, NS B3S 1A2, Canada\",\"source\":\"manual\",\"content\":\"<strong>Coastal Inn Halifax<\\\/strong><br>\\r\\n98 Chain Lake Drive., Halifax<br>\\r\\n(Bayers Lake), Nova Scotia, B3S 1A2\",\"location\":{\"icon\":null,\"lat\":\"44.63785619999999\",\"lng\":\"-63.66202079999999\",\"city\":\"Halifax\",\"state\":\"Nova Scotia\",\"country\":\"Canada\",\"onclick_action\":\"marker\",\"redirect_custom_link\":\"\",\"open_new_tab\":\"yes\",\"postal_code\":\"B3S 1A2\",\"draggable\":false,\"infowindow_default_open\":false,\"animation\":\"BOUNCE\",\"infowindow_disable\":true,\"zoom\":5,\"extra_fields\":[],\"extension_fields\":null},\"categories\":[],\"listing_hook\":\"\"},{\"id\":\"5\",\"title\":\"Coastal Inn Dartmouth\",\"address\":\"379 Windmill Rd, Dartmouth, NS, Canada\",\"source\":\"manual\",\"content\":\"<strong>Coastal Inn Dartmouth<\\\/strong><br>\\r\\n379 Windmill Rd., Dartmouth<br>\\r\\n(Halifax), Nova Scotia, B3A 1J6\",\"location\":{\"icon\":null,\"lat\":\"44.68156010000001\",\"lng\":\"-63.596764399999984\",\"city\":\"Halifax\",\"state\":\"Nova Scotia\",\"country\":\"Canada\",\"onclick_action\":\"marker\",\"redirect_custom_link\":\"\",\"open_new_tab\":\"yes\",\"postal_code\":\"B3A 1J6\",\"draggable\":false,\"infowindow_default_open\":false,\"animation\":\"BOUNCE\",\"infowindow_disable\":true,\"zoom\":5,\"extra_fields\":[],\"extension_fields\":null},\"categories\":[],\"listing_hook\":\"\"},{\"id\":\"6\",\"title\":\"Coastal Inn Digby\",\"address\":\"Digby, NS B0V 1A0, Canada\",\"source\":\"manual\",\"content\":\"<strong>Coastal Inn Digby<\\\/strong><br>\\r\\n11 Warwick St. Box 280<br>\\r\\nDigby, Nova Scotia, B0V 1A0\",\"location\":{\"icon\":null,\"lat\":\"44.606366\",\"lng\":\"-65.82428949999996\",\"city\":\"Digby\",\"state\":\"Nova Scotia\",\"country\":\"Canada\",\"onclick_action\":\"marker\",\"redirect_custom_link\":\"\",\"open_new_tab\":\"yes\",\"postal_code\":\"B0V 1A0\",\"draggable\":false,\"infowindow_default_open\":false,\"animation\":\"BOUNCE\",\"infowindow_disable\":true,\"zoom\":5,\"extra_fields\":[],\"extension_fields\":null},\"categories\":[],\"listing_hook\":\"\"},{\"id\":\"7\",\"title\":\"Coastal Inn Antigonish\",\"address\":\"Antigonish, NS B2G 2L4, Canada\",\"source\":\"manual\",\"content\":\"<strong>Coastal Inn Antigonish<\\\/strong><br>\\r\\n789, Lower South River,  Hwy 104 (by Ext 35),<br>\\r\\nAntigonish, Nova Scotia B2G 2L4\",\"location\":{\"icon\":null,\"lat\":\"45.6468597\",\"lng\":\"-61.86614209999999\",\"city\":\"Antigonish\",\"state\":\"Nova Scotia\",\"country\":\"Canada\",\"onclick_action\":\"marker\",\"redirect_custom_link\":\"\",\"open_new_tab\":\"yes\",\"postal_code\":\"B2G 2L4\",\"draggable\":false,\"infowindow_default_open\":false,\"animation\":\"BOUNCE\",\"infowindow_disable\":true,\"zoom\":5,\"extra_fields\":[],\"extension_fields\":null},\"categories\":[],\"listing_hook\":\"\"}],\"map_property\":{\"map_id\":\"1\"},\"shapes\":{\"drawing_editable\":false}}).data(\"wpgmp_maps\");});<\/script>\n<p>&nbsp;<\/p>\n<p>Recherchez le phare de Coastal Inns \u00e0 travers les Maritimes. Nous sommes pr\u00e8s de tout ce que vous voulez voir et faire!<\/p>\n<p>Si vous \u00eates un exploitant d&#8217;h\u00f4tels et de motels de qualit\u00e9 de l&#8217;Atlantique consid\u00e9rant une affiliation avec un groupe h\u00f4telier, veuillez consid\u00e9rer Coastal Inns. Contactez-nous au 506-859-2486 ou par courriel \u00e0 info@coastalinns.com. Nous serions heureux d&#8217;avoir l&#8217;occasion de discuter avec vous comment Coastal Inns peut aider \u00e0 apporter plus d&#8217;affaires \u00e0 votre porte.[\/vc_column_text][\/vc_column][\/vc_row]<\/p>\n<\/div>","protected":false},"excerpt":{"rendered":"<p>[vc_row][vc_column][vc_column_text]Coastal Inns est votre cha\u00eene d&#8217;h\u00e9bergement au Canada atlantique. Depuis 1994, Coastal Inns a repr\u00e9sent\u00e9 des h\u00f4tels de qualit\u00e9, des h\u00f4tels ind\u00e9pendants et des motels au Canada atlantique, aux voyageurs. Chaque Coastal Inn offre un lieu de s\u00e9jour confortable, un emplacement pratique et des tarifs avantageux. Notre accueil chaleureux et notre service attentionn\u00e9 refl\u00e8tent la&hellip;<\/p>\n","protected":false},"author":1,"featured_media":0,"parent":0,"menu_order":0,"comment_status":"closed","ping_status":"closed","template":"","meta":{"_exactmetrics_skip_tracking":false,"_exactmetrics_sitenote_active":false,"_exactmetrics_sitenote_note":"","_exactmetrics_sitenote_category":0,"footnotes":""},"class_list":["post-1695","page","type-page","status-publish","hentry","description-off"],"yoast_head":"<!-- This site is optimized with the Yoast SEO plugin v27.0 - https:\/\/yoast.com\/product\/yoast-seo-wordpress\/ -->\n<title>\u00e0 propos - Coastal Inns Hotels and Motels<\/title>\n<meta name=\"robots\" content=\"index, follow, max-snippet:-1, max-image-preview:large, max-video-preview:-1\" \/>\n<link rel=\"canonical\" href=\"https:\/\/coastalinns.com\/fr\/a-propos\/\" \/>\n<meta property=\"og:locale\" content=\"fr_FR\" \/>\n<meta property=\"og:type\" content=\"article\" \/>\n<meta property=\"og:title\" content=\"\u00e0 propos - Coastal Inns Hotels and Motels\" \/>\n<meta property=\"og:description\" content=\"[vc_row][vc_column][vc_column_text]Coastal Inns est votre cha\u00eene d&#8217;h\u00e9bergement au Canada atlantique. Depuis 1994, Coastal Inns a repr\u00e9sent\u00e9 des h\u00f4tels de qualit\u00e9, des h\u00f4tels ind\u00e9pendants et des motels au Canada atlantique, aux voyageurs. Chaque Coastal Inn offre un lieu de s\u00e9jour confortable, un emplacement pratique et des tarifs avantageux. Notre accueil chaleureux et notre service attentionn\u00e9 refl\u00e8tent la&hellip;\" \/>\n<meta property=\"og:url\" content=\"https:\/\/coastalinns.com\/fr\/a-propos\/\" \/>\n<meta property=\"og:site_name\" content=\"Coastal Inns Hotels and Motels\" \/>\n<meta property=\"article:modified_time\" content=\"2018-12-10T19:06:40+00:00\" \/>\n<meta property=\"og:image\" content=\"http:\/\/coastalinns.com\/wordpress\/wp-content\/uploads\/2015\/10\/284206_457769_21_y-300x240.jpg\" \/>\n<meta name=\"twitter:card\" content=\"summary_large_image\" \/>\n<meta name=\"twitter:label1\" content=\"Dur\u00e9e de lecture estim\u00e9e\" \/>\n\t<meta name=\"twitter:data1\" content=\"1 minute\" \/>\n<!-- \/ Yoast SEO plugin. -->","yoast_head_json":{"title":"\u00e0 propos - Coastal Inns Hotels and Motels","robots":{"index":"index","follow":"follow","max-snippet":"max-snippet:-1","max-image-preview":"max-image-preview:large","max-video-preview":"max-video-preview:-1"},"canonical":"https:\/\/coastalinns.com\/fr\/a-propos\/","og_locale":"fr_FR","og_type":"article","og_title":"\u00e0 propos - Coastal Inns Hotels and Motels","og_description":"[vc_row][vc_column][vc_column_text]Coastal Inns est votre cha\u00eene d&#8217;h\u00e9bergement au Canada atlantique. Depuis 1994, Coastal Inns a repr\u00e9sent\u00e9 des h\u00f4tels de qualit\u00e9, des h\u00f4tels ind\u00e9pendants et des motels au Canada atlantique, aux voyageurs. Chaque Coastal Inn offre un lieu de s\u00e9jour confortable, un emplacement pratique et des tarifs avantageux. Notre accueil chaleureux et notre service attentionn\u00e9 refl\u00e8tent la&hellip;","og_url":"https:\/\/coastalinns.com\/fr\/a-propos\/","og_site_name":"Coastal Inns Hotels and Motels","article_modified_time":"2018-12-10T19:06:40+00:00","og_image":[{"url":"http:\/\/coastalinns.com\/wordpress\/wp-content\/uploads\/2015\/10\/284206_457769_21_y-300x240.jpg","type":"","width":"","height":""}],"twitter_card":"summary_large_image","twitter_misc":{"Dur\u00e9e de lecture estim\u00e9e":"1 minute"},"schema":{"@context":"https:\/\/schema.org","@graph":[{"@type":"WebPage","@id":"https:\/\/coastalinns.com\/fr\/a-propos\/","url":"https:\/\/coastalinns.com\/fr\/a-propos\/","name":"\u00e0 propos - Coastal Inns Hotels and Motels","isPartOf":{"@id":"https:\/\/coastalinns.com\/#website"},"primaryImageOfPage":{"@id":"https:\/\/coastalinns.com\/fr\/a-propos\/#primaryimage"},"image":{"@id":"https:\/\/coastalinns.com\/fr\/a-propos\/#primaryimage"},"thumbnailUrl":"http:\/\/coastalinns.com\/wordpress\/wp-content\/uploads\/2015\/10\/284206_457769_21_y-300x240.jpg","datePublished":"2016-10-12T12:12:56+00:00","dateModified":"2018-12-10T19:06:40+00:00","breadcrumb":{"@id":"https:\/\/coastalinns.com\/fr\/a-propos\/#breadcrumb"},"inLanguage":"fr-FR","potentialAction":[{"@type":"ReadAction","target":["https:\/\/coastalinns.com\/fr\/a-propos\/"]}]},{"@type":"ImageObject","inLanguage":"fr-FR","@id":"https:\/\/coastalinns.com\/fr\/a-propos\/#primaryimage","url":"http:\/\/coastalinns.com\/wordpress\/wp-content\/uploads\/2015\/10\/284206_457769_21_y-300x240.jpg","contentUrl":"http:\/\/coastalinns.com\/wordpress\/wp-content\/uploads\/2015\/10\/284206_457769_21_y-300x240.jpg"},{"@type":"BreadcrumbList","@id":"https:\/\/coastalinns.com\/fr\/a-propos\/#breadcrumb","itemListElement":[{"@type":"ListItem","position":1,"name":"Home","item":"https:\/\/coastalinns.com\/fr\/"},{"@type":"ListItem","position":2,"name":"\u00e0 propos"}]},{"@type":"WebSite","@id":"https:\/\/coastalinns.com\/#website","url":"https:\/\/coastalinns.com\/","name":"Coastal Inns Hotels and Motels","description":"Independent, locally owned hotel chain in Atlantic Canada","potentialAction":[{"@type":"SearchAction","target":{"@type":"EntryPoint","urlTemplate":"https:\/\/coastalinns.com\/?s={search_term_string}"},"query-input":{"@type":"PropertyValueSpecification","valueRequired":true,"valueName":"search_term_string"}}],"inLanguage":"fr-FR"}]}},"_links":{"self":[{"href":"https:\/\/coastalinns.com\/fr\/wp-json\/wp\/v2\/pages\/1695","targetHints":{"allow":["GET"]}}],"collection":[{"href":"https:\/\/coastalinns.com\/fr\/wp-json\/wp\/v2\/pages"}],"about":[{"href":"https:\/\/coastalinns.com\/fr\/wp-json\/wp\/v2\/types\/page"}],"author":[{"embeddable":true,"href":"https:\/\/coastalinns.com\/fr\/wp-json\/wp\/v2\/users\/1"}],"replies":[{"embeddable":true,"href":"https:\/\/coastalinns.com\/fr\/wp-json\/wp\/v2\/comments?post=1695"}],"version-history":[{"count":2,"href":"https:\/\/coastalinns.com\/fr\/wp-json\/wp\/v2\/pages\/1695\/revisions"}],"predecessor-version":[{"id":2317,"href":"https:\/\/coastalinns.com\/fr\/wp-json\/wp\/v2\/pages\/1695\/revisions\/2317"}],"wp:attachment":[{"href":"https:\/\/coastalinns.com\/fr\/wp-json\/wp\/v2\/media?parent=1695"}],"curies":[{"name":"wp","href":"https:\/\/api.w.org\/{rel}","templated":true}]}}